{"id":6527,"date":"2021-02-11T00:26:15","date_gmt":"2021-02-10T23:26:15","guid":{"rendered":"https:\/\/nordic-c.com\/schnelle-lieferung-fast-track\/"},"modified":"2021-02-11T00:26:16","modified_gmt":"2021-02-10T23:26:16","slug":"schnelle-lieferung-fast-track","status":"publish","type":"page","link":"https:\/\/nordic-c.com\/de\/schnelle-lieferung-fast-track\/","title":{"rendered":"Schnelle Lieferung \/ FAST TRACK"},"content":{"rendered":"<div class=\"wpb-content-wrapper\"><p>[vc_row full_width=&#8221;stretch_row&#8221;][vc_column]<div class=\"ult-spacer spacer-69e8b0de40bde\" data-id=\"69e8b0de40bde\" data-height=\"90\" data-height-mobile=\"60\" data-height-tab=\"90\" data-height-tab-portrait=\"60\" data-height-mobile-landscape=\"60\" style=\"clear:both;display:block;\"><\/div>[\/vc_column][\/vc_row][vc_row full_width=&#8221;stretch_row&#8221;][vc_column offset=&#8221;vc_col-lg-8 vc_col-md-8 vc_col-xs-12&#8243;][vc_column_text]<\/p>\n<h1>Schnelle Lieferung \/ FAST TRACK<\/h1>\n<p>Wir bei Nordic-C sind uns bewusst, dass f\u00fcr einige unserer Kunden kurzfristig ein optimaler Sitzkomfort wichtig ist. Dieses kann auf einen schlechten R\u00fccken, H\u00fcftverletzungen oder etwas anderes zur\u00fcckzuf\u00fchren sein, welches bedeutet, dass Sie in kurzer Zeit gezwungen sind, M\u00f6bel zu kaufen, bei denen der Sitzkomfort im Vordergrund steht.<br \/>\nSitzkomfort ist unsere DNA und beginnt in unserer Tradition Serie.<br \/>\nBei unserem Schnelle Lieferung \/ FAST TRACK finden Sie den Sor\u00f6 Stuhl, Skandinaviens meistverkauften Seniorenstuhl, der weltweit als Hochsitzstuhl Sor\u00f6 bekannt ist.<br \/>\nMit einem Designsofa k\u00f6nnen Sie Ihr Sofa nach Ihren individuellen W\u00fcnschen gestalten. Wir haben uns jedoch entschieden, ein Modell zu entwerfen, das zu unserem Sortiment an Sor\u00f6 St\u00fchlen passt, und dieses auf unsere Schnelle Lieferung\/ FAST TRACK zu setzen.<br \/>\nDar\u00fcber hinaus haben wir eine Auswahl unserer Sor\u00f6 St\u00fchle mit Aufstehhilfe in den meistverkauften Varianten ausgew\u00e4hlt.<br \/>\nSchnelle Lieferung \/ FAST TRACK ist uns wichtig genau wenn Sie dieses ben\u00f6tigen. Deshalb versenden wir diese Produkte zweimal pro Woche.<\/p>\n<p>Wir bieten weiterhin an, dass Sie Ihre neuen M\u00f6bel so zusammenstellen k\u00f6nnen, dass sie zu Ihnen und Ihrem Zuhause passen, egal ob es sich um M\u00f6beltextil \/ Leder, Sockel, Holzrahmen oder Designsofa handelt, Ihr einzigartiges Design nach Ma\u00df, nur mit einer Lieferung Zeit, die dem Kauf und der Herstellung Ihrer einzigartigen M\u00f6bel entspricht.[\/vc_column_text][vc_empty_space height=&#8221;30px&#8221;][vc_media_grid gap=&#8221;15&#8243; initial_loading_animation=&#8221;none&#8221; grid_id=&#8221;vc_gid:1612524862860-80667eae-b7ac-9&#8243; include=&#8221;1768,1770,1772,1774,1776,1778,1780,1788,6409&#8243;]<div class=\"ult-spacer spacer-69e8b0de40c21\" data-id=\"69e8b0de40c21\" data-height=\"0\" data-height-mobile=\"60\" data-height-tab=\"0\" data-height-tab-portrait=\"60\" data-height-mobile-landscape=\"60\" style=\"clear:both;display:block;\"><\/div>[\/vc_column][vc_column offset=&#8221;vc_col-lg-4 vc_col-md-4 vc_col-xs-12&#8243;][vc_single_image image=&#8221;6441&#8243; img_size=&#8221;large&#8221;][vc_empty_space height=&#8221;20px&#8221;][vc_widget_sidebar sidebar_id=&#8221;sidebar-1&#8243; el_class=&#8221;contact-sidebar&#8221;][\/vc_column][\/vc_row][vc_row full_width=&#8221;stretch_row&#8221;][vc_column]<div class=\"ult-spacer spacer-69e8b0de40c4b\" data-id=\"69e8b0de40c4b\" data-height=\"90\" data-height-mobile=\"60\" data-height-tab=\"90\" data-height-tab-portrait=\"60\" data-height-mobile-landscape=\"60\" style=\"clear:both;display:block;\"><\/div>[\/vc_column][\/vc_row]<\/p>\n<\/div>","protected":false},"excerpt":{"rendered":"<p>[vc_row full_width=&#8221;stretch_row&#8221;][vc_column][\/vc_column][\/vc_row][vc_row full_width=&#8221;stretch_row&#8221;][vc_column offset=&#8221;vc_col-lg-8 vc_col-md-8 vc_col-xs-12&#8243;][vc_column_text] Schnelle Lieferung \/ FAST TRACK Wir bei Nordic-C sind uns bewusst, dass f\u00fcr einige unserer Kunden kurzfristig ein optimaler Sitzkomfort wichtig ist. Dieses kann auf einen schlechten R\u00fccken, H\u00fcftverletzungen oder etwas anderes zur\u00fcckzuf\u00fchren sein, welches bedeutet, dass Sie in kurzer Zeit gezwungen sind, M\u00f6bel zu kaufen, bei denen der &#8230; <a title=\"Schnelle Lieferung \/ FAST TRACK\" class=\"read-more\" href=\"https:\/\/nordic-c.com\/de\/schnelle-lieferung-fast-track\/\" aria-label=\"Mehr Informationen \u00fcber Schnelle Lieferung \/ FAST TRACK\">Weiterlesen<\/a><\/p>\n","protected":false},"author":1,"featured_media":0,"parent":0,"menu_order":5,"comment_status":"closed","ping_status":"closed","template":"","meta":{"footnotes":""},"categories":[],"class_list":["post-6527","page","type-page","status-publish"],"acf":[],"yoast_head":"<!-- This site is optimized with the Yoast SEO plugin v23.5 - https:\/\/yoast.com\/wordpress\/plugins\/seo\/ -->\n<title>Schnelle Lieferung \/ FAST TRACK - Nordic-C ApS<\/title>\n<meta name=\"robots\" content=\"index, follow, max-snippet:-1, max-image-preview:large, max-video-preview:-1\" \/>\n<link rel=\"canonical\" href=\"https:\/\/nordic-c.com\/de\/schnelle-lieferung-fast-track\/\" \/>\n<meta property=\"og:locale\" content=\"de_DE\" \/>\n<meta property=\"og:type\" content=\"article\" \/>\n<meta property=\"og:title\" content=\"Schnelle Lieferung \/ FAST TRACK - Nordic-C ApS\" \/>\n<meta property=\"og:description\" content=\"[vc_row full_width=&#8221;stretch_row&#8221;][vc_column][\/vc_column][\/vc_row][vc_row full_width=&#8221;stretch_row&#8221;][vc_column offset=&#8221;vc_col-lg-8 vc_col-md-8 vc_col-xs-12&#8243;][vc_column_text] Schnelle Lieferung \/ FAST TRACK Wir bei Nordic-C sind uns bewusst, dass f\u00fcr einige unserer Kunden kurzfristig ein optimaler Sitzkomfort wichtig ist. Dieses kann auf einen schlechten R\u00fccken, H\u00fcftverletzungen oder etwas anderes zur\u00fcckzuf\u00fchren sein, welches bedeutet, dass Sie in kurzer Zeit gezwungen sind, M\u00f6bel zu kaufen, bei denen der ... Weiterlesen\" \/>\n<meta property=\"og:url\" content=\"https:\/\/nordic-c.com\/de\/schnelle-lieferung-fast-track\/\" \/>\n<meta property=\"og:site_name\" content=\"Nordic-C ApS\" \/>\n<meta property=\"article:modified_time\" content=\"2021-02-10T23:26:16+00:00\" \/>\n<meta name=\"twitter:card\" content=\"summary_large_image\" \/>\n<meta name=\"twitter:label1\" content=\"Gesch\u00e4tzte Lesezeit\" \/>\n\t<meta name=\"twitter:data1\" content=\"2\u00a0Minuten\" \/>\n<script type=\"application\/ld+json\" class=\"yoast-schema-graph\">{\"@context\":\"https:\/\/schema.org\",\"@graph\":[{\"@type\":\"WebPage\",\"@id\":\"https:\/\/nordic-c.com\/de\/schnelle-lieferung-fast-track\/\",\"url\":\"https:\/\/nordic-c.com\/de\/schnelle-lieferung-fast-track\/\",\"name\":\"Schnelle Lieferung \/ FAST TRACK - Nordic-C ApS\",\"isPartOf\":{\"@id\":\"https:\/\/nordic-c.com\/de\/#website\"},\"datePublished\":\"2021-02-10T23:26:15+00:00\",\"dateModified\":\"2021-02-10T23:26:16+00:00\",\"breadcrumb\":{\"@id\":\"https:\/\/nordic-c.com\/de\/schnelle-lieferung-fast-track\/#breadcrumb\"},\"inLanguage\":\"de\",\"potentialAction\":[{\"@type\":\"ReadAction\",\"target\":[\"https:\/\/nordic-c.com\/de\/schnelle-lieferung-fast-track\/\"]}]},{\"@type\":\"BreadcrumbList\",\"@id\":\"https:\/\/nordic-c.com\/de\/schnelle-lieferung-fast-track\/#breadcrumb\",\"itemListElement\":[{\"@type\":\"ListItem\",\"position\":1,\"name\":\"Hjem\",\"item\":\"https:\/\/nordic-c.com\/de\/\"},{\"@type\":\"ListItem\",\"position\":2,\"name\":\"Schnelle Lieferung \/ FAST TRACK\"}]},{\"@type\":\"WebSite\",\"@id\":\"https:\/\/nordic-c.com\/de\/#website\",\"url\":\"https:\/\/nordic-c.com\/de\/\",\"name\":\"Nordic-C ApS\",\"description\":\"Designstole, stole, designm\u00f8bler, l\u00e6nestole, dansk design\",\"publisher\":{\"@id\":\"https:\/\/nordic-c.com\/de\/#organization\"},\"potentialAction\":[{\"@type\":\"SearchAction\",\"target\":{\"@type\":\"EntryPoint\",\"urlTemplate\":\"https:\/\/nordic-c.com\/de\/?s={search_term_string}\"},\"query-input\":{\"@type\":\"PropertyValueSpecification\",\"valueRequired\":true,\"valueName\":\"search_term_string\"}}],\"inLanguage\":\"de\"},{\"@type\":\"Organization\",\"@id\":\"https:\/\/nordic-c.com\/de\/#organization\",\"name\":\"Nordic-C ApS\",\"url\":\"https:\/\/nordic-c.com\/de\/\",\"logo\":{\"@type\":\"ImageObject\",\"inLanguage\":\"de\",\"@id\":\"https:\/\/nordic-c.com\/de\/#\/schema\/logo\/image\/\",\"url\":\"https:\/\/nordic-c.com\/wp-content\/uploads\/2020\/06\/nordic-c_logo.svg\",\"contentUrl\":\"https:\/\/nordic-c.com\/wp-content\/uploads\/2020\/06\/nordic-c_logo.svg\",\"width\":426,\"height\":64,\"caption\":\"Nordic-C ApS\"},\"image\":{\"@id\":\"https:\/\/nordic-c.com\/de\/#\/schema\/logo\/image\/\"}}]}<\/script>\n<!-- \/ Yoast SEO plugin. -->","yoast_head_json":{"title":"Schnelle Lieferung \/ FAST TRACK - Nordic-C ApS","robots":{"index":"index","follow":"follow","max-snippet":"max-snippet:-1","max-image-preview":"max-image-preview:large","max-video-preview":"max-video-preview:-1"},"canonical":"https:\/\/nordic-c.com\/de\/schnelle-lieferung-fast-track\/","og_locale":"de_DE","og_type":"article","og_title":"Schnelle Lieferung \/ FAST TRACK - Nordic-C ApS","og_description":"[vc_row full_width=&#8221;stretch_row&#8221;][vc_column][\/vc_column][\/vc_row][vc_row full_width=&#8221;stretch_row&#8221;][vc_column offset=&#8221;vc_col-lg-8 vc_col-md-8 vc_col-xs-12&#8243;][vc_column_text] Schnelle Lieferung \/ FAST TRACK Wir bei Nordic-C sind uns bewusst, dass f\u00fcr einige unserer Kunden kurzfristig ein optimaler Sitzkomfort wichtig ist. Dieses kann auf einen schlechten R\u00fccken, H\u00fcftverletzungen oder etwas anderes zur\u00fcckzuf\u00fchren sein, welches bedeutet, dass Sie in kurzer Zeit gezwungen sind, M\u00f6bel zu kaufen, bei denen der ... Weiterlesen","og_url":"https:\/\/nordic-c.com\/de\/schnelle-lieferung-fast-track\/","og_site_name":"Nordic-C ApS","article_modified_time":"2021-02-10T23:26:16+00:00","twitter_card":"summary_large_image","twitter_misc":{"Gesch\u00e4tzte Lesezeit":"2\u00a0Minuten"},"schema":{"@context":"https:\/\/schema.org","@graph":[{"@type":"WebPage","@id":"https:\/\/nordic-c.com\/de\/schnelle-lieferung-fast-track\/","url":"https:\/\/nordic-c.com\/de\/schnelle-lieferung-fast-track\/","name":"Schnelle Lieferung \/ FAST TRACK - Nordic-C ApS","isPartOf":{"@id":"https:\/\/nordic-c.com\/de\/#website"},"datePublished":"2021-02-10T23:26:15+00:00","dateModified":"2021-02-10T23:26:16+00:00","breadcrumb":{"@id":"https:\/\/nordic-c.com\/de\/schnelle-lieferung-fast-track\/#breadcrumb"},"inLanguage":"de","potentialAction":[{"@type":"ReadAction","target":["https:\/\/nordic-c.com\/de\/schnelle-lieferung-fast-track\/"]}]},{"@type":"BreadcrumbList","@id":"https:\/\/nordic-c.com\/de\/schnelle-lieferung-fast-track\/#breadcrumb","itemListElement":[{"@type":"ListItem","position":1,"name":"Hjem","item":"https:\/\/nordic-c.com\/de\/"},{"@type":"ListItem","position":2,"name":"Schnelle Lieferung \/ FAST TRACK"}]},{"@type":"WebSite","@id":"https:\/\/nordic-c.com\/de\/#website","url":"https:\/\/nordic-c.com\/de\/","name":"Nordic-C ApS","description":"Designstole, stole, designm\u00f8bler, l\u00e6nestole, dansk design","publisher":{"@id":"https:\/\/nordic-c.com\/de\/#organization"},"potentialAction":[{"@type":"SearchAction","target":{"@type":"EntryPoint","urlTemplate":"https:\/\/nordic-c.com\/de\/?s={search_term_string}"},"query-input":{"@type":"PropertyValueSpecification","valueRequired":true,"valueName":"search_term_string"}}],"inLanguage":"de"},{"@type":"Organization","@id":"https:\/\/nordic-c.com\/de\/#organization","name":"Nordic-C ApS","url":"https:\/\/nordic-c.com\/de\/","logo":{"@type":"ImageObject","inLanguage":"de","@id":"https:\/\/nordic-c.com\/de\/#\/schema\/logo\/image\/","url":"https:\/\/nordic-c.com\/wp-content\/uploads\/2020\/06\/nordic-c_logo.svg","contentUrl":"https:\/\/nordic-c.com\/wp-content\/uploads\/2020\/06\/nordic-c_logo.svg","width":426,"height":64,"caption":"Nordic-C ApS"},"image":{"@id":"https:\/\/nordic-c.com\/de\/#\/schema\/logo\/image\/"}}]}},"_links":{"self":[{"href":"https:\/\/nordic-c.com\/de\/wp-json\/wp\/v2\/pages\/6527"}],"collection":[{"href":"https:\/\/nordic-c.com\/de\/wp-json\/wp\/v2\/pages"}],"about":[{"href":"https:\/\/nordic-c.com\/de\/wp-json\/wp\/v2\/types\/page"}],"author":[{"embeddable":true,"href":"https:\/\/nordic-c.com\/de\/wp-json\/wp\/v2\/users\/1"}],"replies":[{"embeddable":true,"href":"https:\/\/nordic-c.com\/de\/wp-json\/wp\/v2\/comments?post=6527"}],"version-history":[{"count":3,"href":"https:\/\/nordic-c.com\/de\/wp-json\/wp\/v2\/pages\/6527\/revisions"}],"predecessor-version":[{"id":6530,"href":"https:\/\/nordic-c.com\/de\/wp-json\/wp\/v2\/pages\/6527\/revisions\/6530"}],"wp:attachment":[{"href":"https:\/\/nordic-c.com\/de\/wp-json\/wp\/v2\/media?parent=6527"}],"wp:term":[{"taxonomy":"category","embeddable":true,"href":"https:\/\/nordic-c.com\/de\/wp-json\/wp\/v2\/categories?post=6527"}],"curies":[{"name":"wp","href":"https:\/\/api.w.org\/{rel}","templated":true}]}}