{"id":6522,"date":"2021-02-11T00:23:47","date_gmt":"2021-02-10T23:23:47","guid":{"rendered":"https:\/\/nordic-c.com\/tradition\/"},"modified":"2021-10-01T12:42:21","modified_gmt":"2021-10-01T10:42:21","slug":"tradition","status":"publish","type":"page","link":"https:\/\/nordic-c.com\/de\/tradition\/","title":{"rendered":"Tradition"},"content":{"rendered":"<div class=\"wpb-content-wrapper\"><p>[vc_row full_width=&#8221;stretch_row&#8221;][vc_column]<div class=\"ult-spacer spacer-69ea49196d8eb\" data-id=\"69ea49196d8eb\" data-height=\"90\" data-height-mobile=\"60\" data-height-tab=\"90\" data-height-tab-portrait=\"60\" data-height-mobile-landscape=\"60\" style=\"clear:both;display:block;\"><\/div>[\/vc_column][\/vc_row][vc_row full_width=&#8221;stretch_row&#8221;][vc_column offset=&#8221;vc_col-lg-8 vc_col-md-8 vc_col-xs-12&#8243;][vc_column_text]<\/p>\n<h1>Tradition<\/h1>\n<p>Tradition sind unsere klassischen nordischen Designst\u00fchle. Die Entwicklung der Produkte in unserer Tradition Serie basiert sich auf den Urspr\u00fcngen des Unternehmens und ist immer mit dem optimalen Sitzkomfort vor Auge seitdem optimient und weiterentwickelt worden. Wir haben daher mehr als 40 Jahre Erfahrung in der entwicklung des optimalen Sitzkomforts.<br \/>\nTradition ist bekannt f\u00fcr optimalen Sitzkomfort und einen leichten nordischen Ausdruck auf dem eleganten Holzrahmen.<br \/>\nWir legen gro\u00dfen Wert darauf, dass die Holzrahmen von hoher Qualit\u00e4t sind und genau das Aussehen gew\u00e4hrleisten, das wir mit unseren St\u00fchlen w\u00fcnschen.<br \/>\nAlle Komponenten in den Traditionsst\u00fchlen stammen von den anerkanntesten Lieferanten in Europa, um \u00fcber viele Jahre eine hohe Qualit\u00e4t zu gew\u00e4hrleisten.<br \/>\nIn dieser Serie finden Sie unsere St\u00fchle auf Massivholzrahmen und Skandinaviens meistverkauften Seniorenstuhl Sor\u00f6. Weltweit Hochsitzstuhl Sor\u00f6 genannt.<\/p>\n<p>Tradition sind klassische Sessel in unserem Design, aber angepasst an Ihren Entscheidungen und W\u00fcnsche. Dieses bedeutet, dass Sie sowohl in der Farbe des Holzrahmens als auch in der M\u00f6beltextil- \/ Lederpolsterung mehrere Optionen haben, ebenso wie Sie verschiedene Anpassungsoptionen und Zubeh\u00f6r ausw\u00e4hlen k\u00f6nnen.<\/p>\n<p>Der Sor\u00f6 Stuhl ist Teil unseres Sortiments f\u00fcr schnelle Lieferung \/ FAST TRACK in den meistverkauften Kombinationen.[\/vc_column_text][vc_empty_space height=&#8221;30px&#8221;]<div class=\"ult-spacer spacer-69ea49196d932\" data-id=\"69ea49196d932\" data-height=\"0\" data-height-mobile=\"60\" data-height-tab=\"0\" data-height-tab-portrait=\"60\" data-height-mobile-landscape=\"60\" style=\"clear:both;display:block;\"><\/div>[vc_media_grid grid_id=&#8221;vc_gid:1633084892785-73792f5a-126c-2&#8243; include=&#8221;6961,6958,6955,6952,6949,6946&#8243;][\/vc_column][vc_column offset=&#8221;vc_col-lg-4 vc_col-md-4 vc_col-xs-12&#8243;][vc_widget_sidebar sidebar_id=&#8221;sidebar-1&#8243; el_class=&#8221;contact-sidebar&#8221;][\/vc_column][\/vc_row][vc_row full_width=&#8221;stretch_row&#8221;][vc_column]<div class=\"ult-spacer spacer-69ea49196d955\" data-id=\"69ea49196d955\" data-height=\"90\" data-height-mobile=\"60\" data-height-tab=\"90\" data-height-tab-portrait=\"60\" data-height-mobile-landscape=\"60\" style=\"clear:both;display:block;\"><\/div>[\/vc_column][\/vc_row]<\/p>\n<\/div>","protected":false},"excerpt":{"rendered":"<p>[vc_row full_width=&#8221;stretch_row&#8221;][vc_column][\/vc_column][\/vc_row][vc_row full_width=&#8221;stretch_row&#8221;][vc_column offset=&#8221;vc_col-lg-8 vc_col-md-8 vc_col-xs-12&#8243;][vc_column_text] Tradition Tradition sind unsere klassischen nordischen Designst\u00fchle. Die Entwicklung der Produkte in unserer Tradition Serie basiert sich auf den Urspr\u00fcngen des Unternehmens und ist immer mit dem optimalen Sitzkomfort vor Auge seitdem optimient und weiterentwickelt worden. Wir haben daher mehr als 40 Jahre Erfahrung in der entwicklung des optimalen &#8230; <a title=\"Tradition\" class=\"read-more\" href=\"https:\/\/nordic-c.com\/de\/tradition\/\" aria-label=\"Mehr Informationen \u00fcber Tradition\">Weiterlesen<\/a><\/p>\n","protected":false},"author":1,"featured_media":0,"parent":0,"menu_order":3,"comment_status":"closed","ping_status":"closed","template":"","meta":{"footnotes":""},"categories":[],"class_list":["post-6522","page","type-page","status-publish"],"acf":[],"yoast_head":"<!-- This site is optimized with the Yoast SEO plugin v23.5 - https:\/\/yoast.com\/wordpress\/plugins\/seo\/ -->\n<title>Tradition - Nordic-C ApS<\/title>\n<meta name=\"robots\" content=\"index, follow, max-snippet:-1, max-image-preview:large, max-video-preview:-1\" \/>\n<link rel=\"canonical\" href=\"https:\/\/nordic-c.com\/de\/tradition\/\" \/>\n<meta property=\"og:locale\" content=\"de_DE\" \/>\n<meta property=\"og:type\" content=\"article\" \/>\n<meta property=\"og:title\" content=\"Tradition - Nordic-C ApS\" \/>\n<meta property=\"og:description\" content=\"[vc_row full_width=&#8221;stretch_row&#8221;][vc_column][\/vc_column][\/vc_row][vc_row full_width=&#8221;stretch_row&#8221;][vc_column offset=&#8221;vc_col-lg-8 vc_col-md-8 vc_col-xs-12&#8243;][vc_column_text] Tradition Tradition sind unsere klassischen nordischen Designst\u00fchle. Die Entwicklung der Produkte in unserer Tradition Serie basiert sich auf den Urspr\u00fcngen des Unternehmens und ist immer mit dem optimalen Sitzkomfort vor Auge seitdem optimient und weiterentwickelt worden. Wir haben daher mehr als 40 Jahre Erfahrung in der entwicklung des optimalen ... Weiterlesen\" \/>\n<meta property=\"og:url\" content=\"https:\/\/nordic-c.com\/de\/tradition\/\" \/>\n<meta property=\"og:site_name\" content=\"Nordic-C ApS\" \/>\n<meta property=\"article:modified_time\" content=\"2021-10-01T10:42:21+00:00\" \/>\n<meta name=\"twitter:card\" content=\"summary_large_image\" \/>\n<meta name=\"twitter:label1\" content=\"Gesch\u00e4tzte Lesezeit\" \/>\n\t<meta name=\"twitter:data1\" content=\"2\u00a0Minuten\" \/>\n<script type=\"application\/ld+json\" class=\"yoast-schema-graph\">{\"@context\":\"https:\/\/schema.org\",\"@graph\":[{\"@type\":\"WebPage\",\"@id\":\"https:\/\/nordic-c.com\/de\/tradition\/\",\"url\":\"https:\/\/nordic-c.com\/de\/tradition\/\",\"name\":\"Tradition - Nordic-C ApS\",\"isPartOf\":{\"@id\":\"https:\/\/nordic-c.com\/de\/#website\"},\"datePublished\":\"2021-02-10T23:23:47+00:00\",\"dateModified\":\"2021-10-01T10:42:21+00:00\",\"breadcrumb\":{\"@id\":\"https:\/\/nordic-c.com\/de\/tradition\/#breadcrumb\"},\"inLanguage\":\"de\",\"potentialAction\":[{\"@type\":\"ReadAction\",\"target\":[\"https:\/\/nordic-c.com\/de\/tradition\/\"]}]},{\"@type\":\"BreadcrumbList\",\"@id\":\"https:\/\/nordic-c.com\/de\/tradition\/#breadcrumb\",\"itemListElement\":[{\"@type\":\"ListItem\",\"position\":1,\"name\":\"Hjem\",\"item\":\"https:\/\/nordic-c.com\/de\/\"},{\"@type\":\"ListItem\",\"position\":2,\"name\":\"Tradition\"}]},{\"@type\":\"WebSite\",\"@id\":\"https:\/\/nordic-c.com\/de\/#website\",\"url\":\"https:\/\/nordic-c.com\/de\/\",\"name\":\"Nordic-C ApS\",\"description\":\"Designstole, stole, designm\u00f8bler, l\u00e6nestole, dansk design\",\"publisher\":{\"@id\":\"https:\/\/nordic-c.com\/de\/#organization\"},\"potentialAction\":[{\"@type\":\"SearchAction\",\"target\":{\"@type\":\"EntryPoint\",\"urlTemplate\":\"https:\/\/nordic-c.com\/de\/?s={search_term_string}\"},\"query-input\":{\"@type\":\"PropertyValueSpecification\",\"valueRequired\":true,\"valueName\":\"search_term_string\"}}],\"inLanguage\":\"de\"},{\"@type\":\"Organization\",\"@id\":\"https:\/\/nordic-c.com\/de\/#organization\",\"name\":\"Nordic-C ApS\",\"url\":\"https:\/\/nordic-c.com\/de\/\",\"logo\":{\"@type\":\"ImageObject\",\"inLanguage\":\"de\",\"@id\":\"https:\/\/nordic-c.com\/de\/#\/schema\/logo\/image\/\",\"url\":\"https:\/\/nordic-c.com\/wp-content\/uploads\/2020\/06\/nordic-c_logo.svg\",\"contentUrl\":\"https:\/\/nordic-c.com\/wp-content\/uploads\/2020\/06\/nordic-c_logo.svg\",\"width\":426,\"height\":64,\"caption\":\"Nordic-C ApS\"},\"image\":{\"@id\":\"https:\/\/nordic-c.com\/de\/#\/schema\/logo\/image\/\"}}]}<\/script>\n<!-- \/ Yoast SEO plugin. -->","yoast_head_json":{"title":"Tradition - Nordic-C ApS","robots":{"index":"index","follow":"follow","max-snippet":"max-snippet:-1","max-image-preview":"max-image-preview:large","max-video-preview":"max-video-preview:-1"},"canonical":"https:\/\/nordic-c.com\/de\/tradition\/","og_locale":"de_DE","og_type":"article","og_title":"Tradition - Nordic-C ApS","og_description":"[vc_row full_width=&#8221;stretch_row&#8221;][vc_column][\/vc_column][\/vc_row][vc_row full_width=&#8221;stretch_row&#8221;][vc_column offset=&#8221;vc_col-lg-8 vc_col-md-8 vc_col-xs-12&#8243;][vc_column_text] Tradition Tradition sind unsere klassischen nordischen Designst\u00fchle. Die Entwicklung der Produkte in unserer Tradition Serie basiert sich auf den Urspr\u00fcngen des Unternehmens und ist immer mit dem optimalen Sitzkomfort vor Auge seitdem optimient und weiterentwickelt worden. Wir haben daher mehr als 40 Jahre Erfahrung in der entwicklung des optimalen ... Weiterlesen","og_url":"https:\/\/nordic-c.com\/de\/tradition\/","og_site_name":"Nordic-C ApS","article_modified_time":"2021-10-01T10:42:21+00:00","twitter_card":"summary_large_image","twitter_misc":{"Gesch\u00e4tzte Lesezeit":"2\u00a0Minuten"},"schema":{"@context":"https:\/\/schema.org","@graph":[{"@type":"WebPage","@id":"https:\/\/nordic-c.com\/de\/tradition\/","url":"https:\/\/nordic-c.com\/de\/tradition\/","name":"Tradition - Nordic-C ApS","isPartOf":{"@id":"https:\/\/nordic-c.com\/de\/#website"},"datePublished":"2021-02-10T23:23:47+00:00","dateModified":"2021-10-01T10:42:21+00:00","breadcrumb":{"@id":"https:\/\/nordic-c.com\/de\/tradition\/#breadcrumb"},"inLanguage":"de","potentialAction":[{"@type":"ReadAction","target":["https:\/\/nordic-c.com\/de\/tradition\/"]}]},{"@type":"BreadcrumbList","@id":"https:\/\/nordic-c.com\/de\/tradition\/#breadcrumb","itemListElement":[{"@type":"ListItem","position":1,"name":"Hjem","item":"https:\/\/nordic-c.com\/de\/"},{"@type":"ListItem","position":2,"name":"Tradition"}]},{"@type":"WebSite","@id":"https:\/\/nordic-c.com\/de\/#website","url":"https:\/\/nordic-c.com\/de\/","name":"Nordic-C ApS","description":"Designstole, stole, designm\u00f8bler, l\u00e6nestole, dansk design","publisher":{"@id":"https:\/\/nordic-c.com\/de\/#organization"},"potentialAction":[{"@type":"SearchAction","target":{"@type":"EntryPoint","urlTemplate":"https:\/\/nordic-c.com\/de\/?s={search_term_string}"},"query-input":{"@type":"PropertyValueSpecification","valueRequired":true,"valueName":"search_term_string"}}],"inLanguage":"de"},{"@type":"Organization","@id":"https:\/\/nordic-c.com\/de\/#organization","name":"Nordic-C ApS","url":"https:\/\/nordic-c.com\/de\/","logo":{"@type":"ImageObject","inLanguage":"de","@id":"https:\/\/nordic-c.com\/de\/#\/schema\/logo\/image\/","url":"https:\/\/nordic-c.com\/wp-content\/uploads\/2020\/06\/nordic-c_logo.svg","contentUrl":"https:\/\/nordic-c.com\/wp-content\/uploads\/2020\/06\/nordic-c_logo.svg","width":426,"height":64,"caption":"Nordic-C ApS"},"image":{"@id":"https:\/\/nordic-c.com\/de\/#\/schema\/logo\/image\/"}}]}},"_links":{"self":[{"href":"https:\/\/nordic-c.com\/de\/wp-json\/wp\/v2\/pages\/6522"}],"collection":[{"href":"https:\/\/nordic-c.com\/de\/wp-json\/wp\/v2\/pages"}],"about":[{"href":"https:\/\/nordic-c.com\/de\/wp-json\/wp\/v2\/types\/page"}],"author":[{"embeddable":true,"href":"https:\/\/nordic-c.com\/de\/wp-json\/wp\/v2\/users\/1"}],"replies":[{"embeddable":true,"href":"https:\/\/nordic-c.com\/de\/wp-json\/wp\/v2\/comments?post=6522"}],"version-history":[{"count":7,"href":"https:\/\/nordic-c.com\/de\/wp-json\/wp\/v2\/pages\/6522\/revisions"}],"predecessor-version":[{"id":6969,"href":"https:\/\/nordic-c.com\/de\/wp-json\/wp\/v2\/pages\/6522\/revisions\/6969"}],"wp:attachment":[{"href":"https:\/\/nordic-c.com\/de\/wp-json\/wp\/v2\/media?parent=6522"}],"wp:term":[{"taxonomy":"category","embeddable":true,"href":"https:\/\/nordic-c.com\/de\/wp-json\/wp\/v2\/categories?post=6522"}],"curies":[{"name":"wp","href":"https:\/\/api.w.org\/{rel}","templated":true}]}}