{"id":6504,"date":"2021-02-10T15:14:42","date_gmt":"2021-02-10T14:14:42","guid":{"rendered":"https:\/\/nordic-c.com\/forside\/"},"modified":"2026-01-06T10:19:14","modified_gmt":"2026-01-06T09:19:14","slug":"forside","status":"publish","type":"page","link":"https:\/\/nordic-c.com\/de\/","title":{"rendered":"Forside"},"content":{"rendered":"<div class=\"wpb-content-wrapper\"><p>[vc_row full_width=&#8221;stretch_row&#8221;][vc_column width=&#8221;1\/12&#8243;][\/vc_column][vc_column width=&#8221;10\/12&#8243;]<div class=\"ult-spacer spacer-6a05beee9a8d3\" data-id=\"6a05beee9a8d3\" data-height=\"90\" data-height-mobile=\"60\" data-height-tab=\"90\" data-height-tab-portrait=\"60\" data-height-mobile-landscape=\"60\" style=\"clear:both;display:block;\"><\/div>[vc_column_text el_class=&#8221;custom&#8221;]<\/p>\n<h6 style=\"text-align: center;\">Velkommen til Nordic-C<\/h6>\n<p>[\/vc_column_text][vc_empty_space height=&#8221;10px&#8221;][vc_column_text]<\/p>\n<p style=\"text-align: center;\">Nordic-C ist ein d\u00e4nischer M\u00f6belhersteller von Qualit\u00e4tsprodukten im d\u00e4nischen Design. Unser Prinzip ist dass Sie eine Auswahl und Ihr eigenes Design f\u00fcr Ihre Qualit\u00e4tsm\u00f6bel verdienen. Bei uns haben wir keine Standardl\u00f6sungen, sondern f\u00fcr Sie die M\u00f6glichkeit Ihre neuen M\u00f6bel f\u00fcr Ihr Zuhause in Ihr eigenes einzigartiges design zusammenzustellen &#8211; egal ob es sich um M\u00f6beltextil \/ Leder, Sockel, Holzrahmen oder um Designsofa handelt.<\/p>\n<p>[\/vc_column_text]<div class=\"ult-spacer spacer-6a05beee9a92d\" data-id=\"6a05beee9a92d\" data-height=\"90\" data-height-mobile=\"60\" data-height-tab=\"90\" data-height-tab-portrait=\"60\" data-height-mobile-landscape=\"60\" style=\"clear:both;display:block;\"><\/div>[\/vc_column][vc_column width=&#8221;1\/12&#8243;][\/vc_column][\/vc_row][vc_row full_width=&#8221;stretch_row_content_no_spaces&#8221; equal_height=&#8221;yes&#8221; css=&#8221;.vc_custom_1592377187650{background-color: #f5f5f5 !important;}&#8221;][vc_column width=&#8221;1\/2&#8243; el_class=&#8221;stretch&#8221;][vc_column_text]<\/p>\n<h2>Designsofa<\/h2>\n<p>Mit einem Designsofa k\u00f6nnen Sie Ihr eigenes einzigartiges Traumsofa in der besten Qualit\u00e4t auf dem Markt zu einem vern\u00fcnftigen Preis entwerfen. Kein anderer Sofalieferant in Europa bietet \u00e4hnliche Optionen und Qualit\u00e4t zum gleichen Preis an.<br \/>\nDesignsofa ist ein Produkt f\u00fcr die Familie, die ein einzigartiges Sofaprodukt sucht, bei dem Sie die M\u00f6glichkeit haben, das Sofa an Ihre W\u00fcnsche anzupassen. Sie haben die M\u00f6glichkeit, Ihr einzigartiges Traumsofa zu kreieren, das f\u00fcr viele Jahre in der Zukunft den Rahmen f\u00fcr die Familie ist.<br \/>\nMit der gro\u00dfen Auswahl an Modulen, Armen, Beinen, M\u00f6beltextilien und Leder k\u00f6nnen Sie ein Sofa nach Ihren Tr\u00e4umen gestalten, das f\u00fcr Sie einzigartig ist.<br \/>\nWir sind stolz darauf, Ihnen Europas gr\u00f6\u00dftes Sofaprogramm anbieten zu k\u00f6nnen. Designsofa &#8211; von Ihnen entworfen.<br \/>\nDesignsofa wird als eigene Marke verkauft. Weitere Informationen finden Sie unter <a href=\"http:\/\/www.designsofa.dk\" target=\"_blank\" rel=\"noopener\">www.designsofa.dk<\/a>[\/vc_column_text][\/vc_column][vc_column width=&#8221;1\/2&#8243; css=&#8221;.vc_custom_1633937571198{background-image: url(https:\/\/nordic-c.com\/wp-content\/uploads\/2021\/10\/IQ_Sofa_Paloma_Noddebrun_Laeder-2-e1633937536494.jpg?id=7181) !important;background-position: center !important;background-repeat: no-repeat !important;background-size: cover !important;}&#8221;]<div class=\"ult-spacer spacer-6a05beee9a952\" data-id=\"6a05beee9a952\" data-height=\"\" data-height-mobile=\"250\" data-height-tab=\"\" data-height-tab-portrait=\"400\" data-height-mobile-landscape=\"300\" style=\"clear:both;display:block;\"><\/div>[\/vc_column][\/vc_row][vc_row full_width=&#8221;stretch_row_content_no_spaces&#8221; equal_height=&#8221;yes&#8221; css=&#8221;.vc_custom_1592377195553{background-color: #f5f5f5 !important;}&#8221;][vc_column width=&#8221;1\/2&#8243; css=&#8221;.vc_custom_1592377813172{background-image: url(https:\/\/nordic-c.com\/wp-content\/uploads\/2020\/06\/slider_wave-cognac.jpg?id=1280) !important;background-position: center !important;background-repeat: no-repeat !important;background-size: cover !important;}&#8221; offset=&#8221;vc_hidden-xs&#8221;]<div class=\"ult-spacer spacer-6a05beee9a978\" data-id=\"6a05beee9a978\" data-height=\"\" data-height-mobile=\"250\" data-height-tab=\"\" data-height-tab-portrait=\"400\" data-height-mobile-landscape=\"300\" style=\"clear:both;display:block;\"><\/div>[\/vc_column][vc_column width=&#8221;1\/2&#8243; el_class=&#8221;stretch&#8221;][vc_column_text]<\/p>\n<h3>Living<\/h3>\n<p>Living ist eine Reihe eleganter und stilvoller Sessel in modernem Design. Ausgangspunkt der Produkte ist das Design des geformten Kaltschaums, der \u00fcber viele Jahre einen optimalen und einzigartigen Sitzkomfort gew\u00e4hrleistet. Der geformte Kaltschaum wird auf ein massives Metallgestell gegossen, wonach der Stuhl zusammengebaut und Ihr gew\u00fcnschtes M\u00f6beltextil und Sockel wird montiert. Im Living Sortiment ist untere anderem unsere bekanntes LUX-Programm und unsere St\u00fchle auf der kompletten nordisch inspirierten Eichenschale.<br \/>\nLiving sind Sessel in unserem Design, aber angepasst an Ihre Entscheidungen und W\u00fcnsche.[\/vc_column_text][\/vc_column][\/vc_row][vc_row full_width=&#8221;stretch_row&#8221; css=&#8221;.vc_custom_1592460757746{background-color: #f5f5f5 !important;}&#8221;][vc_column css=&#8221;.vc_custom_1592460717924{background-image: url(https:\/\/nordic-c.com\/wp-content\/uploads\/2020\/06\/slider_wave-cognac.jpg?id=1280) !important;background-position: center !important;background-repeat: no-repeat !important;background-size: cover !important;}&#8221;]<div class=\"ult-spacer spacer-6a05beee9a9a3\" data-id=\"6a05beee9a9a3\" data-height=\"0\" data-height-mobile=\"250\" data-height-tab=\"0\" data-height-tab-portrait=\"0\" data-height-mobile-landscape=\"300\" style=\"clear:both;display:block;\"><\/div>[\/vc_column][\/vc_row][vc_row full_width=&#8221;stretch_row_content_no_spaces&#8221; equal_height=&#8221;yes&#8221; css=&#8221;.vc_custom_1592377195553{background-color: #f5f5f5 !important;}&#8221;][vc_column width=&#8221;1\/2&#8243; el_class=&#8221;stretch&#8221;][vc_column_text]<\/p>\n<h3>Tradition<\/h3>\n<p>Unsere Geschichte reicht bis ins Jahr 1977 zur\u00fcck, als der Gr\u00fcnder des urspr\u00fcnglichen Unternehmens mit der Entwicklung und dem Verkauf von M\u00f6beln am Standort des Unternehmens in Aars begann.<br \/>\nDas Unternehmen hat im laufe der Zeit Anerkennung als Lieferant von Skandinaviens meistverkauften Seniorenst\u00fchlen und als globaler Lieferant von Hochsitzst\u00fchlen erlangt.<br \/>\nHeute ist das Hauptprodukt von Nordic-C unser Designsofa, f\u00fcr das wir passende St\u00fchle f\u00fcr Ihr einzigartiges Design anbieten.[\/vc_column_text][\/vc_column][vc_column width=&#8221;1\/2&#8243; css=&#8221;.vc_custom_1633085039926{background-image: url(https:\/\/nordic-c.com\/wp-content\/uploads\/2021\/10\/Soro_Plus_Sand.jpg?id=6946) !important;background-position: center !important;background-repeat: no-repeat !important;background-size: cover !important;}&#8221;]<div class=\"ult-spacer spacer-6a05beee9a9c4\" data-id=\"6a05beee9a9c4\" data-height=\"\" data-height-mobile=\"250\" data-height-tab=\"\" data-height-tab-portrait=\"400\" data-height-mobile-landscape=\"300\" style=\"clear:both;display:block;\"><\/div>[\/vc_column][\/vc_row][vc_row full_width=&#8221;stretch_row&#8221;][vc_column width=&#8221;1\/6&#8243;][\/vc_column][vc_column width=&#8221;2\/3&#8243;]<div class=\"ult-spacer spacer-6a05beee9a9f0\" data-id=\"6a05beee9a9f0\" data-height=\"90\" data-height-mobile=\"60\" data-height-tab=\"90\" data-height-tab-portrait=\"60\" data-height-mobile-landscape=\"60\" style=\"clear:both;display:block;\"><\/div>[vc_column_text css=&#8221;&#8221;]<\/p>\n<h3 style=\"text-align: center;\">Kontakt os<\/h3>\n<p style=\"text-align: center;\">Kontaktieren Sie uns telefonisch unter <a href=\"tel:86691855\">+45 8669 1855<\/a> oder schreiben Sie uns per E-Mail <a href=\"mailto:top-line@top-line.dk\">top-line@top-line.dk<\/a>, um mehr \u00fcber unsere Produkte zu erfahren, oder wenden Sie sich an den n\u00e4chstgelegenen H\u00e4ndler.<br \/>\nGerne k\u00f6nnen Sie auch das unten stehende Kontaktformular verwenden. Wir werden uns so schnell wie m\u00f6glich bei Ihnen melden.<\/p>\n<p>[\/vc_column_text][vc_empty_space height=&#8221;30px&#8221;][vc_column_text]<br \/>\n<form id=\"forminator-module-6479\" class=\"forminator-custom-form forminator-custom-form-6479\" method=\"post\" data-forminator-render=\"0\" data-uid=\"6a05beee9aa16\"><div role=\"alert\" aria-live=\"polite\" class=\"forminator-response-message forminator-error\" aria-hidden=\"true\"><\/div><\/form><br \/>\n[\/vc_column_text]<div class=\"ult-spacer spacer-6a05beee9c0b9\" data-id=\"6a05beee9c0b9\" data-height=\"90\" data-height-mobile=\"60\" data-height-tab=\"90\" data-height-tab-portrait=\"60\" data-height-mobile-landscape=\"60\" style=\"clear:both;display:block;\"><\/div>[\/vc_column][vc_column width=&#8221;1\/6&#8243;][\/vc_column][\/vc_row]<\/p>\n<\/div>","protected":false},"excerpt":{"rendered":"<p>[vc_row full_width=&#8221;stretch_row&#8221;][vc_column width=&#8221;1\/12&#8243;][\/vc_column][vc_column width=&#8221;10\/12&#8243;][vc_column_text el_class=&#8221;custom&#8221;] Velkommen til Nordic-C [\/vc_column_text][vc_empty_space height=&#8221;10px&#8221;][vc_column_text] Nordic-C ist ein d\u00e4nischer M\u00f6belhersteller von Qualit\u00e4tsprodukten im d\u00e4nischen Design. Unser Prinzip ist dass Sie eine Auswahl und Ihr eigenes Design f\u00fcr Ihre Qualit\u00e4tsm\u00f6bel verdienen. Bei uns haben wir keine Standardl\u00f6sungen, sondern f\u00fcr Sie die M\u00f6glichkeit Ihre neuen M\u00f6bel f\u00fcr Ihr Zuhause in Ihr eigenes &#8230; <a title=\"Forside\" class=\"read-more\" href=\"https:\/\/nordic-c.com\/de\/\" aria-label=\"Mehr Informationen \u00fcber Forside\">Weiterlesen<\/a><\/p>\n","protected":false},"author":1,"featured_media":0,"parent":0,"menu_order":0,"comment_status":"closed","ping_status":"closed","template":"","meta":{"footnotes":""},"categories":[],"class_list":["post-6504","page","type-page","status-publish"],"acf":[],"yoast_head":"<!-- This site is optimized with the Yoast SEO plugin v23.5 - https:\/\/yoast.com\/wordpress\/plugins\/seo\/ -->\n<title>Nordic-C ApS - Designstole, stole, designm\u00f8bler, l\u00e6nestole, dansk design<\/title>\n<meta name=\"robots\" content=\"index, follow, max-snippet:-1, max-image-preview:large, max-video-preview:-1\" \/>\n<link rel=\"canonical\" href=\"https:\/\/nordic-c.com\/de\/\" \/>\n<meta property=\"og:locale\" content=\"de_DE\" \/>\n<meta property=\"og:type\" content=\"article\" \/>\n<meta property=\"og:title\" content=\"Nordic-C ApS - Designstole, stole, designm\u00f8bler, l\u00e6nestole, dansk design\" \/>\n<meta property=\"og:description\" content=\"[vc_row full_width=&#8221;stretch_row&#8221;][vc_column width=&#8221;1\/12&#8243;][\/vc_column][vc_column width=&#8221;10\/12&#8243;][vc_column_text el_class=&#8221;custom&#8221;] Velkommen til Nordic-C [\/vc_column_text][vc_empty_space height=&#8221;10px&#8221;][vc_column_text] Nordic-C ist ein d\u00e4nischer M\u00f6belhersteller von Qualit\u00e4tsprodukten im d\u00e4nischen Design. Unser Prinzip ist dass Sie eine Auswahl und Ihr eigenes Design f\u00fcr Ihre Qualit\u00e4tsm\u00f6bel verdienen. Bei uns haben wir keine Standardl\u00f6sungen, sondern f\u00fcr Sie die M\u00f6glichkeit Ihre neuen M\u00f6bel f\u00fcr Ihr Zuhause in Ihr eigenes ... Weiterlesen\" \/>\n<meta property=\"og:url\" content=\"https:\/\/nordic-c.com\/de\/\" \/>\n<meta property=\"og:site_name\" content=\"Nordic-C ApS\" \/>\n<meta property=\"article:modified_time\" content=\"2026-01-06T09:19:14+00:00\" \/>\n<meta name=\"twitter:card\" content=\"summary_large_image\" \/>\n<meta name=\"twitter:label1\" content=\"Gesch\u00e4tzte Lesezeit\" \/>\n\t<meta name=\"twitter:data1\" content=\"3\u00a0Minuten\" \/>\n<script type=\"application\/ld+json\" class=\"yoast-schema-graph\">{\"@context\":\"https:\/\/schema.org\",\"@graph\":[{\"@type\":\"WebPage\",\"@id\":\"https:\/\/nordic-c.com\/de\/\",\"url\":\"https:\/\/nordic-c.com\/de\/\",\"name\":\"Nordic-C ApS - Designstole, stole, designm\u00f8bler, l\u00e6nestole, dansk design\",\"isPartOf\":{\"@id\":\"https:\/\/nordic-c.com\/de\/#website\"},\"datePublished\":\"2021-02-10T14:14:42+00:00\",\"dateModified\":\"2026-01-06T09:19:14+00:00\",\"breadcrumb\":{\"@id\":\"https:\/\/nordic-c.com\/de\/#breadcrumb\"},\"inLanguage\":\"de\",\"potentialAction\":[{\"@type\":\"ReadAction\",\"target\":[\"https:\/\/nordic-c.com\/de\/\"]}]},{\"@type\":\"BreadcrumbList\",\"@id\":\"https:\/\/nordic-c.com\/de\/#breadcrumb\",\"itemListElement\":[{\"@type\":\"ListItem\",\"position\":1,\"name\":\"Hjem\",\"item\":\"https:\/\/nordic-c.com\/de\/\"},{\"@type\":\"ListItem\",\"position\":2,\"name\":\"Forside\"}]},{\"@type\":\"WebSite\",\"@id\":\"https:\/\/nordic-c.com\/de\/#website\",\"url\":\"https:\/\/nordic-c.com\/de\/\",\"name\":\"Nordic-C ApS\",\"description\":\"Designstole, stole, designm\u00f8bler, l\u00e6nestole, dansk design\",\"publisher\":{\"@id\":\"https:\/\/nordic-c.com\/de\/#organization\"},\"potentialAction\":[{\"@type\":\"SearchAction\",\"target\":{\"@type\":\"EntryPoint\",\"urlTemplate\":\"https:\/\/nordic-c.com\/de\/?s={search_term_string}\"},\"query-input\":{\"@type\":\"PropertyValueSpecification\",\"valueRequired\":true,\"valueName\":\"search_term_string\"}}],\"inLanguage\":\"de\"},{\"@type\":\"Organization\",\"@id\":\"https:\/\/nordic-c.com\/de\/#organization\",\"name\":\"Nordic-C ApS\",\"url\":\"https:\/\/nordic-c.com\/de\/\",\"logo\":{\"@type\":\"ImageObject\",\"inLanguage\":\"de\",\"@id\":\"https:\/\/nordic-c.com\/de\/#\/schema\/logo\/image\/\",\"url\":\"https:\/\/nordic-c.com\/wp-content\/uploads\/2020\/06\/nordic-c_logo.svg\",\"contentUrl\":\"https:\/\/nordic-c.com\/wp-content\/uploads\/2020\/06\/nordic-c_logo.svg\",\"width\":426,\"height\":64,\"caption\":\"Nordic-C ApS\"},\"image\":{\"@id\":\"https:\/\/nordic-c.com\/de\/#\/schema\/logo\/image\/\"}}]}<\/script>\n<!-- \/ Yoast SEO plugin. -->","yoast_head_json":{"title":"Nordic-C ApS - Designstole, stole, designm\u00f8bler, l\u00e6nestole, dansk design","robots":{"index":"index","follow":"follow","max-snippet":"max-snippet:-1","max-image-preview":"max-image-preview:large","max-video-preview":"max-video-preview:-1"},"canonical":"https:\/\/nordic-c.com\/de\/","og_locale":"de_DE","og_type":"article","og_title":"Nordic-C ApS - Designstole, stole, designm\u00f8bler, l\u00e6nestole, dansk design","og_description":"[vc_row full_width=&#8221;stretch_row&#8221;][vc_column width=&#8221;1\/12&#8243;][\/vc_column][vc_column width=&#8221;10\/12&#8243;][vc_column_text el_class=&#8221;custom&#8221;] Velkommen til Nordic-C [\/vc_column_text][vc_empty_space height=&#8221;10px&#8221;][vc_column_text] Nordic-C ist ein d\u00e4nischer M\u00f6belhersteller von Qualit\u00e4tsprodukten im d\u00e4nischen Design. Unser Prinzip ist dass Sie eine Auswahl und Ihr eigenes Design f\u00fcr Ihre Qualit\u00e4tsm\u00f6bel verdienen. Bei uns haben wir keine Standardl\u00f6sungen, sondern f\u00fcr Sie die M\u00f6glichkeit Ihre neuen M\u00f6bel f\u00fcr Ihr Zuhause in Ihr eigenes ... Weiterlesen","og_url":"https:\/\/nordic-c.com\/de\/","og_site_name":"Nordic-C ApS","article_modified_time":"2026-01-06T09:19:14+00:00","twitter_card":"summary_large_image","twitter_misc":{"Gesch\u00e4tzte Lesezeit":"3\u00a0Minuten"},"schema":{"@context":"https:\/\/schema.org","@graph":[{"@type":"WebPage","@id":"https:\/\/nordic-c.com\/de\/","url":"https:\/\/nordic-c.com\/de\/","name":"Nordic-C ApS - Designstole, stole, designm\u00f8bler, l\u00e6nestole, dansk design","isPartOf":{"@id":"https:\/\/nordic-c.com\/de\/#website"},"datePublished":"2021-02-10T14:14:42+00:00","dateModified":"2026-01-06T09:19:14+00:00","breadcrumb":{"@id":"https:\/\/nordic-c.com\/de\/#breadcrumb"},"inLanguage":"de","potentialAction":[{"@type":"ReadAction","target":["https:\/\/nordic-c.com\/de\/"]}]},{"@type":"BreadcrumbList","@id":"https:\/\/nordic-c.com\/de\/#breadcrumb","itemListElement":[{"@type":"ListItem","position":1,"name":"Hjem","item":"https:\/\/nordic-c.com\/de\/"},{"@type":"ListItem","position":2,"name":"Forside"}]},{"@type":"WebSite","@id":"https:\/\/nordic-c.com\/de\/#website","url":"https:\/\/nordic-c.com\/de\/","name":"Nordic-C ApS","description":"Designstole, stole, designm\u00f8bler, l\u00e6nestole, dansk design","publisher":{"@id":"https:\/\/nordic-c.com\/de\/#organization"},"potentialAction":[{"@type":"SearchAction","target":{"@type":"EntryPoint","urlTemplate":"https:\/\/nordic-c.com\/de\/?s={search_term_string}"},"query-input":{"@type":"PropertyValueSpecification","valueRequired":true,"valueName":"search_term_string"}}],"inLanguage":"de"},{"@type":"Organization","@id":"https:\/\/nordic-c.com\/de\/#organization","name":"Nordic-C ApS","url":"https:\/\/nordic-c.com\/de\/","logo":{"@type":"ImageObject","inLanguage":"de","@id":"https:\/\/nordic-c.com\/de\/#\/schema\/logo\/image\/","url":"https:\/\/nordic-c.com\/wp-content\/uploads\/2020\/06\/nordic-c_logo.svg","contentUrl":"https:\/\/nordic-c.com\/wp-content\/uploads\/2020\/06\/nordic-c_logo.svg","width":426,"height":64,"caption":"Nordic-C ApS"},"image":{"@id":"https:\/\/nordic-c.com\/de\/#\/schema\/logo\/image\/"}}]}},"_links":{"self":[{"href":"https:\/\/nordic-c.com\/de\/wp-json\/wp\/v2\/pages\/6504"}],"collection":[{"href":"https:\/\/nordic-c.com\/de\/wp-json\/wp\/v2\/pages"}],"about":[{"href":"https:\/\/nordic-c.com\/de\/wp-json\/wp\/v2\/types\/page"}],"author":[{"embeddable":true,"href":"https:\/\/nordic-c.com\/de\/wp-json\/wp\/v2\/users\/1"}],"replies":[{"embeddable":true,"href":"https:\/\/nordic-c.com\/de\/wp-json\/wp\/v2\/comments?post=6504"}],"version-history":[{"count":15,"href":"https:\/\/nordic-c.com\/de\/wp-json\/wp\/v2\/pages\/6504\/revisions"}],"predecessor-version":[{"id":9779,"href":"https:\/\/nordic-c.com\/de\/wp-json\/wp\/v2\/pages\/6504\/revisions\/9779"}],"wp:attachment":[{"href":"https:\/\/nordic-c.com\/de\/wp-json\/wp\/v2\/media?parent=6504"}],"wp:term":[{"taxonomy":"category","embeddable":true,"href":"https:\/\/nordic-c.com\/de\/wp-json\/wp\/v2\/categories?post=6504"}],"curies":[{"name":"wp","href":"https:\/\/api.w.org\/{rel}","templated":true}]}}