{"id":6483,"date":"2021-02-08T21:40:32","date_gmt":"2021-02-08T20:40:32","guid":{"rendered":"https:\/\/nordic-c.com\/andere-produkte\/"},"modified":"2021-02-08T21:40:33","modified_gmt":"2021-02-08T20:40:33","slug":"andere-produkte","status":"publish","type":"page","link":"https:\/\/nordic-c.com\/de\/andere-produkte\/","title":{"rendered":"Andere Produkte"},"content":{"rendered":"<div class=\"wpb-content-wrapper\"><p>[vc_row full_width=&#8221;stretch_row&#8221;][vc_column]<div class=\"ult-spacer spacer-69d06866bed56\" data-id=\"69d06866bed56\" data-height=\"90\" data-height-mobile=\"60\" data-height-tab=\"90\" data-height-tab-portrait=\"60\" data-height-mobile-landscape=\"60\" style=\"clear:both;display:block;\"><\/div>[\/vc_column][\/vc_row][vc_row full_width=&#8221;stretch_row&#8221;][vc_column offset=&#8221;vc_col-lg-8 vc_col-md-8 vc_col-xs-12&#8243;][vc_column_text]<\/p>\n<h1>Andere Produkte<\/h1>\n<p><strong>Classic<\/strong><br \/>\nClassic ist eine Serie klassischer Sessel in hoher Qualit\u00e4t.<br \/>\nClassic St\u00fchle unterscheiden sich von Living St\u00fchle dadurch, dass sie von geschnittenem Polyetherschaum aufgebaut ist. Ansonsten bieten wir Ihnenmit Classic die gleichen Optionen wie bei Living an, bei denen Sie Ihren eigenen Bezug und die Basis ausw\u00e4hlen k\u00f6nnen, die am besten zu Ihrer Umgebung passen.<br \/>\nClassic sind St\u00fchle, die in Europa hergestellt werden und daher den EU-Standards entsprechen. Gleichzeitig stellen wir sicher, dass wir Ihnen Ihre eigene Auswahl mit einer kurzen Lieferzeit anbieten k\u00f6nnen.<\/p>\n<p>Das Classic-Sortiment umfasst mehrere unserer meistverkauften St\u00fchle aller Zeiten, die in Europa immer noch vielfach verkauft werden.<\/p>\n<p>Classic sind Sessel in unserem Design, die jedoch an Ihre Auswahl und W\u00fcnsche angepasst sind, von M\u00f6beltextil- \/ Lederbezug und -farbe bis hin zu Sockel und H\u00f6he.<\/p>\n<p><a href=\"https:\/\/nordic-c.com\/da\/classic-stole\/\">Siehe Classic-Sortiment hier.<\/a>[\/vc_column_text]<div class=\"ult-spacer spacer-69d06866beda1\" data-id=\"69d06866beda1\" data-height=\"0\" data-height-mobile=\"60\" data-height-tab=\"0\" data-height-tab-portrait=\"60\" data-height-mobile-landscape=\"60\" style=\"clear:both;display:block;\"><\/div>[\/vc_column][vc_column offset=&#8221;vc_col-lg-4 vc_col-md-4 vc_col-xs-12&#8243;][vc_widget_sidebar sidebar_id=&#8221;sidebar-1&#8243; el_class=&#8221;contact-sidebar&#8221;][\/vc_column][\/vc_row][vc_row full_width=&#8221;stretch_row&#8221;][vc_column]<div class=\"ult-spacer spacer-69d06866bedcc\" data-id=\"69d06866bedcc\" data-height=\"90\" data-height-mobile=\"60\" data-height-tab=\"90\" data-height-tab-portrait=\"60\" data-height-mobile-landscape=\"60\" style=\"clear:both;display:block;\"><\/div>[\/vc_column][\/vc_row]<\/p>\n<\/div>","protected":false},"excerpt":{"rendered":"<p>[vc_row full_width=&#8221;stretch_row&#8221;][vc_column][\/vc_column][\/vc_row][vc_row full_width=&#8221;stretch_row&#8221;][vc_column offset=&#8221;vc_col-lg-8 vc_col-md-8 vc_col-xs-12&#8243;][vc_column_text] Andere Produkte Classic Classic ist eine Serie klassischer Sessel in hoher Qualit\u00e4t. Classic St\u00fchle unterscheiden sich von Living St\u00fchle dadurch, dass sie von geschnittenem Polyetherschaum aufgebaut ist. Ansonsten bieten wir Ihnenmit Classic die gleichen Optionen wie bei Living an, bei denen Sie Ihren eigenen Bezug und die Basis ausw\u00e4hlen &#8230; <a title=\"Andere Produkte\" class=\"read-more\" href=\"https:\/\/nordic-c.com\/de\/andere-produkte\/\" aria-label=\"Mehr Informationen \u00fcber Andere Produkte\">Weiterlesen<\/a><\/p>\n","protected":false},"author":1,"featured_media":0,"parent":0,"menu_order":4,"comment_status":"closed","ping_status":"closed","template":"","meta":{"footnotes":""},"categories":[],"class_list":["post-6483","page","type-page","status-publish"],"acf":[],"yoast_head":"<!-- This site is optimized with the Yoast SEO plugin v23.5 - https:\/\/yoast.com\/wordpress\/plugins\/seo\/ -->\n<title>Andere Produkte - Nordic-C ApS<\/title>\n<meta name=\"robots\" content=\"index, follow, max-snippet:-1, max-image-preview:large, max-video-preview:-1\" \/>\n<link rel=\"canonical\" href=\"https:\/\/nordic-c.com\/de\/andere-produkte\/\" \/>\n<meta property=\"og:locale\" content=\"de_DE\" \/>\n<meta property=\"og:type\" content=\"article\" \/>\n<meta property=\"og:title\" content=\"Andere Produkte - Nordic-C ApS\" \/>\n<meta property=\"og:description\" content=\"[vc_row full_width=&#8221;stretch_row&#8221;][vc_column][\/vc_column][\/vc_row][vc_row full_width=&#8221;stretch_row&#8221;][vc_column offset=&#8221;vc_col-lg-8 vc_col-md-8 vc_col-xs-12&#8243;][vc_column_text] Andere Produkte Classic Classic ist eine Serie klassischer Sessel in hoher Qualit\u00e4t. Classic St\u00fchle unterscheiden sich von Living St\u00fchle dadurch, dass sie von geschnittenem Polyetherschaum aufgebaut ist. Ansonsten bieten wir Ihnenmit Classic die gleichen Optionen wie bei Living an, bei denen Sie Ihren eigenen Bezug und die Basis ausw\u00e4hlen ... Weiterlesen\" \/>\n<meta property=\"og:url\" content=\"https:\/\/nordic-c.com\/de\/andere-produkte\/\" \/>\n<meta property=\"og:site_name\" content=\"Nordic-C ApS\" \/>\n<meta property=\"article:modified_time\" content=\"2021-02-08T20:40:33+00:00\" \/>\n<meta name=\"twitter:card\" content=\"summary_large_image\" \/>\n<meta name=\"twitter:label1\" content=\"Gesch\u00e4tzte Lesezeit\" \/>\n\t<meta name=\"twitter:data1\" content=\"1\u00a0Minute\" \/>\n<script type=\"application\/ld+json\" class=\"yoast-schema-graph\">{\"@context\":\"https:\/\/schema.org\",\"@graph\":[{\"@type\":\"WebPage\",\"@id\":\"https:\/\/nordic-c.com\/de\/andere-produkte\/\",\"url\":\"https:\/\/nordic-c.com\/de\/andere-produkte\/\",\"name\":\"Andere Produkte - Nordic-C ApS\",\"isPartOf\":{\"@id\":\"https:\/\/nordic-c.com\/de\/#website\"},\"datePublished\":\"2021-02-08T20:40:32+00:00\",\"dateModified\":\"2021-02-08T20:40:33+00:00\",\"breadcrumb\":{\"@id\":\"https:\/\/nordic-c.com\/de\/andere-produkte\/#breadcrumb\"},\"inLanguage\":\"de\",\"potentialAction\":[{\"@type\":\"ReadAction\",\"target\":[\"https:\/\/nordic-c.com\/de\/andere-produkte\/\"]}]},{\"@type\":\"BreadcrumbList\",\"@id\":\"https:\/\/nordic-c.com\/de\/andere-produkte\/#breadcrumb\",\"itemListElement\":[{\"@type\":\"ListItem\",\"position\":1,\"name\":\"Hjem\",\"item\":\"https:\/\/nordic-c.com\/de\/\"},{\"@type\":\"ListItem\",\"position\":2,\"name\":\"Andere Produkte\"}]},{\"@type\":\"WebSite\",\"@id\":\"https:\/\/nordic-c.com\/de\/#website\",\"url\":\"https:\/\/nordic-c.com\/de\/\",\"name\":\"Nordic-C ApS\",\"description\":\"Designstole, stole, designm\u00f8bler, l\u00e6nestole, dansk design\",\"publisher\":{\"@id\":\"https:\/\/nordic-c.com\/de\/#organization\"},\"potentialAction\":[{\"@type\":\"SearchAction\",\"target\":{\"@type\":\"EntryPoint\",\"urlTemplate\":\"https:\/\/nordic-c.com\/de\/?s={search_term_string}\"},\"query-input\":{\"@type\":\"PropertyValueSpecification\",\"valueRequired\":true,\"valueName\":\"search_term_string\"}}],\"inLanguage\":\"de\"},{\"@type\":\"Organization\",\"@id\":\"https:\/\/nordic-c.com\/de\/#organization\",\"name\":\"Nordic-C ApS\",\"url\":\"https:\/\/nordic-c.com\/de\/\",\"logo\":{\"@type\":\"ImageObject\",\"inLanguage\":\"de\",\"@id\":\"https:\/\/nordic-c.com\/de\/#\/schema\/logo\/image\/\",\"url\":\"https:\/\/nordic-c.com\/wp-content\/uploads\/2020\/06\/nordic-c_logo.svg\",\"contentUrl\":\"https:\/\/nordic-c.com\/wp-content\/uploads\/2020\/06\/nordic-c_logo.svg\",\"width\":426,\"height\":64,\"caption\":\"Nordic-C ApS\"},\"image\":{\"@id\":\"https:\/\/nordic-c.com\/de\/#\/schema\/logo\/image\/\"}}]}<\/script>\n<!-- \/ Yoast SEO plugin. -->","yoast_head_json":{"title":"Andere Produkte - Nordic-C ApS","robots":{"index":"index","follow":"follow","max-snippet":"max-snippet:-1","max-image-preview":"max-image-preview:large","max-video-preview":"max-video-preview:-1"},"canonical":"https:\/\/nordic-c.com\/de\/andere-produkte\/","og_locale":"de_DE","og_type":"article","og_title":"Andere Produkte - Nordic-C ApS","og_description":"[vc_row full_width=&#8221;stretch_row&#8221;][vc_column][\/vc_column][\/vc_row][vc_row full_width=&#8221;stretch_row&#8221;][vc_column offset=&#8221;vc_col-lg-8 vc_col-md-8 vc_col-xs-12&#8243;][vc_column_text] Andere Produkte Classic Classic ist eine Serie klassischer Sessel in hoher Qualit\u00e4t. Classic St\u00fchle unterscheiden sich von Living St\u00fchle dadurch, dass sie von geschnittenem Polyetherschaum aufgebaut ist. Ansonsten bieten wir Ihnenmit Classic die gleichen Optionen wie bei Living an, bei denen Sie Ihren eigenen Bezug und die Basis ausw\u00e4hlen ... Weiterlesen","og_url":"https:\/\/nordic-c.com\/de\/andere-produkte\/","og_site_name":"Nordic-C ApS","article_modified_time":"2021-02-08T20:40:33+00:00","twitter_card":"summary_large_image","twitter_misc":{"Gesch\u00e4tzte Lesezeit":"1\u00a0Minute"},"schema":{"@context":"https:\/\/schema.org","@graph":[{"@type":"WebPage","@id":"https:\/\/nordic-c.com\/de\/andere-produkte\/","url":"https:\/\/nordic-c.com\/de\/andere-produkte\/","name":"Andere Produkte - Nordic-C ApS","isPartOf":{"@id":"https:\/\/nordic-c.com\/de\/#website"},"datePublished":"2021-02-08T20:40:32+00:00","dateModified":"2021-02-08T20:40:33+00:00","breadcrumb":{"@id":"https:\/\/nordic-c.com\/de\/andere-produkte\/#breadcrumb"},"inLanguage":"de","potentialAction":[{"@type":"ReadAction","target":["https:\/\/nordic-c.com\/de\/andere-produkte\/"]}]},{"@type":"BreadcrumbList","@id":"https:\/\/nordic-c.com\/de\/andere-produkte\/#breadcrumb","itemListElement":[{"@type":"ListItem","position":1,"name":"Hjem","item":"https:\/\/nordic-c.com\/de\/"},{"@type":"ListItem","position":2,"name":"Andere Produkte"}]},{"@type":"WebSite","@id":"https:\/\/nordic-c.com\/de\/#website","url":"https:\/\/nordic-c.com\/de\/","name":"Nordic-C ApS","description":"Designstole, stole, designm\u00f8bler, l\u00e6nestole, dansk design","publisher":{"@id":"https:\/\/nordic-c.com\/de\/#organization"},"potentialAction":[{"@type":"SearchAction","target":{"@type":"EntryPoint","urlTemplate":"https:\/\/nordic-c.com\/de\/?s={search_term_string}"},"query-input":{"@type":"PropertyValueSpecification","valueRequired":true,"valueName":"search_term_string"}}],"inLanguage":"de"},{"@type":"Organization","@id":"https:\/\/nordic-c.com\/de\/#organization","name":"Nordic-C ApS","url":"https:\/\/nordic-c.com\/de\/","logo":{"@type":"ImageObject","inLanguage":"de","@id":"https:\/\/nordic-c.com\/de\/#\/schema\/logo\/image\/","url":"https:\/\/nordic-c.com\/wp-content\/uploads\/2020\/06\/nordic-c_logo.svg","contentUrl":"https:\/\/nordic-c.com\/wp-content\/uploads\/2020\/06\/nordic-c_logo.svg","width":426,"height":64,"caption":"Nordic-C ApS"},"image":{"@id":"https:\/\/nordic-c.com\/de\/#\/schema\/logo\/image\/"}}]}},"_links":{"self":[{"href":"https:\/\/nordic-c.com\/de\/wp-json\/wp\/v2\/pages\/6483"}],"collection":[{"href":"https:\/\/nordic-c.com\/de\/wp-json\/wp\/v2\/pages"}],"about":[{"href":"https:\/\/nordic-c.com\/de\/wp-json\/wp\/v2\/types\/page"}],"author":[{"embeddable":true,"href":"https:\/\/nordic-c.com\/de\/wp-json\/wp\/v2\/users\/1"}],"replies":[{"embeddable":true,"href":"https:\/\/nordic-c.com\/de\/wp-json\/wp\/v2\/comments?post=6483"}],"version-history":[{"count":2,"href":"https:\/\/nordic-c.com\/de\/wp-json\/wp\/v2\/pages\/6483\/revisions"}],"predecessor-version":[{"id":6485,"href":"https:\/\/nordic-c.com\/de\/wp-json\/wp\/v2\/pages\/6483\/revisions\/6485"}],"wp:attachment":[{"href":"https:\/\/nordic-c.com\/de\/wp-json\/wp\/v2\/media?parent=6483"}],"wp:term":[{"taxonomy":"category","embeddable":true,"href":"https:\/\/nordic-c.com\/de\/wp-json\/wp\/v2\/categories?post=6483"}],"curies":[{"name":"wp","href":"https:\/\/api.w.org\/{rel}","templated":true}]}}