{"id":6480,"date":"2021-02-08T21:31:25","date_gmt":"2021-02-08T20:31:25","guid":{"rendered":"https:\/\/nordic-c.com\/uber-uns-kontakt\/"},"modified":"2026-01-06T10:21:38","modified_gmt":"2026-01-06T09:21:38","slug":"uber-uns-kontakt","status":"publish","type":"page","link":"https:\/\/nordic-c.com\/de\/uber-uns-kontakt\/","title":{"rendered":"\u00dcber uns\/Kontakt"},"content":{"rendered":"<div class=\"wpb-content-wrapper\"><p>[vc_row full_width=&#8221;stretch_row&#8221;][vc_column]<div class=\"ult-spacer spacer-69d068574b9d1\" data-id=\"69d068574b9d1\" data-height=\"90\" data-height-mobile=\"60\" data-height-tab=\"90\" data-height-tab-portrait=\"60\" data-height-mobile-landscape=\"60\" style=\"clear:both;display:block;\"><\/div>[\/vc_column][\/vc_row][vc_row full_width=&#8221;stretch_row&#8221;][vc_column width=&#8221;1\/2&#8243; offset=&#8221;vc_col-xs-12&#8243;][vc_row_inner css=&#8221;.vc_custom_1580199704599{margin-right: 0px !important;margin-left: 0px !important;}&#8221;][vc_column_inner css=&#8221;.vc_custom_1580199716916{padding-top: 20px !important;padding-right: 20px !important;padding-bottom: 20px !important;padding-left: 20px !important;background-color: #f7f7f7 !important;}&#8221;][vc_column_text]<\/p>\n<h1>\u00dcber uns<\/h1>\n<p>Nordic-C ist ein d\u00e4nischer M\u00f6belhersteller von Qualit\u00e4tsprodukten im d\u00e4nischen Design. Unser Prinzip ist dass Sie eine Auswahl und Ihr eigenes Design f\u00fcr Ihre Qualit\u00e4tsm\u00f6bel verdienen. Bei uns haben wir keine Standardl\u00f6sungen, sondern f\u00fcr Sie die M\u00f6glichkeit Ihre neuen M\u00f6bel f\u00fcr Ihr Zuhause in Ihr eigenes einzigartiges design zusammenzustellen &#8211; egal ob es sich um M\u00f6beltextil \/ Leder, Sockel, Holzrahmen oder um Designsofa handelt.<\/p>\n<p>Unsere Geschichte reicht bis ins Jahr 1977 zur\u00fcck, als der Gr\u00fcnder des urspr\u00fcnglichen Unternehmens mit der Entwicklung und dem Verkauf von M\u00f6beln am Standort des Unternehmens in Aars begann.<br \/>\nDas Unternehmen hat im laufe der Zeit Anerkennung als Lieferant von Skandinaviens meistverkauften Seniorenst\u00fchlen und als globaler Lieferant von Hochsitzst\u00fchlen erlangt.<br \/>\nHeute ist das Hauptprodukt von Nordic-C unser Designsofa, f\u00fcr das wir passende St\u00fchle f\u00fcr Ihr einzigartiges Design anbieten.<\/p>\n<p>Das Unternehmen hatimmernoch seinen Sitz in Aars und unsere Produkte werden in der EU herstellt, wodurch wir die hohe Qualit\u00e4t, die Einhaltung der EU-Standards sowie die minimalen Umweltauswirkungen bei Produktion und Transport sicherstellen k\u00f6nnen.<\/p>\n<p>Neben unseren eigenen Produkten funktionier Nordic-C f\u00fcr eine Reihe unserer Partner als Vertriebsgesellschaft in der nordischen Region.[\/vc_column_text][\/vc_column_inner][\/vc_row_inner]<div class=\"ult-spacer spacer-69d068574ba12\" data-id=\"69d068574ba12\" data-height=\"\" data-height-mobile=\"30\" data-height-tab=\"\" data-height-tab-portrait=\"30\" data-height-mobile-landscape=\"30\" style=\"clear:both;display:block;\"><\/div>[\/vc_column][vc_column width=&#8221;1\/2&#8243; offset=&#8221;vc_col-xs-12&#8243;][vc_column_text css=&#8221;&#8221;]<\/p>\n<h2 style=\"text-align: left;\">Kontakt<\/h2>\n<p>Kontaktieren Sie uns telefonisch unter <a href=\"tel:86691855\">+45 8669 1855<\/a> oder schreiben Sie uns per E-Mail <a href=\"mailto:top-line@top-line.dk\">top-line@top-line.dk<\/a>, um mehr \u00fcber unsere Produkte zu erfahren, oder wenden Sie sich an den n\u00e4chstgelegenen H\u00e4ndler.<br \/>\nGerne k\u00f6nnen Sie auch das unten stehende Kontaktformular verwenden. Wir werden uns so schnell wie m\u00f6glich bei Ihnen melden.[\/vc_column_text][vc_empty_space height=&#8221;15px&#8221;][vc_raw_html]W2Zvcm1pbmF0b3JfZm9ybSBpZD0iNjQ3OSJd[\/vc_raw_html][\/vc_column][\/vc_row][vc_row full_width=&#8221;stretch_row_content_no_spaces&#8221;][vc_column]<div class=\"ult-spacer spacer-69d068574ba45\" data-id=\"69d068574ba45\" data-height=\"90\" data-height-mobile=\"30\" data-height-tab=\"90\" data-height-tab-portrait=\"60\" data-height-mobile-landscape=\"30\" style=\"clear:both;display:block;\"><\/div>[vc_gmaps link=&#8221;#E-8_JTNDaWZyYW1lJTIwc3JjJTNEJTIyaHR0cHMlM0ElMkYlMkZ3d3cuZ29vZ2xlLmNvbSUyRm1hcHMlMkZlbWJlZCUzRnBiJTNEJTIxMW0xNCUyMTFtOCUyMTFtMyUyMTFkMTkzMDQ2LjcyMzgxMDA2NjkzJTIxMmQ5LjQwNjY4NjIyMzc2Nzc1OSUyMTNkNTYuODQ1MDY3MDc4NTE0NzMlMjEzbTIlMjExaTEwMjQlMjEyaTc2OCUyMTRmMTMuMSUyMTNtMyUyMTFtMiUyMTFzMHg0NjQ5NDQ2YmM3MmFmMTgxJTI1M0EweGY1NGM1MDA1MDMyNDNjNWElMjEyc01hcmtlZHN2ZWolMjUyMDYlMjUyQyUyNTIwOTYwMCUyNTIwQWFycyUyMTVlMCUyMTNtMiUyMTFzZGElMjEyc2RrJTIxNHYxNTkyMzgzMDYwMzY0JTIxNW0yJTIxMXNkYSUyMTJzZGslMjIlMjB3aWR0aCUzRCUyMjYwMCUyMiUyMGhlaWdodCUzRCUyMjQ1MCUyMiUyMGZyYW1lYm9yZGVyJTNEJTIyMCUyMiUyMHN0eWxlJTNEJTIyYm9yZGVyJTNBMCUzQiUyMiUyMGFsbG93ZnVsbHNjcmVlbiUzRCUyMiUyMiUyMGFyaWEtaGlkZGVuJTNEJTIyZmFsc2UlMjIlMjB0YWJpbmRleCUzRCUyMjAlMjIlM0UlM0MlMkZpZnJhbWUlM0U=&#8221; size=&#8221;400px&#8221;][\/vc_column][\/vc_row]<\/p>\n<\/div>","protected":false},"excerpt":{"rendered":"<p>[vc_row full_width=&#8221;stretch_row&#8221;][vc_column][\/vc_column][\/vc_row][vc_row full_width=&#8221;stretch_row&#8221;][vc_column width=&#8221;1\/2&#8243; offset=&#8221;vc_col-xs-12&#8243;][vc_row_inner css=&#8221;.vc_custom_1580199704599{margin-right: 0px !important;margin-left: 0px !important;}&#8221;][vc_column_inner css=&#8221;.vc_custom_1580199716916{padding-top: 20px !important;padding-right: 20px !important;padding-bottom: 20px !important;padding-left: 20px !important;background-color: #f7f7f7 !important;}&#8221;][vc_column_text] \u00dcber uns Nordic-C ist ein d\u00e4nischer M\u00f6belhersteller von Qualit\u00e4tsprodukten im d\u00e4nischen Design. Unser Prinzip ist dass Sie eine Auswahl und Ihr eigenes Design f\u00fcr Ihre Qualit\u00e4tsm\u00f6bel verdienen. Bei uns haben wir keine Standardl\u00f6sungen, sondern &#8230; <a title=\"\u00dcber uns\/Kontakt\" class=\"read-more\" href=\"https:\/\/nordic-c.com\/de\/uber-uns-kontakt\/\" aria-label=\"Mehr Informationen \u00fcber \u00dcber uns\/Kontakt\">Weiterlesen<\/a><\/p>\n","protected":false},"author":1,"featured_media":0,"parent":0,"menu_order":6,"comment_status":"closed","ping_status":"closed","template":"","meta":{"footnotes":""},"categories":[],"class_list":["post-6480","page","type-page","status-publish"],"acf":[],"yoast_head":"<!-- This site is optimized with the Yoast SEO plugin v23.5 - https:\/\/yoast.com\/wordpress\/plugins\/seo\/ -->\n<title>\u00dcber uns\/Kontakt - Nordic-C ApS<\/title>\n<meta name=\"robots\" content=\"index, follow, max-snippet:-1, max-image-preview:large, max-video-preview:-1\" \/>\n<link rel=\"canonical\" href=\"https:\/\/nordic-c.com\/de\/uber-uns-kontakt\/\" \/>\n<meta property=\"og:locale\" content=\"de_DE\" \/>\n<meta property=\"og:type\" content=\"article\" \/>\n<meta property=\"og:title\" content=\"\u00dcber uns\/Kontakt - Nordic-C ApS\" \/>\n<meta property=\"og:description\" content=\"[vc_row full_width=&#8221;stretch_row&#8221;][vc_column][\/vc_column][\/vc_row][vc_row full_width=&#8221;stretch_row&#8221;][vc_column width=&#8221;1\/2&#8243; offset=&#8221;vc_col-xs-12&#8243;][vc_row_inner css=&#8221;.vc_custom_1580199704599{margin-right: 0px !important;margin-left: 0px !important;}&#8221;][vc_column_inner css=&#8221;.vc_custom_1580199716916{padding-top: 20px !important;padding-right: 20px !important;padding-bottom: 20px !important;padding-left: 20px !important;background-color: #f7f7f7 !important;}&#8221;][vc_column_text] \u00dcber uns Nordic-C ist ein d\u00e4nischer M\u00f6belhersteller von Qualit\u00e4tsprodukten im d\u00e4nischen Design. Unser Prinzip ist dass Sie eine Auswahl und Ihr eigenes Design f\u00fcr Ihre Qualit\u00e4tsm\u00f6bel verdienen. Bei uns haben wir keine Standardl\u00f6sungen, sondern ... Weiterlesen\" \/>\n<meta property=\"og:url\" content=\"https:\/\/nordic-c.com\/de\/uber-uns-kontakt\/\" \/>\n<meta property=\"og:site_name\" content=\"Nordic-C ApS\" \/>\n<meta property=\"article:modified_time\" content=\"2026-01-06T09:21:38+00:00\" \/>\n<meta name=\"twitter:card\" content=\"summary_large_image\" \/>\n<meta name=\"twitter:label1\" content=\"Gesch\u00e4tzte Lesezeit\" \/>\n\t<meta name=\"twitter:data1\" content=\"2\u00a0Minuten\" \/>\n<script type=\"application\/ld+json\" class=\"yoast-schema-graph\">{\"@context\":\"https:\/\/schema.org\",\"@graph\":[{\"@type\":\"WebPage\",\"@id\":\"https:\/\/nordic-c.com\/de\/uber-uns-kontakt\/\",\"url\":\"https:\/\/nordic-c.com\/de\/uber-uns-kontakt\/\",\"name\":\"\u00dcber uns\/Kontakt - Nordic-C ApS\",\"isPartOf\":{\"@id\":\"https:\/\/nordic-c.com\/de\/#website\"},\"datePublished\":\"2021-02-08T20:31:25+00:00\",\"dateModified\":\"2026-01-06T09:21:38+00:00\",\"breadcrumb\":{\"@id\":\"https:\/\/nordic-c.com\/de\/uber-uns-kontakt\/#breadcrumb\"},\"inLanguage\":\"de\",\"potentialAction\":[{\"@type\":\"ReadAction\",\"target\":[\"https:\/\/nordic-c.com\/de\/uber-uns-kontakt\/\"]}]},{\"@type\":\"BreadcrumbList\",\"@id\":\"https:\/\/nordic-c.com\/de\/uber-uns-kontakt\/#breadcrumb\",\"itemListElement\":[{\"@type\":\"ListItem\",\"position\":1,\"name\":\"Hjem\",\"item\":\"https:\/\/nordic-c.com\/de\/\"},{\"@type\":\"ListItem\",\"position\":2,\"name\":\"\u00dcber uns\/Kontakt\"}]},{\"@type\":\"WebSite\",\"@id\":\"https:\/\/nordic-c.com\/de\/#website\",\"url\":\"https:\/\/nordic-c.com\/de\/\",\"name\":\"Nordic-C ApS\",\"description\":\"Designstole, stole, designm\u00f8bler, l\u00e6nestole, dansk design\",\"publisher\":{\"@id\":\"https:\/\/nordic-c.com\/de\/#organization\"},\"potentialAction\":[{\"@type\":\"SearchAction\",\"target\":{\"@type\":\"EntryPoint\",\"urlTemplate\":\"https:\/\/nordic-c.com\/de\/?s={search_term_string}\"},\"query-input\":{\"@type\":\"PropertyValueSpecification\",\"valueRequired\":true,\"valueName\":\"search_term_string\"}}],\"inLanguage\":\"de\"},{\"@type\":\"Organization\",\"@id\":\"https:\/\/nordic-c.com\/de\/#organization\",\"name\":\"Nordic-C ApS\",\"url\":\"https:\/\/nordic-c.com\/de\/\",\"logo\":{\"@type\":\"ImageObject\",\"inLanguage\":\"de\",\"@id\":\"https:\/\/nordic-c.com\/de\/#\/schema\/logo\/image\/\",\"url\":\"https:\/\/nordic-c.com\/wp-content\/uploads\/2020\/06\/nordic-c_logo.svg\",\"contentUrl\":\"https:\/\/nordic-c.com\/wp-content\/uploads\/2020\/06\/nordic-c_logo.svg\",\"width\":426,\"height\":64,\"caption\":\"Nordic-C ApS\"},\"image\":{\"@id\":\"https:\/\/nordic-c.com\/de\/#\/schema\/logo\/image\/\"}}]}<\/script>\n<!-- \/ Yoast SEO plugin. -->","yoast_head_json":{"title":"\u00dcber uns\/Kontakt - Nordic-C ApS","robots":{"index":"index","follow":"follow","max-snippet":"max-snippet:-1","max-image-preview":"max-image-preview:large","max-video-preview":"max-video-preview:-1"},"canonical":"https:\/\/nordic-c.com\/de\/uber-uns-kontakt\/","og_locale":"de_DE","og_type":"article","og_title":"\u00dcber uns\/Kontakt - Nordic-C ApS","og_description":"[vc_row full_width=&#8221;stretch_row&#8221;][vc_column][\/vc_column][\/vc_row][vc_row full_width=&#8221;stretch_row&#8221;][vc_column width=&#8221;1\/2&#8243; offset=&#8221;vc_col-xs-12&#8243;][vc_row_inner css=&#8221;.vc_custom_1580199704599{margin-right: 0px !important;margin-left: 0px !important;}&#8221;][vc_column_inner css=&#8221;.vc_custom_1580199716916{padding-top: 20px !important;padding-right: 20px !important;padding-bottom: 20px !important;padding-left: 20px !important;background-color: #f7f7f7 !important;}&#8221;][vc_column_text] \u00dcber uns Nordic-C ist ein d\u00e4nischer M\u00f6belhersteller von Qualit\u00e4tsprodukten im d\u00e4nischen Design. Unser Prinzip ist dass Sie eine Auswahl und Ihr eigenes Design f\u00fcr Ihre Qualit\u00e4tsm\u00f6bel verdienen. Bei uns haben wir keine Standardl\u00f6sungen, sondern ... Weiterlesen","og_url":"https:\/\/nordic-c.com\/de\/uber-uns-kontakt\/","og_site_name":"Nordic-C ApS","article_modified_time":"2026-01-06T09:21:38+00:00","twitter_card":"summary_large_image","twitter_misc":{"Gesch\u00e4tzte Lesezeit":"2\u00a0Minuten"},"schema":{"@context":"https:\/\/schema.org","@graph":[{"@type":"WebPage","@id":"https:\/\/nordic-c.com\/de\/uber-uns-kontakt\/","url":"https:\/\/nordic-c.com\/de\/uber-uns-kontakt\/","name":"\u00dcber uns\/Kontakt - Nordic-C ApS","isPartOf":{"@id":"https:\/\/nordic-c.com\/de\/#website"},"datePublished":"2021-02-08T20:31:25+00:00","dateModified":"2026-01-06T09:21:38+00:00","breadcrumb":{"@id":"https:\/\/nordic-c.com\/de\/uber-uns-kontakt\/#breadcrumb"},"inLanguage":"de","potentialAction":[{"@type":"ReadAction","target":["https:\/\/nordic-c.com\/de\/uber-uns-kontakt\/"]}]},{"@type":"BreadcrumbList","@id":"https:\/\/nordic-c.com\/de\/uber-uns-kontakt\/#breadcrumb","itemListElement":[{"@type":"ListItem","position":1,"name":"Hjem","item":"https:\/\/nordic-c.com\/de\/"},{"@type":"ListItem","position":2,"name":"\u00dcber uns\/Kontakt"}]},{"@type":"WebSite","@id":"https:\/\/nordic-c.com\/de\/#website","url":"https:\/\/nordic-c.com\/de\/","name":"Nordic-C ApS","description":"Designstole, stole, designm\u00f8bler, l\u00e6nestole, dansk design","publisher":{"@id":"https:\/\/nordic-c.com\/de\/#organization"},"potentialAction":[{"@type":"SearchAction","target":{"@type":"EntryPoint","urlTemplate":"https:\/\/nordic-c.com\/de\/?s={search_term_string}"},"query-input":{"@type":"PropertyValueSpecification","valueRequired":true,"valueName":"search_term_string"}}],"inLanguage":"de"},{"@type":"Organization","@id":"https:\/\/nordic-c.com\/de\/#organization","name":"Nordic-C ApS","url":"https:\/\/nordic-c.com\/de\/","logo":{"@type":"ImageObject","inLanguage":"de","@id":"https:\/\/nordic-c.com\/de\/#\/schema\/logo\/image\/","url":"https:\/\/nordic-c.com\/wp-content\/uploads\/2020\/06\/nordic-c_logo.svg","contentUrl":"https:\/\/nordic-c.com\/wp-content\/uploads\/2020\/06\/nordic-c_logo.svg","width":426,"height":64,"caption":"Nordic-C ApS"},"image":{"@id":"https:\/\/nordic-c.com\/de\/#\/schema\/logo\/image\/"}}]}},"_links":{"self":[{"href":"https:\/\/nordic-c.com\/de\/wp-json\/wp\/v2\/pages\/6480"}],"collection":[{"href":"https:\/\/nordic-c.com\/de\/wp-json\/wp\/v2\/pages"}],"about":[{"href":"https:\/\/nordic-c.com\/de\/wp-json\/wp\/v2\/types\/page"}],"author":[{"embeddable":true,"href":"https:\/\/nordic-c.com\/de\/wp-json\/wp\/v2\/users\/1"}],"replies":[{"embeddable":true,"href":"https:\/\/nordic-c.com\/de\/wp-json\/wp\/v2\/comments?post=6480"}],"version-history":[{"count":7,"href":"https:\/\/nordic-c.com\/de\/wp-json\/wp\/v2\/pages\/6480\/revisions"}],"predecessor-version":[{"id":9780,"href":"https:\/\/nordic-c.com\/de\/wp-json\/wp\/v2\/pages\/6480\/revisions\/9780"}],"wp:attachment":[{"href":"https:\/\/nordic-c.com\/de\/wp-json\/wp\/v2\/media?parent=6480"}],"wp:term":[{"taxonomy":"category","embeddable":true,"href":"https:\/\/nordic-c.com\/de\/wp-json\/wp\/v2\/categories?post=6480"}],"curies":[{"name":"wp","href":"https:\/\/api.w.org\/{rel}","templated":true}]}}