{"id":6476,"date":"2021-02-08T21:26:05","date_gmt":"2021-02-08T20:26:05","guid":{"rendered":"https:\/\/nordic-c.com\/qualitaet\/"},"modified":"2021-09-07T15:31:03","modified_gmt":"2021-09-07T13:31:03","slug":"qualitaet","status":"publish","type":"page","link":"https:\/\/nordic-c.com\/de\/designsofa\/qualitaet\/","title":{"rendered":"Qualit\u00e4t"},"content":{"rendered":"<div class=\"wpb-content-wrapper\"><p>[vc_row full_width=&#8221;stretch_row&#8221;][vc_column]<div class=\"ult-spacer spacer-69e1b2c342227\" data-id=\"69e1b2c342227\" data-height=\"90\" data-height-mobile=\"60\" data-height-tab=\"90\" data-height-tab-portrait=\"60\" data-height-mobile-landscape=\"60\" style=\"clear:both;display:block;\"><\/div>[\/vc_column][\/vc_row][vc_row full_width=&#8221;stretch_row&#8221;][vc_column offset=&#8221;vc_col-lg-8 vc_col-md-8 vc_col-xs-12&#8243;][vc_column_text]<\/p>\n<h1>Qualit\u00e4t<\/h1>\n<p>Mit einem designsofa k\u00f6nnen Sie Ihr eigenes einzigartiges Traumsofa in der besten Qualit\u00e4t auf dem Markt zu einem vern\u00fcnftigen Preis entwerfen. Kein anderer Sofalieferant in Europa bietet \u00e4hnliche Optionen und Qualit\u00e4t zum gleichen Preis an.<\/p>\n<p>Designsofa ist ein Produkt f\u00fcr die Familie, die ein einzigartiges Sofaprodukt suchen, bei dem Sie die M\u00f6glichkeit haben, das Sofa an Ihre W\u00fcnsche anzupassen. Sie haben die M\u00f6glichkeit, Ihr einzigartiges Traumsofa zu kreieren, das f\u00fcr viele Jahre in der Zukunft den Rahmen f\u00fcr die Familie ist.<\/p>\n<p>Mit der gro\u00dfen Auswahl an Modulen, Armen, Beinen, M\u00f6beltextilien und Leder k\u00f6nnen Sie ein Sofa nach Ihren Tr\u00e4umen gestalten, das f\u00fcr Sie einzigartig ist.<br \/>\nLesen Sie alles \u00fcber die Qualit\u00e4t des designsofas unter Quality Facts unter <a href=\"http:\/\/www.designsofa.dk\" target=\"_blank\" rel=\"noopener\">www.designsofa.dk<\/a>[\/vc_column_text]<div class=\"ult-spacer spacer-69e1b2c34226b\" data-id=\"69e1b2c34226b\" data-height=\"0\" data-height-mobile=\"60\" data-height-tab=\"0\" data-height-tab-portrait=\"60\" data-height-mobile-landscape=\"60\" style=\"clear:both;display:block;\"><\/div>[\/vc_column][vc_column offset=&#8221;vc_col-lg-4 vc_col-md-4 vc_col-xs-12&#8243;][vc_widget_sidebar sidebar_id=&#8221;sidebar-1&#8243; el_class=&#8221;contact-sidebar&#8221;][\/vc_column][\/vc_row][vc_row full_width=&#8221;stretch_row&#8221;][vc_column]<div class=\"ult-spacer spacer-69e1b2c342291\" data-id=\"69e1b2c342291\" data-height=\"90\" data-height-mobile=\"60\" data-height-tab=\"90\" data-height-tab-portrait=\"60\" data-height-mobile-landscape=\"60\" style=\"clear:both;display:block;\"><\/div>[\/vc_column][\/vc_row]<\/p>\n<\/div>","protected":false},"excerpt":{"rendered":"<p>[vc_row full_width=&#8221;stretch_row&#8221;][vc_column][\/vc_column][\/vc_row][vc_row full_width=&#8221;stretch_row&#8221;][vc_column offset=&#8221;vc_col-lg-8 vc_col-md-8 vc_col-xs-12&#8243;][vc_column_text] Qualit\u00e4t Mit einem designsofa k\u00f6nnen Sie Ihr eigenes einzigartiges Traumsofa in der besten Qualit\u00e4t auf dem Markt zu einem vern\u00fcnftigen Preis entwerfen. Kein anderer Sofalieferant in Europa bietet \u00e4hnliche Optionen und Qualit\u00e4t zum gleichen Preis an. Designsofa ist ein Produkt f\u00fcr die Familie, die ein einzigartiges Sofaprodukt suchen, bei &#8230; <a title=\"Qualit\u00e4t\" class=\"read-more\" href=\"https:\/\/nordic-c.com\/de\/designsofa\/qualitaet\/\" aria-label=\"Mehr Informationen \u00fcber Qualit\u00e4t\">Weiterlesen<\/a><\/p>\n","protected":false},"author":1,"featured_media":0,"parent":6486,"menu_order":7,"comment_status":"closed","ping_status":"closed","template":"","meta":{"footnotes":""},"categories":[],"class_list":["post-6476","page","type-page","status-publish"],"acf":[],"yoast_head":"<!-- This site is optimized with the Yoast SEO plugin v23.5 - https:\/\/yoast.com\/wordpress\/plugins\/seo\/ -->\n<title>Qualit\u00e4t - Nordic-C ApS<\/title>\n<meta name=\"robots\" content=\"index, follow, max-snippet:-1, max-image-preview:large, max-video-preview:-1\" \/>\n<link rel=\"canonical\" href=\"https:\/\/nordic-c.com\/de\/designsofa\/qualitaet\/\" \/>\n<meta property=\"og:locale\" content=\"de_DE\" \/>\n<meta property=\"og:type\" content=\"article\" \/>\n<meta property=\"og:title\" content=\"Qualit\u00e4t - Nordic-C ApS\" \/>\n<meta property=\"og:description\" content=\"[vc_row full_width=&#8221;stretch_row&#8221;][vc_column][\/vc_column][\/vc_row][vc_row full_width=&#8221;stretch_row&#8221;][vc_column offset=&#8221;vc_col-lg-8 vc_col-md-8 vc_col-xs-12&#8243;][vc_column_text] Qualit\u00e4t Mit einem designsofa k\u00f6nnen Sie Ihr eigenes einzigartiges Traumsofa in der besten Qualit\u00e4t auf dem Markt zu einem vern\u00fcnftigen Preis entwerfen. Kein anderer Sofalieferant in Europa bietet \u00e4hnliche Optionen und Qualit\u00e4t zum gleichen Preis an. Designsofa ist ein Produkt f\u00fcr die Familie, die ein einzigartiges Sofaprodukt suchen, bei ... Weiterlesen\" \/>\n<meta property=\"og:url\" content=\"https:\/\/nordic-c.com\/de\/designsofa\/qualitaet\/\" \/>\n<meta property=\"og:site_name\" content=\"Nordic-C ApS\" \/>\n<meta property=\"article:modified_time\" content=\"2021-09-07T13:31:03+00:00\" \/>\n<meta name=\"twitter:card\" content=\"summary_large_image\" \/>\n<meta name=\"twitter:label1\" content=\"Gesch\u00e4tzte Lesezeit\" \/>\n\t<meta name=\"twitter:data1\" content=\"1\u00a0Minute\" \/>\n<script type=\"application\/ld+json\" class=\"yoast-schema-graph\">{\"@context\":\"https:\/\/schema.org\",\"@graph\":[{\"@type\":\"WebPage\",\"@id\":\"https:\/\/nordic-c.com\/de\/designsofa\/qualitaet\/\",\"url\":\"https:\/\/nordic-c.com\/de\/designsofa\/qualitaet\/\",\"name\":\"Qualit\u00e4t - Nordic-C ApS\",\"isPartOf\":{\"@id\":\"https:\/\/nordic-c.com\/de\/#website\"},\"datePublished\":\"2021-02-08T20:26:05+00:00\",\"dateModified\":\"2021-09-07T13:31:03+00:00\",\"breadcrumb\":{\"@id\":\"https:\/\/nordic-c.com\/de\/designsofa\/qualitaet\/#breadcrumb\"},\"inLanguage\":\"de\",\"potentialAction\":[{\"@type\":\"ReadAction\",\"target\":[\"https:\/\/nordic-c.com\/de\/designsofa\/qualitaet\/\"]}]},{\"@type\":\"BreadcrumbList\",\"@id\":\"https:\/\/nordic-c.com\/de\/designsofa\/qualitaet\/#breadcrumb\",\"itemListElement\":[{\"@type\":\"ListItem\",\"position\":1,\"name\":\"Hjem\",\"item\":\"https:\/\/nordic-c.com\/de\/\"},{\"@type\":\"ListItem\",\"position\":2,\"name\":\"Designsofa\",\"item\":\"https:\/\/nordic-c.com\/de\/designsofa\/\"},{\"@type\":\"ListItem\",\"position\":3,\"name\":\"Qualit\u00e4t\"}]},{\"@type\":\"WebSite\",\"@id\":\"https:\/\/nordic-c.com\/de\/#website\",\"url\":\"https:\/\/nordic-c.com\/de\/\",\"name\":\"Nordic-C ApS\",\"description\":\"Designstole, stole, designm\u00f8bler, l\u00e6nestole, dansk design\",\"publisher\":{\"@id\":\"https:\/\/nordic-c.com\/de\/#organization\"},\"potentialAction\":[{\"@type\":\"SearchAction\",\"target\":{\"@type\":\"EntryPoint\",\"urlTemplate\":\"https:\/\/nordic-c.com\/de\/?s={search_term_string}\"},\"query-input\":{\"@type\":\"PropertyValueSpecification\",\"valueRequired\":true,\"valueName\":\"search_term_string\"}}],\"inLanguage\":\"de\"},{\"@type\":\"Organization\",\"@id\":\"https:\/\/nordic-c.com\/de\/#organization\",\"name\":\"Nordic-C ApS\",\"url\":\"https:\/\/nordic-c.com\/de\/\",\"logo\":{\"@type\":\"ImageObject\",\"inLanguage\":\"de\",\"@id\":\"https:\/\/nordic-c.com\/de\/#\/schema\/logo\/image\/\",\"url\":\"https:\/\/nordic-c.com\/wp-content\/uploads\/2020\/06\/nordic-c_logo.svg\",\"contentUrl\":\"https:\/\/nordic-c.com\/wp-content\/uploads\/2020\/06\/nordic-c_logo.svg\",\"width\":426,\"height\":64,\"caption\":\"Nordic-C ApS\"},\"image\":{\"@id\":\"https:\/\/nordic-c.com\/de\/#\/schema\/logo\/image\/\"}}]}<\/script>\n<!-- \/ Yoast SEO plugin. -->","yoast_head_json":{"title":"Qualit\u00e4t - Nordic-C ApS","robots":{"index":"index","follow":"follow","max-snippet":"max-snippet:-1","max-image-preview":"max-image-preview:large","max-video-preview":"max-video-preview:-1"},"canonical":"https:\/\/nordic-c.com\/de\/designsofa\/qualitaet\/","og_locale":"de_DE","og_type":"article","og_title":"Qualit\u00e4t - Nordic-C ApS","og_description":"[vc_row full_width=&#8221;stretch_row&#8221;][vc_column][\/vc_column][\/vc_row][vc_row full_width=&#8221;stretch_row&#8221;][vc_column offset=&#8221;vc_col-lg-8 vc_col-md-8 vc_col-xs-12&#8243;][vc_column_text] Qualit\u00e4t Mit einem designsofa k\u00f6nnen Sie Ihr eigenes einzigartiges Traumsofa in der besten Qualit\u00e4t auf dem Markt zu einem vern\u00fcnftigen Preis entwerfen. Kein anderer Sofalieferant in Europa bietet \u00e4hnliche Optionen und Qualit\u00e4t zum gleichen Preis an. Designsofa ist ein Produkt f\u00fcr die Familie, die ein einzigartiges Sofaprodukt suchen, bei ... Weiterlesen","og_url":"https:\/\/nordic-c.com\/de\/designsofa\/qualitaet\/","og_site_name":"Nordic-C ApS","article_modified_time":"2021-09-07T13:31:03+00:00","twitter_card":"summary_large_image","twitter_misc":{"Gesch\u00e4tzte Lesezeit":"1\u00a0Minute"},"schema":{"@context":"https:\/\/schema.org","@graph":[{"@type":"WebPage","@id":"https:\/\/nordic-c.com\/de\/designsofa\/qualitaet\/","url":"https:\/\/nordic-c.com\/de\/designsofa\/qualitaet\/","name":"Qualit\u00e4t - Nordic-C ApS","isPartOf":{"@id":"https:\/\/nordic-c.com\/de\/#website"},"datePublished":"2021-02-08T20:26:05+00:00","dateModified":"2021-09-07T13:31:03+00:00","breadcrumb":{"@id":"https:\/\/nordic-c.com\/de\/designsofa\/qualitaet\/#breadcrumb"},"inLanguage":"de","potentialAction":[{"@type":"ReadAction","target":["https:\/\/nordic-c.com\/de\/designsofa\/qualitaet\/"]}]},{"@type":"BreadcrumbList","@id":"https:\/\/nordic-c.com\/de\/designsofa\/qualitaet\/#breadcrumb","itemListElement":[{"@type":"ListItem","position":1,"name":"Hjem","item":"https:\/\/nordic-c.com\/de\/"},{"@type":"ListItem","position":2,"name":"Designsofa","item":"https:\/\/nordic-c.com\/de\/designsofa\/"},{"@type":"ListItem","position":3,"name":"Qualit\u00e4t"}]},{"@type":"WebSite","@id":"https:\/\/nordic-c.com\/de\/#website","url":"https:\/\/nordic-c.com\/de\/","name":"Nordic-C ApS","description":"Designstole, stole, designm\u00f8bler, l\u00e6nestole, dansk design","publisher":{"@id":"https:\/\/nordic-c.com\/de\/#organization"},"potentialAction":[{"@type":"SearchAction","target":{"@type":"EntryPoint","urlTemplate":"https:\/\/nordic-c.com\/de\/?s={search_term_string}"},"query-input":{"@type":"PropertyValueSpecification","valueRequired":true,"valueName":"search_term_string"}}],"inLanguage":"de"},{"@type":"Organization","@id":"https:\/\/nordic-c.com\/de\/#organization","name":"Nordic-C ApS","url":"https:\/\/nordic-c.com\/de\/","logo":{"@type":"ImageObject","inLanguage":"de","@id":"https:\/\/nordic-c.com\/de\/#\/schema\/logo\/image\/","url":"https:\/\/nordic-c.com\/wp-content\/uploads\/2020\/06\/nordic-c_logo.svg","contentUrl":"https:\/\/nordic-c.com\/wp-content\/uploads\/2020\/06\/nordic-c_logo.svg","width":426,"height":64,"caption":"Nordic-C ApS"},"image":{"@id":"https:\/\/nordic-c.com\/de\/#\/schema\/logo\/image\/"}}]}},"_links":{"self":[{"href":"https:\/\/nordic-c.com\/de\/wp-json\/wp\/v2\/pages\/6476"}],"collection":[{"href":"https:\/\/nordic-c.com\/de\/wp-json\/wp\/v2\/pages"}],"about":[{"href":"https:\/\/nordic-c.com\/de\/wp-json\/wp\/v2\/types\/page"}],"author":[{"embeddable":true,"href":"https:\/\/nordic-c.com\/de\/wp-json\/wp\/v2\/users\/1"}],"replies":[{"embeddable":true,"href":"https:\/\/nordic-c.com\/de\/wp-json\/wp\/v2\/comments?post=6476"}],"version-history":[{"count":3,"href":"https:\/\/nordic-c.com\/de\/wp-json\/wp\/v2\/pages\/6476\/revisions"}],"predecessor-version":[{"id":6826,"href":"https:\/\/nordic-c.com\/de\/wp-json\/wp\/v2\/pages\/6476\/revisions\/6826"}],"up":[{"embeddable":true,"href":"https:\/\/nordic-c.com\/de\/wp-json\/wp\/v2\/pages\/6486"}],"wp:attachment":[{"href":"https:\/\/nordic-c.com\/de\/wp-json\/wp\/v2\/media?parent=6476"}],"wp:term":[{"taxonomy":"category","embeddable":true,"href":"https:\/\/nordic-c.com\/de\/wp-json\/wp\/v2\/categories?post=6476"}],"curies":[{"name":"wp","href":"https:\/\/api.w.org\/{rel}","templated":true}]}}