{"id":6470,"date":"2021-02-08T16:33:33","date_gmt":"2021-02-08T15:33:33","guid":{"rendered":"https:\/\/nordic-c.com\/csr\/"},"modified":"2021-09-08T07:35:35","modified_gmt":"2021-09-08T05:35:35","slug":"csr","status":"publish","type":"page","link":"https:\/\/nordic-c.com\/de\/designsofa\/csr\/","title":{"rendered":"CSR"},"content":{"rendered":"<div class=\"wpb-content-wrapper\"><p>[vc_row full_width=&#8221;stretch_row&#8221;][vc_column]<div class=\"ult-spacer spacer-69f490902c857\" data-id=\"69f490902c857\" data-height=\"90\" data-height-mobile=\"60\" data-height-tab=\"90\" data-height-tab-portrait=\"60\" data-height-mobile-landscape=\"60\" style=\"clear:both;display:block;\"><\/div>[\/vc_column][\/vc_row][vc_row full_width=&#8221;stretch_row&#8221;][vc_column offset=&#8221;vc_col-lg-8 vc_col-md-8 vc_col-xs-12&#8243;][vc_column_text]<\/p>\n<h1>CSR<\/h1>\n<p>Bei uns ist es wichtig, dass wir nicht nur f\u00fcr die Qualit\u00e4t unseres Produkts, sondern auch f\u00fcr die Bedingungen, unter denen das Produkt entsteht und an Sie geliefert wird, das Beste geben.<br \/>\nDaher werden unsere Produkte in Europa hergestellt, in L\u00e4ndern, in denen wir die M\u00f6glichkeit haben, die Arbeitsbedingungen so zu steuern, dass sie den europ\u00e4ischen Standard entsprechen.<\/p>\n<p>Bei designsofa f\u00fchlen wir uns der Nachhaltigkeit verpflichtet und sind uns des Holzes bewusst, das wir verwenden. Unser Holz ist FSC-zertifiziert. Dieses bedeutet, dass nicht mehr Holz gef\u00e4llt wird, als der Wald selbst vermehren kann. Das FSC ist auch eine Garantie daf\u00fcr, dass Tiere und Pflanzen gesch\u00fctzt werden und dass die Menschen, die im Wald arbeiten, geschult sind und die richtige Sicherheitsausr\u00fcstung erhalten und ordentlich bezahlt werden.<\/p>\n<p>Das designsofa wird von professionellen Handwerkern hergestellt, die unter ordnungsgem\u00e4\u00dfen Bedingungen arbeiten, und designsofa wird in Europa hergestellt, um nicht nur die Herkunft der Komponenten in Ihrem einzigartigen Sofa sicherzustellen, sondern auch um eine stabile und hohe Qualit\u00e4t des Produkts, des professionellen Handwerks, sicherzustellen.<\/p>\n<p>Durch die Herstellung von designsofa in Europa minimieren wir die Umweltauswirkungen des Transports vom Wald zum Wohnzimmer. Darauf sind wir sehr stolz. Daher ist es uns auch wichtig, dass wir Ihr Traumsofa zusammen mit den einzigartigen designsofas anderer versenden, um eine optimale Nutzung des Transports und damit eine minimale Umweltbelastung zu gew\u00e4hrleisten[\/vc_column_text]<div class=\"ult-spacer spacer-69f490902c89d\" data-id=\"69f490902c89d\" data-height=\"0\" data-height-mobile=\"60\" data-height-tab=\"0\" data-height-tab-portrait=\"60\" data-height-mobile-landscape=\"60\" style=\"clear:both;display:block;\"><\/div>[\/vc_column][vc_column offset=&#8221;vc_col-lg-4 vc_col-md-4 vc_col-xs-12&#8243;][vc_widget_sidebar sidebar_id=&#8221;sidebar-1&#8243; el_class=&#8221;contact-sidebar&#8221;][\/vc_column][\/vc_row][vc_row full_width=&#8221;stretch_row&#8221;][vc_column]<div class=\"ult-spacer spacer-69f490902c8c1\" data-id=\"69f490902c8c1\" data-height=\"90\" data-height-mobile=\"60\" data-height-tab=\"90\" data-height-tab-portrait=\"60\" data-height-mobile-landscape=\"60\" style=\"clear:both;display:block;\"><\/div>[\/vc_column][\/vc_row]<\/p>\n<\/div>","protected":false},"excerpt":{"rendered":"<p>[vc_row full_width=&#8221;stretch_row&#8221;][vc_column][\/vc_column][\/vc_row][vc_row full_width=&#8221;stretch_row&#8221;][vc_column offset=&#8221;vc_col-lg-8 vc_col-md-8 vc_col-xs-12&#8243;][vc_column_text] CSR Bei uns ist es wichtig, dass wir nicht nur f\u00fcr die Qualit\u00e4t unseres Produkts, sondern auch f\u00fcr die Bedingungen, unter denen das Produkt entsteht und an Sie geliefert wird, das Beste geben. Daher werden unsere Produkte in Europa hergestellt, in L\u00e4ndern, in denen wir die M\u00f6glichkeit haben, die &#8230; <a title=\"CSR\" class=\"read-more\" href=\"https:\/\/nordic-c.com\/de\/designsofa\/csr\/\" aria-label=\"Mehr Informationen \u00fcber CSR\">Weiterlesen<\/a><\/p>\n","protected":false},"author":1,"featured_media":0,"parent":6486,"menu_order":9,"comment_status":"closed","ping_status":"closed","template":"","meta":{"footnotes":""},"categories":[],"class_list":["post-6470","page","type-page","status-publish"],"acf":[],"yoast_head":"<!-- This site is optimized with the Yoast SEO plugin v23.5 - https:\/\/yoast.com\/wordpress\/plugins\/seo\/ -->\n<title>CSR - Nordic-C ApS<\/title>\n<meta name=\"robots\" content=\"index, follow, max-snippet:-1, max-image-preview:large, max-video-preview:-1\" \/>\n<link rel=\"canonical\" href=\"https:\/\/nordic-c.com\/de\/designsofa\/csr\/\" \/>\n<meta property=\"og:locale\" content=\"de_DE\" \/>\n<meta property=\"og:type\" content=\"article\" \/>\n<meta property=\"og:title\" content=\"CSR - Nordic-C ApS\" \/>\n<meta property=\"og:description\" content=\"[vc_row full_width=&#8221;stretch_row&#8221;][vc_column][\/vc_column][\/vc_row][vc_row full_width=&#8221;stretch_row&#8221;][vc_column offset=&#8221;vc_col-lg-8 vc_col-md-8 vc_col-xs-12&#8243;][vc_column_text] CSR Bei uns ist es wichtig, dass wir nicht nur f\u00fcr die Qualit\u00e4t unseres Produkts, sondern auch f\u00fcr die Bedingungen, unter denen das Produkt entsteht und an Sie geliefert wird, das Beste geben. Daher werden unsere Produkte in Europa hergestellt, in L\u00e4ndern, in denen wir die M\u00f6glichkeit haben, die ... Weiterlesen\" \/>\n<meta property=\"og:url\" content=\"https:\/\/nordic-c.com\/de\/designsofa\/csr\/\" \/>\n<meta property=\"og:site_name\" content=\"Nordic-C ApS\" \/>\n<meta property=\"article:modified_time\" content=\"2021-09-08T05:35:35+00:00\" \/>\n<meta name=\"twitter:card\" content=\"summary_large_image\" \/>\n<meta name=\"twitter:label1\" content=\"Gesch\u00e4tzte Lesezeit\" \/>\n\t<meta name=\"twitter:data1\" content=\"2\u00a0Minuten\" \/>\n<script type=\"application\/ld+json\" class=\"yoast-schema-graph\">{\"@context\":\"https:\/\/schema.org\",\"@graph\":[{\"@type\":\"WebPage\",\"@id\":\"https:\/\/nordic-c.com\/de\/designsofa\/csr\/\",\"url\":\"https:\/\/nordic-c.com\/de\/designsofa\/csr\/\",\"name\":\"CSR - Nordic-C ApS\",\"isPartOf\":{\"@id\":\"https:\/\/nordic-c.com\/de\/#website\"},\"datePublished\":\"2021-02-08T15:33:33+00:00\",\"dateModified\":\"2021-09-08T05:35:35+00:00\",\"breadcrumb\":{\"@id\":\"https:\/\/nordic-c.com\/de\/designsofa\/csr\/#breadcrumb\"},\"inLanguage\":\"de\",\"potentialAction\":[{\"@type\":\"ReadAction\",\"target\":[\"https:\/\/nordic-c.com\/de\/designsofa\/csr\/\"]}]},{\"@type\":\"BreadcrumbList\",\"@id\":\"https:\/\/nordic-c.com\/de\/designsofa\/csr\/#breadcrumb\",\"itemListElement\":[{\"@type\":\"ListItem\",\"position\":1,\"name\":\"Hjem\",\"item\":\"https:\/\/nordic-c.com\/de\/\"},{\"@type\":\"ListItem\",\"position\":2,\"name\":\"Designsofa\",\"item\":\"https:\/\/nordic-c.com\/de\/designsofa\/\"},{\"@type\":\"ListItem\",\"position\":3,\"name\":\"CSR\"}]},{\"@type\":\"WebSite\",\"@id\":\"https:\/\/nordic-c.com\/de\/#website\",\"url\":\"https:\/\/nordic-c.com\/de\/\",\"name\":\"Nordic-C ApS\",\"description\":\"Designstole, stole, designm\u00f8bler, l\u00e6nestole, dansk design\",\"publisher\":{\"@id\":\"https:\/\/nordic-c.com\/de\/#organization\"},\"potentialAction\":[{\"@type\":\"SearchAction\",\"target\":{\"@type\":\"EntryPoint\",\"urlTemplate\":\"https:\/\/nordic-c.com\/de\/?s={search_term_string}\"},\"query-input\":{\"@type\":\"PropertyValueSpecification\",\"valueRequired\":true,\"valueName\":\"search_term_string\"}}],\"inLanguage\":\"de\"},{\"@type\":\"Organization\",\"@id\":\"https:\/\/nordic-c.com\/de\/#organization\",\"name\":\"Nordic-C ApS\",\"url\":\"https:\/\/nordic-c.com\/de\/\",\"logo\":{\"@type\":\"ImageObject\",\"inLanguage\":\"de\",\"@id\":\"https:\/\/nordic-c.com\/de\/#\/schema\/logo\/image\/\",\"url\":\"https:\/\/nordic-c.com\/wp-content\/uploads\/2020\/06\/nordic-c_logo.svg\",\"contentUrl\":\"https:\/\/nordic-c.com\/wp-content\/uploads\/2020\/06\/nordic-c_logo.svg\",\"width\":426,\"height\":64,\"caption\":\"Nordic-C ApS\"},\"image\":{\"@id\":\"https:\/\/nordic-c.com\/de\/#\/schema\/logo\/image\/\"}}]}<\/script>\n<!-- \/ Yoast SEO plugin. -->","yoast_head_json":{"title":"CSR - Nordic-C ApS","robots":{"index":"index","follow":"follow","max-snippet":"max-snippet:-1","max-image-preview":"max-image-preview:large","max-video-preview":"max-video-preview:-1"},"canonical":"https:\/\/nordic-c.com\/de\/designsofa\/csr\/","og_locale":"de_DE","og_type":"article","og_title":"CSR - Nordic-C ApS","og_description":"[vc_row full_width=&#8221;stretch_row&#8221;][vc_column][\/vc_column][\/vc_row][vc_row full_width=&#8221;stretch_row&#8221;][vc_column offset=&#8221;vc_col-lg-8 vc_col-md-8 vc_col-xs-12&#8243;][vc_column_text] CSR Bei uns ist es wichtig, dass wir nicht nur f\u00fcr die Qualit\u00e4t unseres Produkts, sondern auch f\u00fcr die Bedingungen, unter denen das Produkt entsteht und an Sie geliefert wird, das Beste geben. Daher werden unsere Produkte in Europa hergestellt, in L\u00e4ndern, in denen wir die M\u00f6glichkeit haben, die ... Weiterlesen","og_url":"https:\/\/nordic-c.com\/de\/designsofa\/csr\/","og_site_name":"Nordic-C ApS","article_modified_time":"2021-09-08T05:35:35+00:00","twitter_card":"summary_large_image","twitter_misc":{"Gesch\u00e4tzte Lesezeit":"2\u00a0Minuten"},"schema":{"@context":"https:\/\/schema.org","@graph":[{"@type":"WebPage","@id":"https:\/\/nordic-c.com\/de\/designsofa\/csr\/","url":"https:\/\/nordic-c.com\/de\/designsofa\/csr\/","name":"CSR - Nordic-C ApS","isPartOf":{"@id":"https:\/\/nordic-c.com\/de\/#website"},"datePublished":"2021-02-08T15:33:33+00:00","dateModified":"2021-09-08T05:35:35+00:00","breadcrumb":{"@id":"https:\/\/nordic-c.com\/de\/designsofa\/csr\/#breadcrumb"},"inLanguage":"de","potentialAction":[{"@type":"ReadAction","target":["https:\/\/nordic-c.com\/de\/designsofa\/csr\/"]}]},{"@type":"BreadcrumbList","@id":"https:\/\/nordic-c.com\/de\/designsofa\/csr\/#breadcrumb","itemListElement":[{"@type":"ListItem","position":1,"name":"Hjem","item":"https:\/\/nordic-c.com\/de\/"},{"@type":"ListItem","position":2,"name":"Designsofa","item":"https:\/\/nordic-c.com\/de\/designsofa\/"},{"@type":"ListItem","position":3,"name":"CSR"}]},{"@type":"WebSite","@id":"https:\/\/nordic-c.com\/de\/#website","url":"https:\/\/nordic-c.com\/de\/","name":"Nordic-C ApS","description":"Designstole, stole, designm\u00f8bler, l\u00e6nestole, dansk design","publisher":{"@id":"https:\/\/nordic-c.com\/de\/#organization"},"potentialAction":[{"@type":"SearchAction","target":{"@type":"EntryPoint","urlTemplate":"https:\/\/nordic-c.com\/de\/?s={search_term_string}"},"query-input":{"@type":"PropertyValueSpecification","valueRequired":true,"valueName":"search_term_string"}}],"inLanguage":"de"},{"@type":"Organization","@id":"https:\/\/nordic-c.com\/de\/#organization","name":"Nordic-C ApS","url":"https:\/\/nordic-c.com\/de\/","logo":{"@type":"ImageObject","inLanguage":"de","@id":"https:\/\/nordic-c.com\/de\/#\/schema\/logo\/image\/","url":"https:\/\/nordic-c.com\/wp-content\/uploads\/2020\/06\/nordic-c_logo.svg","contentUrl":"https:\/\/nordic-c.com\/wp-content\/uploads\/2020\/06\/nordic-c_logo.svg","width":426,"height":64,"caption":"Nordic-C ApS"},"image":{"@id":"https:\/\/nordic-c.com\/de\/#\/schema\/logo\/image\/"}}]}},"_links":{"self":[{"href":"https:\/\/nordic-c.com\/de\/wp-json\/wp\/v2\/pages\/6470"}],"collection":[{"href":"https:\/\/nordic-c.com\/de\/wp-json\/wp\/v2\/pages"}],"about":[{"href":"https:\/\/nordic-c.com\/de\/wp-json\/wp\/v2\/types\/page"}],"author":[{"embeddable":true,"href":"https:\/\/nordic-c.com\/de\/wp-json\/wp\/v2\/users\/1"}],"replies":[{"embeddable":true,"href":"https:\/\/nordic-c.com\/de\/wp-json\/wp\/v2\/comments?post=6470"}],"version-history":[{"count":4,"href":"https:\/\/nordic-c.com\/de\/wp-json\/wp\/v2\/pages\/6470\/revisions"}],"predecessor-version":[{"id":6831,"href":"https:\/\/nordic-c.com\/de\/wp-json\/wp\/v2\/pages\/6470\/revisions\/6831"}],"up":[{"embeddable":true,"href":"https:\/\/nordic-c.com\/de\/wp-json\/wp\/v2\/pages\/6486"}],"wp:attachment":[{"href":"https:\/\/nordic-c.com\/de\/wp-json\/wp\/v2\/media?parent=6470"}],"wp:term":[{"taxonomy":"category","embeddable":true,"href":"https:\/\/nordic-c.com\/de\/wp-json\/wp\/v2\/categories?post=6470"}],"curies":[{"name":"wp","href":"https:\/\/api.w.org\/{rel}","templated":true}]}}