{"id":15,"date":"2020-02-12T08:51:30","date_gmt":"2020-02-12T07:51:30","guid":{"rendered":"https:\/\/nordic-c.com\/?page_id=15"},"modified":"2026-02-10T12:18:45","modified_gmt":"2026-02-10T11:18:45","slug":"forside","status":"publish","type":"page","link":"https:\/\/nordic-c.com\/da\/","title":{"rendered":"Forside"},"content":{"rendered":"<div class=\"wpb-content-wrapper\"><p>[vc_row full_width=&#8221;stretch_row&#8221;][vc_column width=&#8221;1\/12&#8243;][\/vc_column][vc_column width=&#8221;10\/12&#8243;]<div class=\"ult-spacer spacer-6a0318c299303\" data-id=\"6a0318c299303\" data-height=\"90\" data-height-mobile=\"60\" data-height-tab=\"90\" data-height-tab-portrait=\"60\" data-height-mobile-landscape=\"60\" style=\"clear:both;display:block;\"><\/div>[vc_column_text el_class=&#8221;custom&#8221;]<\/p>\n<h6 style=\"text-align: center;\">Velkommen til Nordic-C<\/h6>\n<p>[\/vc_column_text][vc_empty_space height=&#8221;10px&#8221;][vc_column_text]<\/p>\n<h1 style=\"text-align: center;\">L\u00e6nestole og sofaer i Dansk design<\/h1>\n<p style=\"text-align: center;\">Nordic-C er en dansk m\u00f8belproducent af kvalitetsprodukter i Dansk design, som lever efter grunds\u00e6tningen at du fortjener valgmuligheder og eget design i dine kvalitetsm\u00f8bler. Hos os har vi ikke standard l\u00f8sninger, men muligheder for at du kan sammens\u00e6tte dine nye m\u00f8bler, s\u00e5 de passer til dig og dit hjem, om det er valg af Tekstil\/l\u00e6der, sokler, tr\u00e6stellet, eller som designsofa, dit eget unikke design efter m\u00e5l.<\/p>\n<p>[\/vc_column_text]<div class=\"ult-spacer spacer-6a0318c299365\" data-id=\"6a0318c299365\" data-height=\"90\" data-height-mobile=\"60\" data-height-tab=\"90\" data-height-tab-portrait=\"60\" data-height-mobile-landscape=\"60\" style=\"clear:both;display:block;\"><\/div>[\/vc_column][vc_column width=&#8221;1\/12&#8243;][\/vc_column][\/vc_row][vc_row full_width=&#8221;stretch_row_content_no_spaces&#8221; equal_height=&#8221;yes&#8221; css=&#8221;.vc_custom_1592377187650{background-color: #f5f5f5 !important;}&#8221;][vc_column width=&#8221;1\/2&#8243; el_class=&#8221;stretch&#8221;][vc_column_text]<\/p>\n<h2>Designsofa<\/h2>\n<p>Med designsofa kan I designe jeres egen unikke dr\u00f8mmesofa i markedets bedste kvalitet, til en fornuftig pris. Ingen anden sofa leverand\u00f8r i Europa tilbyder tilsvarende muligheder og kvalitet, til samme pris.<\/p>\n<p>Designsofa er et produkt til familien, som \u00f8nsker et unikt sofaprodukt, hvor I har mulighed for at tilpasse sofaen efter jeres \u00f8nske. I har mulighed for at skabe jeres unikke dr\u00f8mmesofa, som skaber rammerne for familien i mange \u00e5r ud i fremtiden. Med det store udvalg af moduler, arme, ben, tekstiler og l\u00e6der, kan I netop designe en sofa efter jeres dr\u00f8mme, og som er unik til netop jer.<\/p>\n<p>Vi er stolte af at tilbyde dig Europas st\u00f8rste sofa program. Designsofa, Designed by you.<br \/>\nDesignsofa s\u00e6lges som sit eget varem\u00e6rke. Du kan l\u00e6se mere p\u00e5 <a href=\"http:\/\/www.designsofa.dk\" target=\"_blank\" rel=\"noopener noreferrer\">www.designsofa.dk<\/a><\/p>\n<p><a href=\"http:\/\/www.designsofa.dk\" target=\"_blank\" rel=\"noopener noreferrer\"><strong>L\u00e6s mere om designsofa<\/strong><\/a>[\/vc_column_text][\/vc_column][vc_column width=&#8221;1\/2&#8243; css=&#8221;.vc_custom_1633937571198{background-image: url(https:\/\/nordic-c.com\/wp-content\/uploads\/2021\/10\/IQ_Sofa_Paloma_Noddebrun_Laeder-2-e1633937536494.jpg?id=7181) !important;background-position: center !important;background-repeat: no-repeat !important;background-size: cover !important;}&#8221;]<div class=\"ult-spacer spacer-6a0318c299391\" data-id=\"6a0318c299391\" data-height=\"\" data-height-mobile=\"250\" data-height-tab=\"\" data-height-tab-portrait=\"400\" data-height-mobile-landscape=\"300\" style=\"clear:both;display:block;\"><\/div>[\/vc_column][\/vc_row][vc_row full_width=&#8221;stretch_row_content_no_spaces&#8221; equal_height=&#8221;yes&#8221; css=&#8221;.vc_custom_1592377195553{background-color: #f5f5f5 !important;}&#8221;][vc_column width=&#8221;1\/2&#8243; css=&#8221;.vc_custom_1592377813172{background-image: url(https:\/\/nordic-c.com\/wp-content\/uploads\/2020\/06\/slider_wave-cognac.jpg?id=1280) !important;background-position: center !important;background-repeat: no-repeat !important;background-size: cover !important;}&#8221; offset=&#8221;vc_hidden-xs&#8221;]<div class=\"ult-spacer spacer-6a0318c2993b7\" data-id=\"6a0318c2993b7\" data-height=\"\" data-height-mobile=\"250\" data-height-tab=\"\" data-height-tab-portrait=\"400\" data-height-mobile-landscape=\"300\" style=\"clear:both;display:block;\"><\/div>[\/vc_column][vc_column width=&#8221;1\/2&#8243; el_class=&#8221;stretch&#8221;][vc_column_text]<\/p>\n<h3>Living<\/h3>\n<p>Living er en r\u00e6kke elegante og stilfulde l\u00e6nestole i moderne design. Produkternes tager udgangspunkt i designet af er den formst\u00f8bte koldskum, som sikre den optimale og unikke siddekomfort i mange \u00e5r. Det formst\u00f8bte koldskum bliver st\u00f8bt p\u00e5 en solid metalramme, hvorefter stolen bliver samlet og p\u00e5f\u00f8rt dit \u00f8nskede betr\u00e6k og sokkel. I Living indg\u00e5r blandt andet vores kendte LUX program og vores Stole p\u00e5 det komplette nordiske inspireret egetr\u00e6s skal. Living er l\u00e6nestole i vores design, men tilpasset dine valg og \u00f8nsker.<\/p>\n<p><a href=\"\/living\/\"><strong>L\u00e6s mere her<\/strong><\/a>[\/vc_column_text][\/vc_column][\/vc_row][vc_row full_width=&#8221;stretch_row&#8221; css=&#8221;.vc_custom_1592460757746{background-color: #f5f5f5 !important;}&#8221;][vc_column css=&#8221;.vc_custom_1592460717924{background-image: url(https:\/\/nordic-c.com\/wp-content\/uploads\/2020\/06\/slider_wave-cognac.jpg?id=1280) !important;background-position: center !important;background-repeat: no-repeat !important;background-size: cover !important;}&#8221;]<div class=\"ult-spacer spacer-6a0318c2993db\" data-id=\"6a0318c2993db\" data-height=\"0\" data-height-mobile=\"250\" data-height-tab=\"0\" data-height-tab-portrait=\"0\" data-height-mobile-landscape=\"300\" style=\"clear:both;display:block;\"><\/div>[\/vc_column][\/vc_row][vc_row full_width=&#8221;stretch_row_content_no_spaces&#8221; equal_height=&#8221;yes&#8221; css=&#8221;.vc_custom_1592377195553{background-color: #f5f5f5 !important;}&#8221;][vc_column width=&#8221;1\/2&#8243; el_class=&#8221;stretch&#8221;][vc_column_text]<\/p>\n<h3>Tradition<\/h3>\n<p>Vores historie g\u00e5r tilbage til 1977, hvor stifteren af den oprindelige virksomhed p\u00e5begyndte udviklingen og salg af m\u00f8bler fra virksomhedens lokation i Aars. Virksomheden har igennem tiden opn\u00e5et anerkendelse som leverand\u00f8r af Skandinaviens mest solgte seniorstol og global leverand\u00f8r af High seat chairs. I dag er Nordic-Cs prim\u00e6re produkt vores designsofa, hvortil vi tilbyder matchende stole til dit unikke design.<\/p>\n<p>Virksomheden er stadig beliggende i Aars, og f\u00e5r produceret vores produkter i EU, hvorved vi kan sikre den h\u00f8je kvalitet, at produkterne lever op til EU standarder, samt minimal milj\u00f8p\u00e5virkning i produktion og transport.<\/p>\n<p><a href=\"\/tradition\/\"><strong>L\u00e6s mere her<\/strong><\/a>[\/vc_column_text][\/vc_column][vc_column width=&#8221;1\/2&#8243; css=&#8221;.vc_custom_1633085039926{background-image: url(https:\/\/nordic-c.com\/wp-content\/uploads\/2021\/10\/Soro_Plus_Sand.jpg?id=6946) !important;background-position: center !important;background-repeat: no-repeat !important;background-size: cover !important;}&#8221;]<div class=\"ult-spacer spacer-6a0318c2993fb\" data-id=\"6a0318c2993fb\" data-height=\"\" data-height-mobile=\"250\" data-height-tab=\"\" data-height-tab-portrait=\"400\" data-height-mobile-landscape=\"300\" style=\"clear:both;display:block;\"><\/div>[\/vc_column][\/vc_row][vc_row full_width=&#8221;stretch_row&#8221;][vc_column width=&#8221;1\/6&#8243;][\/vc_column][vc_column width=&#8221;2\/3&#8243;]<div class=\"ult-spacer spacer-6a0318c29941c\" data-id=\"6a0318c29941c\" data-height=\"90\" data-height-mobile=\"60\" data-height-tab=\"90\" data-height-tab-portrait=\"60\" data-height-mobile-landscape=\"60\" style=\"clear:both;display:block;\"><\/div>[vc_column_text css=&#8221;&#8221;]<\/p>\n<h3 style=\"text-align: center;\">Kontakt os<\/h3>\n<p style=\"text-align: center;\">Ud over vores egne produkter fungerer Nordic-C som salgsselskab i Norden for en r\u00e6kke af vores samarbejdspartnere. Kontakt os gerne p\u00e5 telefon <a href=\"tel:004586691855\">+45 8669 1855<\/a> eller skriv til os p\u00e5 mail <a href=\"mailto:top-line@top-line.dk\">top-line@top-line.dk<\/a> for at h\u00f8re n\u00e6rmere om vores produkter, eller blive henvist til n\u00e6rmeste forhandler. Du er ogs\u00e5 meget velkommen til at benytte nedenst\u00e5ende kontakt formular og vi vender tilbage hurtigst muligt.<\/p>\n<p>[\/vc_column_text][vc_empty_space height=&#8221;30px&#8221;][vc_column_text css=&#8221;&#8221;]<\/p>\n<p style=\"text-align: center;\"><form id=\"forminator-module-66\" class=\"forminator-custom-form forminator-custom-form-66\" method=\"post\" data-forminator-render=\"0\" data-uid=\"6a0318c29943c\"><div role=\"alert\" aria-live=\"polite\" class=\"forminator-response-message forminator-error\" aria-hidden=\"true\"><\/div><\/form><\/p>\n<p>[\/vc_column_text]<div class=\"ult-spacer spacer-6a0318c29a771\" data-id=\"6a0318c29a771\" data-height=\"90\" data-height-mobile=\"60\" data-height-tab=\"90\" data-height-tab-portrait=\"60\" data-height-mobile-landscape=\"60\" style=\"clear:both;display:block;\"><\/div>[\/vc_column][vc_column width=&#8221;1\/6&#8243;][\/vc_column][\/vc_row]<\/p>\n<\/div>","protected":false},"excerpt":{"rendered":"<p>[vc_row full_width=&#8221;stretch_row&#8221;][vc_column width=&#8221;1\/12&#8243;][\/vc_column][vc_column width=&#8221;10\/12&#8243;][vc_column_text el_class=&#8221;custom&#8221;] Velkommen til Nordic-C [\/vc_column_text][vc_empty_space height=&#8221;10px&#8221;][vc_column_text] L\u00e6nestole og sofaer i Dansk design Nordic-C er en dansk m\u00f8belproducent af kvalitetsprodukter i Dansk design, som lever efter grunds\u00e6tningen at du fortjener valgmuligheder og eget design i dine kvalitetsm\u00f8bler. Hos os har vi ikke standard l\u00f8sninger, men muligheder for at du kan sammens\u00e6tte dine &#8230; <a title=\"Forside\" class=\"read-more\" href=\"https:\/\/nordic-c.com\/da\/\" aria-label=\"Read more about Forside\">L\u00e6s mere <\/a><\/p>\n","protected":false},"author":1,"featured_media":0,"parent":0,"menu_order":0,"comment_status":"closed","ping_status":"closed","template":"","meta":{"footnotes":""},"categories":[],"class_list":["post-15","page","type-page","status-publish"],"acf":[],"yoast_head":"<!-- This site is optimized with the Yoast SEO plugin v23.5 - https:\/\/yoast.com\/wordpress\/plugins\/seo\/ -->\n<title>Forside - Nordic-C ApS<\/title>\n<meta name=\"robots\" content=\"index, follow, max-snippet:-1, max-image-preview:large, max-video-preview:-1\" \/>\n<link rel=\"canonical\" href=\"https:\/\/nordic-c.com\/da\/\" \/>\n<meta property=\"og:locale\" content=\"da_DK\" \/>\n<meta property=\"og:type\" content=\"article\" \/>\n<meta property=\"og:title\" content=\"Forside - Nordic-C ApS\" \/>\n<meta property=\"og:description\" content=\"[vc_row full_width=&#8221;stretch_row&#8221;][vc_column width=&#8221;1\/12&#8243;][\/vc_column][vc_column width=&#8221;10\/12&#8243;][vc_column_text el_class=&#8221;custom&#8221;] Velkommen til Nordic-C [\/vc_column_text][vc_empty_space height=&#8221;10px&#8221;][vc_column_text] L\u00e6nestole og sofaer i Dansk design Nordic-C er en dansk m\u00f8belproducent af kvalitetsprodukter i Dansk design, som lever efter grunds\u00e6tningen at du fortjener valgmuligheder og eget design i dine kvalitetsm\u00f8bler. Hos os har vi ikke standard l\u00f8sninger, men muligheder for at du kan sammens\u00e6tte dine ... L\u00e6s mere\" \/>\n<meta property=\"og:url\" content=\"https:\/\/nordic-c.com\/da\/\" \/>\n<meta property=\"og:site_name\" content=\"Nordic-C ApS\" \/>\n<meta property=\"article:modified_time\" content=\"2026-02-10T11:18:45+00:00\" \/>\n<meta name=\"twitter:card\" content=\"summary_large_image\" \/>\n<meta name=\"twitter:label1\" content=\"Estimeret l\u00e6setid\" \/>\n\t<meta name=\"twitter:data1\" content=\"3 minutter\" \/>\n<script type=\"application\/ld+json\" class=\"yoast-schema-graph\">{\"@context\":\"https:\/\/schema.org\",\"@graph\":[{\"@type\":\"WebPage\",\"@id\":\"https:\/\/nordic-c.com\/da\/\",\"url\":\"https:\/\/nordic-c.com\/da\/\",\"name\":\"Forside - Nordic-C ApS\",\"isPartOf\":{\"@id\":\"https:\/\/nordic-c.com\/de\/#website\"},\"datePublished\":\"2020-02-12T07:51:30+00:00\",\"dateModified\":\"2026-02-10T11:18:45+00:00\",\"breadcrumb\":{\"@id\":\"https:\/\/nordic-c.com\/da\/#breadcrumb\"},\"inLanguage\":\"da-DK\",\"potentialAction\":[{\"@type\":\"ReadAction\",\"target\":[\"https:\/\/nordic-c.com\/da\/\"]}]},{\"@type\":\"BreadcrumbList\",\"@id\":\"https:\/\/nordic-c.com\/da\/#breadcrumb\",\"itemListElement\":[{\"@type\":\"ListItem\",\"position\":1,\"name\":\"Hjem\",\"item\":\"https:\/\/nordic-c.com\/da\/\"},{\"@type\":\"ListItem\",\"position\":2,\"name\":\"Forside\"}]},{\"@type\":\"WebSite\",\"@id\":\"https:\/\/nordic-c.com\/de\/#website\",\"url\":\"https:\/\/nordic-c.com\/de\/\",\"name\":\"Nordic-C ApS\",\"description\":\"Designstole, stole, designm\u00f8bler, l\u00e6nestole, dansk design\",\"publisher\":{\"@id\":\"https:\/\/nordic-c.com\/de\/#organization\"},\"potentialAction\":[{\"@type\":\"SearchAction\",\"target\":{\"@type\":\"EntryPoint\",\"urlTemplate\":\"https:\/\/nordic-c.com\/de\/?s={search_term_string}\"},\"query-input\":{\"@type\":\"PropertyValueSpecification\",\"valueRequired\":true,\"valueName\":\"search_term_string\"}}],\"inLanguage\":\"da-DK\"},{\"@type\":\"Organization\",\"@id\":\"https:\/\/nordic-c.com\/de\/#organization\",\"name\":\"Nordic-C ApS\",\"url\":\"https:\/\/nordic-c.com\/de\/\",\"logo\":{\"@type\":\"ImageObject\",\"inLanguage\":\"da-DK\",\"@id\":\"https:\/\/nordic-c.com\/de\/#\/schema\/logo\/image\/\",\"url\":\"https:\/\/nordic-c.com\/wp-content\/uploads\/2020\/06\/nordic-c_logo.svg\",\"contentUrl\":\"https:\/\/nordic-c.com\/wp-content\/uploads\/2020\/06\/nordic-c_logo.svg\",\"width\":426,\"height\":64,\"caption\":\"Nordic-C ApS\"},\"image\":{\"@id\":\"https:\/\/nordic-c.com\/de\/#\/schema\/logo\/image\/\"}}]}<\/script>\n<!-- \/ Yoast SEO plugin. -->","yoast_head_json":{"title":"Forside - Nordic-C ApS","robots":{"index":"index","follow":"follow","max-snippet":"max-snippet:-1","max-image-preview":"max-image-preview:large","max-video-preview":"max-video-preview:-1"},"canonical":"https:\/\/nordic-c.com\/da\/","og_locale":"da_DK","og_type":"article","og_title":"Forside - Nordic-C ApS","og_description":"[vc_row full_width=&#8221;stretch_row&#8221;][vc_column width=&#8221;1\/12&#8243;][\/vc_column][vc_column width=&#8221;10\/12&#8243;][vc_column_text el_class=&#8221;custom&#8221;] Velkommen til Nordic-C [\/vc_column_text][vc_empty_space height=&#8221;10px&#8221;][vc_column_text] L\u00e6nestole og sofaer i Dansk design Nordic-C er en dansk m\u00f8belproducent af kvalitetsprodukter i Dansk design, som lever efter grunds\u00e6tningen at du fortjener valgmuligheder og eget design i dine kvalitetsm\u00f8bler. Hos os har vi ikke standard l\u00f8sninger, men muligheder for at du kan sammens\u00e6tte dine ... L\u00e6s mere","og_url":"https:\/\/nordic-c.com\/da\/","og_site_name":"Nordic-C ApS","article_modified_time":"2026-02-10T11:18:45+00:00","twitter_card":"summary_large_image","twitter_misc":{"Estimeret l\u00e6setid":"3 minutter"},"schema":{"@context":"https:\/\/schema.org","@graph":[{"@type":"WebPage","@id":"https:\/\/nordic-c.com\/da\/","url":"https:\/\/nordic-c.com\/da\/","name":"Forside - Nordic-C ApS","isPartOf":{"@id":"https:\/\/nordic-c.com\/de\/#website"},"datePublished":"2020-02-12T07:51:30+00:00","dateModified":"2026-02-10T11:18:45+00:00","breadcrumb":{"@id":"https:\/\/nordic-c.com\/da\/#breadcrumb"},"inLanguage":"da-DK","potentialAction":[{"@type":"ReadAction","target":["https:\/\/nordic-c.com\/da\/"]}]},{"@type":"BreadcrumbList","@id":"https:\/\/nordic-c.com\/da\/#breadcrumb","itemListElement":[{"@type":"ListItem","position":1,"name":"Hjem","item":"https:\/\/nordic-c.com\/da\/"},{"@type":"ListItem","position":2,"name":"Forside"}]},{"@type":"WebSite","@id":"https:\/\/nordic-c.com\/de\/#website","url":"https:\/\/nordic-c.com\/de\/","name":"Nordic-C ApS","description":"Designstole, stole, designm\u00f8bler, l\u00e6nestole, dansk design","publisher":{"@id":"https:\/\/nordic-c.com\/de\/#organization"},"potentialAction":[{"@type":"SearchAction","target":{"@type":"EntryPoint","urlTemplate":"https:\/\/nordic-c.com\/de\/?s={search_term_string}"},"query-input":{"@type":"PropertyValueSpecification","valueRequired":true,"valueName":"search_term_string"}}],"inLanguage":"da-DK"},{"@type":"Organization","@id":"https:\/\/nordic-c.com\/de\/#organization","name":"Nordic-C ApS","url":"https:\/\/nordic-c.com\/de\/","logo":{"@type":"ImageObject","inLanguage":"da-DK","@id":"https:\/\/nordic-c.com\/de\/#\/schema\/logo\/image\/","url":"https:\/\/nordic-c.com\/wp-content\/uploads\/2020\/06\/nordic-c_logo.svg","contentUrl":"https:\/\/nordic-c.com\/wp-content\/uploads\/2020\/06\/nordic-c_logo.svg","width":426,"height":64,"caption":"Nordic-C ApS"},"image":{"@id":"https:\/\/nordic-c.com\/de\/#\/schema\/logo\/image\/"}}]}},"_links":{"self":[{"href":"https:\/\/nordic-c.com\/da\/wp-json\/wp\/v2\/pages\/15"}],"collection":[{"href":"https:\/\/nordic-c.com\/da\/wp-json\/wp\/v2\/pages"}],"about":[{"href":"https:\/\/nordic-c.com\/da\/wp-json\/wp\/v2\/types\/page"}],"author":[{"embeddable":true,"href":"https:\/\/nordic-c.com\/da\/wp-json\/wp\/v2\/users\/1"}],"replies":[{"embeddable":true,"href":"https:\/\/nordic-c.com\/da\/wp-json\/wp\/v2\/comments?post=15"}],"version-history":[{"count":33,"href":"https:\/\/nordic-c.com\/da\/wp-json\/wp\/v2\/pages\/15\/revisions"}],"predecessor-version":[{"id":9784,"href":"https:\/\/nordic-c.com\/da\/wp-json\/wp\/v2\/pages\/15\/revisions\/9784"}],"wp:attachment":[{"href":"https:\/\/nordic-c.com\/da\/wp-json\/wp\/v2\/media?parent=15"}],"wp:term":[{"taxonomy":"category","embeddable":true,"href":"https:\/\/nordic-c.com\/da\/wp-json\/wp\/v2\/categories?post=15"}],"curies":[{"name":"wp","href":"https:\/\/api.w.org\/{rel}","templated":true}]}}