{"id":1290,"date":"2020-06-17T09:27:37","date_gmt":"2020-06-17T07:27:37","guid":{"rendered":"https:\/\/nordic-c.com\/designsofa\/csr\/"},"modified":"2021-09-08T07:33:09","modified_gmt":"2021-09-08T05:33:09","slug":"csr","status":"publish","type":"page","link":"https:\/\/nordic-c.com\/da\/designsofa\/csr\/","title":{"rendered":"CSR"},"content":{"rendered":"<div class=\"wpb-content-wrapper\"><p>[vc_row full_width=&#8221;stretch_row&#8221;][vc_column]<div class=\"ult-spacer spacer-69f4a0d6dcfc9\" data-id=\"69f4a0d6dcfc9\" data-height=\"90\" data-height-mobile=\"60\" data-height-tab=\"90\" data-height-tab-portrait=\"60\" data-height-mobile-landscape=\"60\" style=\"clear:both;display:block;\"><\/div>[\/vc_column][\/vc_row][vc_row full_width=&#8221;stretch_row&#8221;][vc_column offset=&#8221;vc_col-lg-8 vc_col-md-8 vc_col-xs-12&#8243;][vc_column_text]<\/p>\n<h1>CSR<\/h1>\n<p>Hos os er det vigtigt at vi g\u00f8r absolut det bedste for ikke bare kvaliteten af vores produkt, men ogs\u00e5 af de forhold produktet er fremskaffet under, og leveret til dig. Derfor er vores produkter produceret i Europa, i lande hvor vi har mulighed for at kontrollere arbejdsforholdene lever op til Europ\u00e6iske standarder.<\/p>\n<p>Ved designsofa g\u00e5r vi ind for b\u00e6redygtighed og er bevidste om det tr\u00e6, vi benytter. Vores tr\u00e6 er FSC certificeret. Dette betyder, at der ikke bliver f\u00e6ldet mere tr\u00e6, end hvad skoven selv kan n\u00e5 at reproducere. FSC er ogs\u00e5 en sikkerhed for, at dyr og planteliv bliver beskyttet, og at de mennesker, som arbejder i skoven, er uddannede og f\u00e5r det rette sikkerhedsudstyr og l\u00f8n.<\/p>\n<p>Designsofa produceres af professionelle h\u00e5ndv\u00e6rkere, som arbejder under ordnede forhold, og designsofa produceres i Europa, ikke blot for at vi kan sikre oprindelsen af komponenterne i din unikke sofa, men ogs\u00e5 for at sikre en stabil og h\u00f8j kvalitet i produktet, det professionelle h\u00e5ndv\u00e6rk.<\/p>\n<p>Ved at producere designsofa i Europa minimerer vi milj\u00f8belastningen ved transport, fra skov til stue. Dette er vi meget stolte af. Derfor er det ogs\u00e5 vigtigt for os, at vi sender din dr\u00f8mmesofa sammen med andres unikke designsofaer, for at sikre optimal udnyttelse af transporten og derved minimal milj\u00f8belastning.[\/vc_column_text]<div class=\"ult-spacer spacer-69f4a0d6dd019\" data-id=\"69f4a0d6dd019\" data-height=\"0\" data-height-mobile=\"60\" data-height-tab=\"0\" data-height-tab-portrait=\"60\" data-height-mobile-landscape=\"60\" style=\"clear:both;display:block;\"><\/div>[\/vc_column][vc_column offset=&#8221;vc_col-lg-4 vc_col-md-4 vc_col-xs-12&#8243;][vc_widget_sidebar sidebar_id=&#8221;sidebar-1&#8243; el_class=&#8221;contact-sidebar&#8221;][\/vc_column][\/vc_row][vc_row full_width=&#8221;stretch_row&#8221;][vc_column]<div class=\"ult-spacer spacer-69f4a0d6dd044\" data-id=\"69f4a0d6dd044\" data-height=\"90\" data-height-mobile=\"60\" data-height-tab=\"90\" data-height-tab-portrait=\"60\" data-height-mobile-landscape=\"60\" style=\"clear:both;display:block;\"><\/div>[\/vc_column][\/vc_row]<\/p>\n<\/div>","protected":false},"excerpt":{"rendered":"<p>[vc_row full_width=&#8221;stretch_row&#8221;][vc_column][\/vc_column][\/vc_row][vc_row full_width=&#8221;stretch_row&#8221;][vc_column offset=&#8221;vc_col-lg-8 vc_col-md-8 vc_col-xs-12&#8243;][vc_column_text] CSR Hos os er det vigtigt at vi g\u00f8r absolut det bedste for ikke bare kvaliteten af vores produkt, men ogs\u00e5 af de forhold produktet er fremskaffet under, og leveret til dig. Derfor er vores produkter produceret i Europa, i lande hvor vi har mulighed for at kontrollere arbejdsforholdene &#8230; <a title=\"CSR\" class=\"read-more\" href=\"https:\/\/nordic-c.com\/da\/designsofa\/csr\/\" aria-label=\"Read more about CSR\">L\u00e6s mere <\/a><\/p>\n","protected":false},"author":1,"featured_media":0,"parent":1242,"menu_order":9,"comment_status":"closed","ping_status":"closed","template":"","meta":{"footnotes":""},"categories":[],"class_list":["post-1290","page","type-page","status-publish"],"acf":[],"yoast_head":"<!-- This site is optimized with the Yoast SEO plugin v23.5 - https:\/\/yoast.com\/wordpress\/plugins\/seo\/ -->\n<title>CSR - Nordic-C ApS<\/title>\n<meta name=\"robots\" content=\"index, follow, max-snippet:-1, max-image-preview:large, max-video-preview:-1\" \/>\n<link rel=\"canonical\" href=\"https:\/\/nordic-c.com\/da\/designsofa\/csr\/\" \/>\n<meta property=\"og:locale\" content=\"da_DK\" \/>\n<meta property=\"og:type\" content=\"article\" \/>\n<meta property=\"og:title\" content=\"CSR - Nordic-C ApS\" \/>\n<meta property=\"og:description\" content=\"[vc_row full_width=&#8221;stretch_row&#8221;][vc_column][\/vc_column][\/vc_row][vc_row full_width=&#8221;stretch_row&#8221;][vc_column offset=&#8221;vc_col-lg-8 vc_col-md-8 vc_col-xs-12&#8243;][vc_column_text] CSR Hos os er det vigtigt at vi g\u00f8r absolut det bedste for ikke bare kvaliteten af vores produkt, men ogs\u00e5 af de forhold produktet er fremskaffet under, og leveret til dig. Derfor er vores produkter produceret i Europa, i lande hvor vi har mulighed for at kontrollere arbejdsforholdene ... L\u00e6s mere\" \/>\n<meta property=\"og:url\" content=\"https:\/\/nordic-c.com\/da\/designsofa\/csr\/\" \/>\n<meta property=\"og:site_name\" content=\"Nordic-C ApS\" \/>\n<meta property=\"article:modified_time\" content=\"2021-09-08T05:33:09+00:00\" \/>\n<meta name=\"twitter:card\" content=\"summary_large_image\" \/>\n<meta name=\"twitter:label1\" content=\"Estimeret l\u00e6setid\" \/>\n\t<meta name=\"twitter:data1\" content=\"2 minutter\" \/>\n<script type=\"application\/ld+json\" class=\"yoast-schema-graph\">{\"@context\":\"https:\/\/schema.org\",\"@graph\":[{\"@type\":\"WebPage\",\"@id\":\"https:\/\/nordic-c.com\/da\/designsofa\/csr\/\",\"url\":\"https:\/\/nordic-c.com\/da\/designsofa\/csr\/\",\"name\":\"CSR - Nordic-C ApS\",\"isPartOf\":{\"@id\":\"https:\/\/nordic-c.com\/de\/#website\"},\"datePublished\":\"2020-06-17T07:27:37+00:00\",\"dateModified\":\"2021-09-08T05:33:09+00:00\",\"breadcrumb\":{\"@id\":\"https:\/\/nordic-c.com\/da\/designsofa\/csr\/#breadcrumb\"},\"inLanguage\":\"da-DK\",\"potentialAction\":[{\"@type\":\"ReadAction\",\"target\":[\"https:\/\/nordic-c.com\/da\/designsofa\/csr\/\"]}]},{\"@type\":\"BreadcrumbList\",\"@id\":\"https:\/\/nordic-c.com\/da\/designsofa\/csr\/#breadcrumb\",\"itemListElement\":[{\"@type\":\"ListItem\",\"position\":1,\"name\":\"Hjem\",\"item\":\"https:\/\/nordic-c.com\/da\/\"},{\"@type\":\"ListItem\",\"position\":2,\"name\":\"Designsofa\",\"item\":\"https:\/\/nordic-c.com\/da\/designsofa\/\"},{\"@type\":\"ListItem\",\"position\":3,\"name\":\"CSR\"}]},{\"@type\":\"WebSite\",\"@id\":\"https:\/\/nordic-c.com\/de\/#website\",\"url\":\"https:\/\/nordic-c.com\/de\/\",\"name\":\"Nordic-C ApS\",\"description\":\"Designstole, stole, designm\u00f8bler, l\u00e6nestole, dansk design\",\"publisher\":{\"@id\":\"https:\/\/nordic-c.com\/de\/#organization\"},\"potentialAction\":[{\"@type\":\"SearchAction\",\"target\":{\"@type\":\"EntryPoint\",\"urlTemplate\":\"https:\/\/nordic-c.com\/de\/?s={search_term_string}\"},\"query-input\":{\"@type\":\"PropertyValueSpecification\",\"valueRequired\":true,\"valueName\":\"search_term_string\"}}],\"inLanguage\":\"da-DK\"},{\"@type\":\"Organization\",\"@id\":\"https:\/\/nordic-c.com\/de\/#organization\",\"name\":\"Nordic-C ApS\",\"url\":\"https:\/\/nordic-c.com\/de\/\",\"logo\":{\"@type\":\"ImageObject\",\"inLanguage\":\"da-DK\",\"@id\":\"https:\/\/nordic-c.com\/de\/#\/schema\/logo\/image\/\",\"url\":\"https:\/\/nordic-c.com\/wp-content\/uploads\/2020\/06\/nordic-c_logo.svg\",\"contentUrl\":\"https:\/\/nordic-c.com\/wp-content\/uploads\/2020\/06\/nordic-c_logo.svg\",\"width\":426,\"height\":64,\"caption\":\"Nordic-C ApS\"},\"image\":{\"@id\":\"https:\/\/nordic-c.com\/de\/#\/schema\/logo\/image\/\"}}]}<\/script>\n<!-- \/ Yoast SEO plugin. -->","yoast_head_json":{"title":"CSR - Nordic-C ApS","robots":{"index":"index","follow":"follow","max-snippet":"max-snippet:-1","max-image-preview":"max-image-preview:large","max-video-preview":"max-video-preview:-1"},"canonical":"https:\/\/nordic-c.com\/da\/designsofa\/csr\/","og_locale":"da_DK","og_type":"article","og_title":"CSR - Nordic-C ApS","og_description":"[vc_row full_width=&#8221;stretch_row&#8221;][vc_column][\/vc_column][\/vc_row][vc_row full_width=&#8221;stretch_row&#8221;][vc_column offset=&#8221;vc_col-lg-8 vc_col-md-8 vc_col-xs-12&#8243;][vc_column_text] CSR Hos os er det vigtigt at vi g\u00f8r absolut det bedste for ikke bare kvaliteten af vores produkt, men ogs\u00e5 af de forhold produktet er fremskaffet under, og leveret til dig. Derfor er vores produkter produceret i Europa, i lande hvor vi har mulighed for at kontrollere arbejdsforholdene ... L\u00e6s mere","og_url":"https:\/\/nordic-c.com\/da\/designsofa\/csr\/","og_site_name":"Nordic-C ApS","article_modified_time":"2021-09-08T05:33:09+00:00","twitter_card":"summary_large_image","twitter_misc":{"Estimeret l\u00e6setid":"2 minutter"},"schema":{"@context":"https:\/\/schema.org","@graph":[{"@type":"WebPage","@id":"https:\/\/nordic-c.com\/da\/designsofa\/csr\/","url":"https:\/\/nordic-c.com\/da\/designsofa\/csr\/","name":"CSR - Nordic-C ApS","isPartOf":{"@id":"https:\/\/nordic-c.com\/de\/#website"},"datePublished":"2020-06-17T07:27:37+00:00","dateModified":"2021-09-08T05:33:09+00:00","breadcrumb":{"@id":"https:\/\/nordic-c.com\/da\/designsofa\/csr\/#breadcrumb"},"inLanguage":"da-DK","potentialAction":[{"@type":"ReadAction","target":["https:\/\/nordic-c.com\/da\/designsofa\/csr\/"]}]},{"@type":"BreadcrumbList","@id":"https:\/\/nordic-c.com\/da\/designsofa\/csr\/#breadcrumb","itemListElement":[{"@type":"ListItem","position":1,"name":"Hjem","item":"https:\/\/nordic-c.com\/da\/"},{"@type":"ListItem","position":2,"name":"Designsofa","item":"https:\/\/nordic-c.com\/da\/designsofa\/"},{"@type":"ListItem","position":3,"name":"CSR"}]},{"@type":"WebSite","@id":"https:\/\/nordic-c.com\/de\/#website","url":"https:\/\/nordic-c.com\/de\/","name":"Nordic-C ApS","description":"Designstole, stole, designm\u00f8bler, l\u00e6nestole, dansk design","publisher":{"@id":"https:\/\/nordic-c.com\/de\/#organization"},"potentialAction":[{"@type":"SearchAction","target":{"@type":"EntryPoint","urlTemplate":"https:\/\/nordic-c.com\/de\/?s={search_term_string}"},"query-input":{"@type":"PropertyValueSpecification","valueRequired":true,"valueName":"search_term_string"}}],"inLanguage":"da-DK"},{"@type":"Organization","@id":"https:\/\/nordic-c.com\/de\/#organization","name":"Nordic-C ApS","url":"https:\/\/nordic-c.com\/de\/","logo":{"@type":"ImageObject","inLanguage":"da-DK","@id":"https:\/\/nordic-c.com\/de\/#\/schema\/logo\/image\/","url":"https:\/\/nordic-c.com\/wp-content\/uploads\/2020\/06\/nordic-c_logo.svg","contentUrl":"https:\/\/nordic-c.com\/wp-content\/uploads\/2020\/06\/nordic-c_logo.svg","width":426,"height":64,"caption":"Nordic-C ApS"},"image":{"@id":"https:\/\/nordic-c.com\/de\/#\/schema\/logo\/image\/"}}]}},"_links":{"self":[{"href":"https:\/\/nordic-c.com\/da\/wp-json\/wp\/v2\/pages\/1290"}],"collection":[{"href":"https:\/\/nordic-c.com\/da\/wp-json\/wp\/v2\/pages"}],"about":[{"href":"https:\/\/nordic-c.com\/da\/wp-json\/wp\/v2\/types\/page"}],"author":[{"embeddable":true,"href":"https:\/\/nordic-c.com\/da\/wp-json\/wp\/v2\/users\/1"}],"replies":[{"embeddable":true,"href":"https:\/\/nordic-c.com\/da\/wp-json\/wp\/v2\/comments?post=1290"}],"version-history":[{"count":3,"href":"https:\/\/nordic-c.com\/da\/wp-json\/wp\/v2\/pages\/1290\/revisions"}],"predecessor-version":[{"id":6828,"href":"https:\/\/nordic-c.com\/da\/wp-json\/wp\/v2\/pages\/1290\/revisions\/6828"}],"up":[{"embeddable":true,"href":"https:\/\/nordic-c.com\/da\/wp-json\/wp\/v2\/pages\/1242"}],"wp:attachment":[{"href":"https:\/\/nordic-c.com\/da\/wp-json\/wp\/v2\/media?parent=1290"}],"wp:term":[{"taxonomy":"category","embeddable":true,"href":"https:\/\/nordic-c.com\/da\/wp-json\/wp\/v2\/categories?post=1290"}],"curies":[{"name":"wp","href":"https:\/\/api.w.org\/{rel}","templated":true}]}}