{"id":1288,"date":"2020-06-17T09:27:36","date_gmt":"2020-06-17T07:27:36","guid":{"rendered":"https:\/\/nordic-c.com\/designsofa\/kvalitet\/"},"modified":"2020-06-17T09:29:33","modified_gmt":"2020-06-17T07:29:33","slug":"kvalitet","status":"publish","type":"page","link":"https:\/\/nordic-c.com\/da\/designsofa\/kvalitet\/","title":{"rendered":"Kvalitet"},"content":{"rendered":"<div class=\"wpb-content-wrapper\"><p>[vc_row full_width=&#8221;stretch_row&#8221;][vc_column]<div class=\"ult-spacer spacer-69e1c0237e70c\" data-id=\"69e1c0237e70c\" data-height=\"90\" data-height-mobile=\"60\" data-height-tab=\"90\" data-height-tab-portrait=\"60\" data-height-mobile-landscape=\"60\" style=\"clear:both;display:block;\"><\/div>[\/vc_column][\/vc_row][vc_row full_width=&#8221;stretch_row&#8221;][vc_column offset=&#8221;vc_col-lg-8 vc_col-md-8 vc_col-xs-12&#8243;][vc_column_text]<\/p>\n<h1>Kvalitet<\/h1>\n<p>Med designsofa kan I designe jeres egen unikke dr\u00f8mmesofa i markedets bedste kvalitet, til en fornuftig pris. Ingen anden sofa leverand\u00f8r i Europa tilbyder tilsvarende muligheder og kvalitet, til samme pris.<\/p>\n<p>Designsofa er et produkt til familien, som \u00f8nsker et unikt sofaprodukt, hvor I har mulighed for at tilpasse sofaen efter jeres \u00f8nske. I har mulighed for at skabe jeres unikke dr\u00f8mmesofa, som skaber rammerne for familien i mange \u00e5r ud i fremtiden.<\/p>\n<p>Med det store udvalg af Moduler, arme, ben, tekstiler og l\u00e6der, kan I netop designe en sofa efter jeres dr\u00f8mme, og som er unik til netop jer.<\/p>\n<p>L\u00e6s alt om kvaliteten i designsofa under Quality Facts p\u00e5 <a href=\"http:\/\/www.designsofa.dk\" target=\"_blank\" rel=\"noopener noreferrer\">www.designsofa.dk<\/a>[\/vc_column_text]<div class=\"ult-spacer spacer-69e1c0237e750\" data-id=\"69e1c0237e750\" data-height=\"0\" data-height-mobile=\"60\" data-height-tab=\"0\" data-height-tab-portrait=\"60\" data-height-mobile-landscape=\"60\" style=\"clear:both;display:block;\"><\/div>[\/vc_column][vc_column offset=&#8221;vc_col-lg-4 vc_col-md-4 vc_col-xs-12&#8243;][vc_widget_sidebar sidebar_id=&#8221;sidebar-1&#8243; el_class=&#8221;contact-sidebar&#8221;][\/vc_column][\/vc_row][vc_row full_width=&#8221;stretch_row&#8221;][vc_column]<div class=\"ult-spacer spacer-69e1c0237e774\" data-id=\"69e1c0237e774\" data-height=\"90\" data-height-mobile=\"60\" data-height-tab=\"90\" data-height-tab-portrait=\"60\" data-height-mobile-landscape=\"60\" style=\"clear:both;display:block;\"><\/div>[\/vc_column][\/vc_row]<\/p>\n<\/div>","protected":false},"excerpt":{"rendered":"<p>[vc_row full_width=&#8221;stretch_row&#8221;][vc_column][\/vc_column][\/vc_row][vc_row full_width=&#8221;stretch_row&#8221;][vc_column offset=&#8221;vc_col-lg-8 vc_col-md-8 vc_col-xs-12&#8243;][vc_column_text] Kvalitet Med designsofa kan I designe jeres egen unikke dr\u00f8mmesofa i markedets bedste kvalitet, til en fornuftig pris. Ingen anden sofa leverand\u00f8r i Europa tilbyder tilsvarende muligheder og kvalitet, til samme pris. Designsofa er et produkt til familien, som \u00f8nsker et unikt sofaprodukt, hvor I har mulighed for at &#8230; <a title=\"Kvalitet\" class=\"read-more\" href=\"https:\/\/nordic-c.com\/da\/designsofa\/kvalitet\/\" aria-label=\"Read more about Kvalitet\">L\u00e6s mere <\/a><\/p>\n","protected":false},"author":1,"featured_media":0,"parent":1242,"menu_order":7,"comment_status":"closed","ping_status":"closed","template":"","meta":{"footnotes":""},"categories":[],"class_list":["post-1288","page","type-page","status-publish"],"acf":[],"yoast_head":"<!-- This site is optimized with the Yoast SEO plugin v23.5 - https:\/\/yoast.com\/wordpress\/plugins\/seo\/ -->\n<title>Kvalitet - Nordic-C ApS<\/title>\n<meta name=\"robots\" content=\"index, follow, max-snippet:-1, max-image-preview:large, max-video-preview:-1\" \/>\n<link rel=\"canonical\" href=\"https:\/\/nordic-c.com\/da\/designsofa\/kvalitet\/\" \/>\n<meta property=\"og:locale\" content=\"da_DK\" \/>\n<meta property=\"og:type\" content=\"article\" \/>\n<meta property=\"og:title\" content=\"Kvalitet - Nordic-C ApS\" \/>\n<meta property=\"og:description\" content=\"[vc_row full_width=&#8221;stretch_row&#8221;][vc_column][\/vc_column][\/vc_row][vc_row full_width=&#8221;stretch_row&#8221;][vc_column offset=&#8221;vc_col-lg-8 vc_col-md-8 vc_col-xs-12&#8243;][vc_column_text] Kvalitet Med designsofa kan I designe jeres egen unikke dr\u00f8mmesofa i markedets bedste kvalitet, til en fornuftig pris. Ingen anden sofa leverand\u00f8r i Europa tilbyder tilsvarende muligheder og kvalitet, til samme pris. Designsofa er et produkt til familien, som \u00f8nsker et unikt sofaprodukt, hvor I har mulighed for at ... L\u00e6s mere\" \/>\n<meta property=\"og:url\" content=\"https:\/\/nordic-c.com\/da\/designsofa\/kvalitet\/\" \/>\n<meta property=\"og:site_name\" content=\"Nordic-C ApS\" \/>\n<meta property=\"article:modified_time\" content=\"2020-06-17T07:29:33+00:00\" \/>\n<meta name=\"twitter:card\" content=\"summary_large_image\" \/>\n<meta name=\"twitter:label1\" content=\"Estimeret l\u00e6setid\" \/>\n\t<meta name=\"twitter:data1\" content=\"1 minut\" \/>\n<script type=\"application\/ld+json\" class=\"yoast-schema-graph\">{\"@context\":\"https:\/\/schema.org\",\"@graph\":[{\"@type\":\"WebPage\",\"@id\":\"https:\/\/nordic-c.com\/da\/designsofa\/kvalitet\/\",\"url\":\"https:\/\/nordic-c.com\/da\/designsofa\/kvalitet\/\",\"name\":\"Kvalitet - Nordic-C ApS\",\"isPartOf\":{\"@id\":\"https:\/\/nordic-c.com\/de\/#website\"},\"datePublished\":\"2020-06-17T07:27:36+00:00\",\"dateModified\":\"2020-06-17T07:29:33+00:00\",\"breadcrumb\":{\"@id\":\"https:\/\/nordic-c.com\/da\/designsofa\/kvalitet\/#breadcrumb\"},\"inLanguage\":\"da-DK\",\"potentialAction\":[{\"@type\":\"ReadAction\",\"target\":[\"https:\/\/nordic-c.com\/da\/designsofa\/kvalitet\/\"]}]},{\"@type\":\"BreadcrumbList\",\"@id\":\"https:\/\/nordic-c.com\/da\/designsofa\/kvalitet\/#breadcrumb\",\"itemListElement\":[{\"@type\":\"ListItem\",\"position\":1,\"name\":\"Hjem\",\"item\":\"https:\/\/nordic-c.com\/da\/\"},{\"@type\":\"ListItem\",\"position\":2,\"name\":\"Designsofa\",\"item\":\"https:\/\/nordic-c.com\/da\/designsofa\/\"},{\"@type\":\"ListItem\",\"position\":3,\"name\":\"Kvalitet\"}]},{\"@type\":\"WebSite\",\"@id\":\"https:\/\/nordic-c.com\/de\/#website\",\"url\":\"https:\/\/nordic-c.com\/de\/\",\"name\":\"Nordic-C ApS\",\"description\":\"Designstole, stole, designm\u00f8bler, l\u00e6nestole, dansk design\",\"publisher\":{\"@id\":\"https:\/\/nordic-c.com\/de\/#organization\"},\"potentialAction\":[{\"@type\":\"SearchAction\",\"target\":{\"@type\":\"EntryPoint\",\"urlTemplate\":\"https:\/\/nordic-c.com\/de\/?s={search_term_string}\"},\"query-input\":{\"@type\":\"PropertyValueSpecification\",\"valueRequired\":true,\"valueName\":\"search_term_string\"}}],\"inLanguage\":\"da-DK\"},{\"@type\":\"Organization\",\"@id\":\"https:\/\/nordic-c.com\/de\/#organization\",\"name\":\"Nordic-C ApS\",\"url\":\"https:\/\/nordic-c.com\/de\/\",\"logo\":{\"@type\":\"ImageObject\",\"inLanguage\":\"da-DK\",\"@id\":\"https:\/\/nordic-c.com\/de\/#\/schema\/logo\/image\/\",\"url\":\"https:\/\/nordic-c.com\/wp-content\/uploads\/2020\/06\/nordic-c_logo.svg\",\"contentUrl\":\"https:\/\/nordic-c.com\/wp-content\/uploads\/2020\/06\/nordic-c_logo.svg\",\"width\":426,\"height\":64,\"caption\":\"Nordic-C ApS\"},\"image\":{\"@id\":\"https:\/\/nordic-c.com\/de\/#\/schema\/logo\/image\/\"}}]}<\/script>\n<!-- \/ Yoast SEO plugin. -->","yoast_head_json":{"title":"Kvalitet - Nordic-C ApS","robots":{"index":"index","follow":"follow","max-snippet":"max-snippet:-1","max-image-preview":"max-image-preview:large","max-video-preview":"max-video-preview:-1"},"canonical":"https:\/\/nordic-c.com\/da\/designsofa\/kvalitet\/","og_locale":"da_DK","og_type":"article","og_title":"Kvalitet - Nordic-C ApS","og_description":"[vc_row full_width=&#8221;stretch_row&#8221;][vc_column][\/vc_column][\/vc_row][vc_row full_width=&#8221;stretch_row&#8221;][vc_column offset=&#8221;vc_col-lg-8 vc_col-md-8 vc_col-xs-12&#8243;][vc_column_text] Kvalitet Med designsofa kan I designe jeres egen unikke dr\u00f8mmesofa i markedets bedste kvalitet, til en fornuftig pris. Ingen anden sofa leverand\u00f8r i Europa tilbyder tilsvarende muligheder og kvalitet, til samme pris. Designsofa er et produkt til familien, som \u00f8nsker et unikt sofaprodukt, hvor I har mulighed for at ... L\u00e6s mere","og_url":"https:\/\/nordic-c.com\/da\/designsofa\/kvalitet\/","og_site_name":"Nordic-C ApS","article_modified_time":"2020-06-17T07:29:33+00:00","twitter_card":"summary_large_image","twitter_misc":{"Estimeret l\u00e6setid":"1 minut"},"schema":{"@context":"https:\/\/schema.org","@graph":[{"@type":"WebPage","@id":"https:\/\/nordic-c.com\/da\/designsofa\/kvalitet\/","url":"https:\/\/nordic-c.com\/da\/designsofa\/kvalitet\/","name":"Kvalitet - Nordic-C ApS","isPartOf":{"@id":"https:\/\/nordic-c.com\/de\/#website"},"datePublished":"2020-06-17T07:27:36+00:00","dateModified":"2020-06-17T07:29:33+00:00","breadcrumb":{"@id":"https:\/\/nordic-c.com\/da\/designsofa\/kvalitet\/#breadcrumb"},"inLanguage":"da-DK","potentialAction":[{"@type":"ReadAction","target":["https:\/\/nordic-c.com\/da\/designsofa\/kvalitet\/"]}]},{"@type":"BreadcrumbList","@id":"https:\/\/nordic-c.com\/da\/designsofa\/kvalitet\/#breadcrumb","itemListElement":[{"@type":"ListItem","position":1,"name":"Hjem","item":"https:\/\/nordic-c.com\/da\/"},{"@type":"ListItem","position":2,"name":"Designsofa","item":"https:\/\/nordic-c.com\/da\/designsofa\/"},{"@type":"ListItem","position":3,"name":"Kvalitet"}]},{"@type":"WebSite","@id":"https:\/\/nordic-c.com\/de\/#website","url":"https:\/\/nordic-c.com\/de\/","name":"Nordic-C ApS","description":"Designstole, stole, designm\u00f8bler, l\u00e6nestole, dansk design","publisher":{"@id":"https:\/\/nordic-c.com\/de\/#organization"},"potentialAction":[{"@type":"SearchAction","target":{"@type":"EntryPoint","urlTemplate":"https:\/\/nordic-c.com\/de\/?s={search_term_string}"},"query-input":{"@type":"PropertyValueSpecification","valueRequired":true,"valueName":"search_term_string"}}],"inLanguage":"da-DK"},{"@type":"Organization","@id":"https:\/\/nordic-c.com\/de\/#organization","name":"Nordic-C ApS","url":"https:\/\/nordic-c.com\/de\/","logo":{"@type":"ImageObject","inLanguage":"da-DK","@id":"https:\/\/nordic-c.com\/de\/#\/schema\/logo\/image\/","url":"https:\/\/nordic-c.com\/wp-content\/uploads\/2020\/06\/nordic-c_logo.svg","contentUrl":"https:\/\/nordic-c.com\/wp-content\/uploads\/2020\/06\/nordic-c_logo.svg","width":426,"height":64,"caption":"Nordic-C ApS"},"image":{"@id":"https:\/\/nordic-c.com\/de\/#\/schema\/logo\/image\/"}}]}},"_links":{"self":[{"href":"https:\/\/nordic-c.com\/da\/wp-json\/wp\/v2\/pages\/1288"}],"collection":[{"href":"https:\/\/nordic-c.com\/da\/wp-json\/wp\/v2\/pages"}],"about":[{"href":"https:\/\/nordic-c.com\/da\/wp-json\/wp\/v2\/types\/page"}],"author":[{"embeddable":true,"href":"https:\/\/nordic-c.com\/da\/wp-json\/wp\/v2\/users\/1"}],"replies":[{"embeddable":true,"href":"https:\/\/nordic-c.com\/da\/wp-json\/wp\/v2\/comments?post=1288"}],"version-history":[{"count":1,"href":"https:\/\/nordic-c.com\/da\/wp-json\/wp\/v2\/pages\/1288\/revisions"}],"predecessor-version":[{"id":1292,"href":"https:\/\/nordic-c.com\/da\/wp-json\/wp\/v2\/pages\/1288\/revisions\/1292"}],"up":[{"embeddable":true,"href":"https:\/\/nordic-c.com\/da\/wp-json\/wp\/v2\/pages\/1242"}],"wp:attachment":[{"href":"https:\/\/nordic-c.com\/da\/wp-json\/wp\/v2\/media?parent=1288"}],"wp:term":[{"taxonomy":"category","embeddable":true,"href":"https:\/\/nordic-c.com\/da\/wp-json\/wp\/v2\/categories?post=1288"}],"curies":[{"name":"wp","href":"https:\/\/api.w.org\/{rel}","templated":true}]}}