{"id":1247,"date":"2020-06-17T08:03:57","date_gmt":"2020-06-17T06:03:57","guid":{"rendered":"https:\/\/nordic-c.com\/om-os-kontakt\/"},"modified":"2026-01-06T10:15:31","modified_gmt":"2026-01-06T09:15:31","slug":"om-os-kontakt","status":"publish","type":"page","link":"https:\/\/nordic-c.com\/da\/om-os-kontakt\/","title":{"rendered":"Om os \/ Kontakt"},"content":{"rendered":"<div class=\"wpb-content-wrapper\"><p>[vc_row full_width=&#8221;stretch_row&#8221;][vc_column]<div class=\"ult-spacer spacer-69ea337dee483\" data-id=\"69ea337dee483\" data-height=\"90\" data-height-mobile=\"60\" data-height-tab=\"90\" data-height-tab-portrait=\"60\" data-height-mobile-landscape=\"60\" style=\"clear:both;display:block;\"><\/div>[\/vc_column][\/vc_row][vc_row full_width=&#8221;stretch_row&#8221;][vc_column width=&#8221;1\/2&#8243; offset=&#8221;vc_col-xs-12&#8243;][vc_row_inner css=&#8221;.vc_custom_1580199704599{margin-right: 0px !important;margin-left: 0px !important;}&#8221;][vc_column_inner css=&#8221;.vc_custom_1580199716916{padding-top: 20px !important;padding-right: 20px !important;padding-bottom: 20px !important;padding-left: 20px !important;background-color: #f7f7f7 !important;}&#8221;][vc_column_text]<\/p>\n<h1>Om os<\/h1>\n<p>Nordic-C er en dansk m\u00f8belproducent af kvalitetsprodukter i Dansk design, som lever efter grunds\u00e6tningen at du fortjener valgmuligheder og eget design i dine kvalitetsm\u00f8bler. Hos os har vi ikke standard l\u00f8sninger, men muligheder for at du kan sammens\u00e6tte dine nye m\u00f8bler, s\u00e5 de passer til dig og dit hjem, om det er valg af Tekstil\/l\u00e6der, sokler, tr\u00e6stellet, eller som Designsofa, dit eget unikke design efter m\u00e5l.<\/p>\n<p>Vores historie g\u00e5r tilbage til 1977, hvor stifteren af den oprindelige virksomhed p\u00e5begyndte udviklingen og salg af m\u00f8bler fra virksomhedens lokation i Aars.<br \/>\nVirksomheden har igennem tiden opn\u00e5et anerkendelse som leverand\u00f8r af Skandinaviens mest solgte seniorstol og global leverand\u00f8r af High seat chairs.<\/p>\n<p>I dag er Nordic-Cs prim\u00e6re produkt vores Designsofa, hvortil vi tilbyder matchende stole til dit unikke design.<\/p>\n<p>Virksomheden er stadig beliggende i Aars, og f\u00e5r produceret vores produkter i EU, hvorved vi kan sikre den h\u00f8je kvalitet, at produkterne lever op til EU standarder, samt minimal milj\u00f8p\u00e5virkning i produktion og transport.<\/p>\n<p>Ud over vores egne produkter fungerer Nordic-C som salgsselskab i Norden for en r\u00e6kke af vores samarbejdspartnere.[\/vc_column_text][\/vc_column_inner][\/vc_row_inner]<div class=\"ult-spacer spacer-69ea337dee4cb\" data-id=\"69ea337dee4cb\" data-height=\"\" data-height-mobile=\"30\" data-height-tab=\"\" data-height-tab-portrait=\"30\" data-height-mobile-landscape=\"30\" style=\"clear:both;display:block;\"><\/div>[\/vc_column][vc_column width=&#8221;1\/2&#8243; offset=&#8221;vc_col-xs-12&#8243;][vc_column_text css=&#8221;&#8221;]<\/p>\n<h2 style=\"text-align: left;\">Kontakt<\/h2>\n<p>Kontakt os gerne p\u00e5 telefon\u00a0<a href=\"tel:86691855\">+45 8669 1855<\/a> eller skriv til os p\u00e5 mail\u00a0<a href=\"mailto:top-line@top-line.dk\">top-line@top-line.dk<\/a>\u00a0for at h\u00f8re n\u00e6rmere om vores produkter, eller blive henvist til n\u00e6rmeste forhandler.<\/p>\n<p>Du er ogs\u00e5 meget velkommen til at benytte nedenst\u00e5ende kontakt formular og vi vender tilbage hurtigst muligt.<\/p>\n<p>CVR: 36199741[\/vc_column_text][vc_empty_space height=&#8221;15px&#8221;][vc_raw_html]JTVCZm9ybWluYXRvcl9mb3JtJTIwaWQlM0QlMjI2NiUyMiU1RA==[\/vc_raw_html][\/vc_column][\/vc_row][vc_row full_width=&#8221;stretch_row_content_no_spaces&#8221;][vc_column]<div class=\"ult-spacer spacer-69ea337dee4f3\" data-id=\"69ea337dee4f3\" data-height=\"90\" data-height-mobile=\"30\" data-height-tab=\"90\" data-height-tab-portrait=\"60\" data-height-mobile-landscape=\"30\" style=\"clear:both;display:block;\"><\/div>[vc_gmaps link=&#8221;#E-8_JTNDaWZyYW1lJTIwc3JjJTNEJTIyaHR0cHMlM0ElMkYlMkZ3d3cuZ29vZ2xlLmNvbSUyRm1hcHMlMkZlbWJlZCUzRnBiJTNEJTIxMW0xNCUyMTFtOCUyMTFtMyUyMTFkMTkzMDQ2LjcyMzgxMDA2NjkzJTIxMmQ5LjQwNjY4NjIyMzc2Nzc1OSUyMTNkNTYuODQ1MDY3MDc4NTE0NzMlMjEzbTIlMjExaTEwMjQlMjEyaTc2OCUyMTRmMTMuMSUyMTNtMyUyMTFtMiUyMTFzMHg0NjQ5NDQ2YmM3MmFmMTgxJTI1M0EweGY1NGM1MDA1MDMyNDNjNWElMjEyc01hcmtlZHN2ZWolMjUyMDYlMjUyQyUyNTIwOTYwMCUyNTIwQWFycyUyMTVlMCUyMTNtMiUyMTFzZGElMjEyc2RrJTIxNHYxNTkyMzgzMDYwMzY0JTIxNW0yJTIxMXNkYSUyMTJzZGslMjIlMjB3aWR0aCUzRCUyMjYwMCUyMiUyMGhlaWdodCUzRCUyMjQ1MCUyMiUyMGZyYW1lYm9yZGVyJTNEJTIyMCUyMiUyMHN0eWxlJTNEJTIyYm9yZGVyJTNBMCUzQiUyMiUyMGFsbG93ZnVsbHNjcmVlbiUzRCUyMiUyMiUyMGFyaWEtaGlkZGVuJTNEJTIyZmFsc2UlMjIlMjB0YWJpbmRleCUzRCUyMjAlMjIlM0UlM0MlMkZpZnJhbWUlM0U=&#8221; size=&#8221;400px&#8221;][\/vc_column][\/vc_row]<\/p>\n<\/div>","protected":false},"excerpt":{"rendered":"<p>[vc_row full_width=&#8221;stretch_row&#8221;][vc_column][\/vc_column][\/vc_row][vc_row full_width=&#8221;stretch_row&#8221;][vc_column width=&#8221;1\/2&#8243; offset=&#8221;vc_col-xs-12&#8243;][vc_row_inner css=&#8221;.vc_custom_1580199704599{margin-right: 0px !important;margin-left: 0px !important;}&#8221;][vc_column_inner css=&#8221;.vc_custom_1580199716916{padding-top: 20px !important;padding-right: 20px !important;padding-bottom: 20px !important;padding-left: 20px !important;background-color: #f7f7f7 !important;}&#8221;][vc_column_text] Om os Nordic-C er en dansk m\u00f8belproducent af kvalitetsprodukter i Dansk design, som lever efter grunds\u00e6tningen at du fortjener valgmuligheder og eget design i dine kvalitetsm\u00f8bler. Hos os har vi ikke standard l\u00f8sninger, men &#8230; <a title=\"Om os \/ Kontakt\" class=\"read-more\" href=\"https:\/\/nordic-c.com\/da\/om-os-kontakt\/\" aria-label=\"Read more about Om os \/ Kontakt\">L\u00e6s mere <\/a><\/p>\n","protected":false},"author":1,"featured_media":0,"parent":0,"menu_order":6,"comment_status":"closed","ping_status":"closed","template":"","meta":{"footnotes":""},"categories":[],"class_list":["post-1247","page","type-page","status-publish"],"acf":[],"yoast_head":"<!-- This site is optimized with the Yoast SEO plugin v23.5 - https:\/\/yoast.com\/wordpress\/plugins\/seo\/ -->\n<title>Om os \/ Kontakt - Nordic-C ApS<\/title>\n<meta name=\"robots\" content=\"index, follow, max-snippet:-1, max-image-preview:large, max-video-preview:-1\" \/>\n<link rel=\"canonical\" href=\"https:\/\/nordic-c.com\/da\/om-os-kontakt\/\" \/>\n<meta property=\"og:locale\" content=\"da_DK\" \/>\n<meta property=\"og:type\" content=\"article\" \/>\n<meta property=\"og:title\" content=\"Om os \/ Kontakt - Nordic-C ApS\" \/>\n<meta property=\"og:description\" content=\"[vc_row full_width=&#8221;stretch_row&#8221;][vc_column][\/vc_column][\/vc_row][vc_row full_width=&#8221;stretch_row&#8221;][vc_column width=&#8221;1\/2&#8243; offset=&#8221;vc_col-xs-12&#8243;][vc_row_inner css=&#8221;.vc_custom_1580199704599{margin-right: 0px !important;margin-left: 0px !important;}&#8221;][vc_column_inner css=&#8221;.vc_custom_1580199716916{padding-top: 20px !important;padding-right: 20px !important;padding-bottom: 20px !important;padding-left: 20px !important;background-color: #f7f7f7 !important;}&#8221;][vc_column_text] Om os Nordic-C er en dansk m\u00f8belproducent af kvalitetsprodukter i Dansk design, som lever efter grunds\u00e6tningen at du fortjener valgmuligheder og eget design i dine kvalitetsm\u00f8bler. Hos os har vi ikke standard l\u00f8sninger, men ... L\u00e6s mere\" \/>\n<meta property=\"og:url\" content=\"https:\/\/nordic-c.com\/da\/om-os-kontakt\/\" \/>\n<meta property=\"og:site_name\" content=\"Nordic-C ApS\" \/>\n<meta property=\"article:modified_time\" content=\"2026-01-06T09:15:31+00:00\" \/>\n<meta name=\"twitter:card\" content=\"summary_large_image\" \/>\n<meta name=\"twitter:label1\" content=\"Estimeret l\u00e6setid\" \/>\n\t<meta name=\"twitter:data1\" content=\"2 minutter\" \/>\n<script type=\"application\/ld+json\" class=\"yoast-schema-graph\">{\"@context\":\"https:\/\/schema.org\",\"@graph\":[{\"@type\":\"WebPage\",\"@id\":\"https:\/\/nordic-c.com\/da\/om-os-kontakt\/\",\"url\":\"https:\/\/nordic-c.com\/da\/om-os-kontakt\/\",\"name\":\"Om os \/ Kontakt - Nordic-C ApS\",\"isPartOf\":{\"@id\":\"https:\/\/nordic-c.com\/de\/#website\"},\"datePublished\":\"2020-06-17T06:03:57+00:00\",\"dateModified\":\"2026-01-06T09:15:31+00:00\",\"breadcrumb\":{\"@id\":\"https:\/\/nordic-c.com\/da\/om-os-kontakt\/#breadcrumb\"},\"inLanguage\":\"da-DK\",\"potentialAction\":[{\"@type\":\"ReadAction\",\"target\":[\"https:\/\/nordic-c.com\/da\/om-os-kontakt\/\"]}]},{\"@type\":\"BreadcrumbList\",\"@id\":\"https:\/\/nordic-c.com\/da\/om-os-kontakt\/#breadcrumb\",\"itemListElement\":[{\"@type\":\"ListItem\",\"position\":1,\"name\":\"Hjem\",\"item\":\"https:\/\/nordic-c.com\/da\/\"},{\"@type\":\"ListItem\",\"position\":2,\"name\":\"Om os \/ Kontakt\"}]},{\"@type\":\"WebSite\",\"@id\":\"https:\/\/nordic-c.com\/de\/#website\",\"url\":\"https:\/\/nordic-c.com\/de\/\",\"name\":\"Nordic-C ApS\",\"description\":\"Designstole, stole, designm\u00f8bler, l\u00e6nestole, dansk design\",\"publisher\":{\"@id\":\"https:\/\/nordic-c.com\/de\/#organization\"},\"potentialAction\":[{\"@type\":\"SearchAction\",\"target\":{\"@type\":\"EntryPoint\",\"urlTemplate\":\"https:\/\/nordic-c.com\/de\/?s={search_term_string}\"},\"query-input\":{\"@type\":\"PropertyValueSpecification\",\"valueRequired\":true,\"valueName\":\"search_term_string\"}}],\"inLanguage\":\"da-DK\"},{\"@type\":\"Organization\",\"@id\":\"https:\/\/nordic-c.com\/de\/#organization\",\"name\":\"Nordic-C ApS\",\"url\":\"https:\/\/nordic-c.com\/de\/\",\"logo\":{\"@type\":\"ImageObject\",\"inLanguage\":\"da-DK\",\"@id\":\"https:\/\/nordic-c.com\/de\/#\/schema\/logo\/image\/\",\"url\":\"https:\/\/nordic-c.com\/wp-content\/uploads\/2020\/06\/nordic-c_logo.svg\",\"contentUrl\":\"https:\/\/nordic-c.com\/wp-content\/uploads\/2020\/06\/nordic-c_logo.svg\",\"width\":426,\"height\":64,\"caption\":\"Nordic-C ApS\"},\"image\":{\"@id\":\"https:\/\/nordic-c.com\/de\/#\/schema\/logo\/image\/\"}}]}<\/script>\n<!-- \/ Yoast SEO plugin. -->","yoast_head_json":{"title":"Om os \/ Kontakt - Nordic-C ApS","robots":{"index":"index","follow":"follow","max-snippet":"max-snippet:-1","max-image-preview":"max-image-preview:large","max-video-preview":"max-video-preview:-1"},"canonical":"https:\/\/nordic-c.com\/da\/om-os-kontakt\/","og_locale":"da_DK","og_type":"article","og_title":"Om os \/ Kontakt - Nordic-C ApS","og_description":"[vc_row full_width=&#8221;stretch_row&#8221;][vc_column][\/vc_column][\/vc_row][vc_row full_width=&#8221;stretch_row&#8221;][vc_column width=&#8221;1\/2&#8243; offset=&#8221;vc_col-xs-12&#8243;][vc_row_inner css=&#8221;.vc_custom_1580199704599{margin-right: 0px !important;margin-left: 0px !important;}&#8221;][vc_column_inner css=&#8221;.vc_custom_1580199716916{padding-top: 20px !important;padding-right: 20px !important;padding-bottom: 20px !important;padding-left: 20px !important;background-color: #f7f7f7 !important;}&#8221;][vc_column_text] Om os Nordic-C er en dansk m\u00f8belproducent af kvalitetsprodukter i Dansk design, som lever efter grunds\u00e6tningen at du fortjener valgmuligheder og eget design i dine kvalitetsm\u00f8bler. Hos os har vi ikke standard l\u00f8sninger, men ... L\u00e6s mere","og_url":"https:\/\/nordic-c.com\/da\/om-os-kontakt\/","og_site_name":"Nordic-C ApS","article_modified_time":"2026-01-06T09:15:31+00:00","twitter_card":"summary_large_image","twitter_misc":{"Estimeret l\u00e6setid":"2 minutter"},"schema":{"@context":"https:\/\/schema.org","@graph":[{"@type":"WebPage","@id":"https:\/\/nordic-c.com\/da\/om-os-kontakt\/","url":"https:\/\/nordic-c.com\/da\/om-os-kontakt\/","name":"Om os \/ Kontakt - Nordic-C ApS","isPartOf":{"@id":"https:\/\/nordic-c.com\/de\/#website"},"datePublished":"2020-06-17T06:03:57+00:00","dateModified":"2026-01-06T09:15:31+00:00","breadcrumb":{"@id":"https:\/\/nordic-c.com\/da\/om-os-kontakt\/#breadcrumb"},"inLanguage":"da-DK","potentialAction":[{"@type":"ReadAction","target":["https:\/\/nordic-c.com\/da\/om-os-kontakt\/"]}]},{"@type":"BreadcrumbList","@id":"https:\/\/nordic-c.com\/da\/om-os-kontakt\/#breadcrumb","itemListElement":[{"@type":"ListItem","position":1,"name":"Hjem","item":"https:\/\/nordic-c.com\/da\/"},{"@type":"ListItem","position":2,"name":"Om os \/ Kontakt"}]},{"@type":"WebSite","@id":"https:\/\/nordic-c.com\/de\/#website","url":"https:\/\/nordic-c.com\/de\/","name":"Nordic-C ApS","description":"Designstole, stole, designm\u00f8bler, l\u00e6nestole, dansk design","publisher":{"@id":"https:\/\/nordic-c.com\/de\/#organization"},"potentialAction":[{"@type":"SearchAction","target":{"@type":"EntryPoint","urlTemplate":"https:\/\/nordic-c.com\/de\/?s={search_term_string}"},"query-input":{"@type":"PropertyValueSpecification","valueRequired":true,"valueName":"search_term_string"}}],"inLanguage":"da-DK"},{"@type":"Organization","@id":"https:\/\/nordic-c.com\/de\/#organization","name":"Nordic-C ApS","url":"https:\/\/nordic-c.com\/de\/","logo":{"@type":"ImageObject","inLanguage":"da-DK","@id":"https:\/\/nordic-c.com\/de\/#\/schema\/logo\/image\/","url":"https:\/\/nordic-c.com\/wp-content\/uploads\/2020\/06\/nordic-c_logo.svg","contentUrl":"https:\/\/nordic-c.com\/wp-content\/uploads\/2020\/06\/nordic-c_logo.svg","width":426,"height":64,"caption":"Nordic-C ApS"},"image":{"@id":"https:\/\/nordic-c.com\/de\/#\/schema\/logo\/image\/"}}]}},"_links":{"self":[{"href":"https:\/\/nordic-c.com\/da\/wp-json\/wp\/v2\/pages\/1247"}],"collection":[{"href":"https:\/\/nordic-c.com\/da\/wp-json\/wp\/v2\/pages"}],"about":[{"href":"https:\/\/nordic-c.com\/da\/wp-json\/wp\/v2\/types\/page"}],"author":[{"embeddable":true,"href":"https:\/\/nordic-c.com\/da\/wp-json\/wp\/v2\/users\/1"}],"replies":[{"embeddable":true,"href":"https:\/\/nordic-c.com\/da\/wp-json\/wp\/v2\/comments?post=1247"}],"version-history":[{"count":5,"href":"https:\/\/nordic-c.com\/da\/wp-json\/wp\/v2\/pages\/1247\/revisions"}],"predecessor-version":[{"id":9778,"href":"https:\/\/nordic-c.com\/da\/wp-json\/wp\/v2\/pages\/1247\/revisions\/9778"}],"wp:attachment":[{"href":"https:\/\/nordic-c.com\/da\/wp-json\/wp\/v2\/media?parent=1247"}],"wp:term":[{"taxonomy":"category","embeddable":true,"href":"https:\/\/nordic-c.com\/da\/wp-json\/wp\/v2\/categories?post=1247"}],"curies":[{"name":"wp","href":"https:\/\/api.w.org\/{rel}","templated":true}]}}