{"id":1246,"date":"2020-06-17T08:03:57","date_gmt":"2020-06-17T06:03:57","guid":{"rendered":"https:\/\/nordic-c.com\/hurtig-levering-fast-track\/"},"modified":"2021-02-05T12:35:21","modified_gmt":"2021-02-05T11:35:21","slug":"hurtig-levering-fast-track","status":"publish","type":"page","link":"https:\/\/nordic-c.com\/da\/hurtig-levering-fast-track\/","title":{"rendered":"Hurtig levering \/ Fast Track"},"content":{"rendered":"<div class=\"wpb-content-wrapper\"><p>[vc_row full_width=&#8221;stretch_row&#8221;][vc_column]<div class=\"ult-spacer spacer-69e89c99831b4\" data-id=\"69e89c99831b4\" data-height=\"90\" data-height-mobile=\"60\" data-height-tab=\"90\" data-height-tab-portrait=\"60\" data-height-mobile-landscape=\"60\" style=\"clear:both;display:block;\"><\/div>[\/vc_column][\/vc_row][vc_row full_width=&#8221;stretch_row&#8221;][vc_column offset=&#8221;vc_col-lg-8 vc_col-md-8 vc_col-xs-12&#8243;][vc_column_text]<\/p>\n<h1>Hurtig levering \/ Fast Track<\/h1>\n<p>Hos Nordic-C er vi bevidste om at for en del af vores kunder, er den optimale siddekomfort vigtig med kort varsel. Dette kan skyldes d\u00e5rlig ryg, hofteskader eller andet, som g\u00f8r at man i l\u00f8bet af kort tid, er n\u00f8dsaget til k\u00f8be m\u00f8bler, hvor der er fokus p\u00e5 siddekomfort. Siddekomforten er vores DNA, og starter i vores Tradition sortiment. P\u00e5 vores Hurtig levering\/FAST TRACK finder du Sor\u00f8 stolen, Skandinaviens mest solgte seniorstol, Globalt kendt som High seat chair Soro. Med designsofa kan du designe din sofa efter dine unikke \u00f8nsker, men vi har valgt at designe en model, som passer til vores sortiment af Sor\u00f8 stole og placere denne p\u00e5 vores Hurtig levering\/FAST TRACK.<\/p>\n<p>Desuden har vi valgt et sortiment af vores fuldl\u00f8ftstole i de mest solgte varianter. Hurtig levering\/FAST TRACK er vigtigt for os, n\u00e5r du har behovet for netop dette. Derfor sender vi disse produkter ud to gange om ugen.<\/p>\n<p>Vi tilbyder stadig at du kan sammens\u00e6tte dine nye m\u00f8bler, s\u00e5 de passer til dig og dit hjem, om det er valg af Tekstil\/l\u00e6der, sokler, tr\u00e6stellet, eller som Designsofa, dit eget unikke design efter m\u00e5l, blot med en leveringstid, som svarer til indk\u00f8b og produktion af dit unikke m\u00f8bel.[\/vc_column_text][vc_empty_space height=&#8221;30px&#8221;][vc_media_grid gap=&#8221;15&#8243; initial_loading_animation=&#8221;none&#8221; grid_id=&#8221;vc_gid:1612524862860-80667eae-b7ac-9&#8243; include=&#8221;1390,1391,1392,1393,1394,1395,1396,1400,6408&#8243;]<div class=\"ult-spacer spacer-69e89c998320a\" data-id=\"69e89c998320a\" data-height=\"0\" data-height-mobile=\"60\" data-height-tab=\"0\" data-height-tab-portrait=\"60\" data-height-mobile-landscape=\"60\" style=\"clear:both;display:block;\"><\/div>[\/vc_column][vc_column offset=&#8221;vc_col-lg-4 vc_col-md-4 vc_col-xs-12&#8243;][vc_single_image image=&#8221;6439&#8243; img_size=&#8221;large&#8221;][vc_empty_space height=&#8221;20px&#8221;][vc_widget_sidebar sidebar_id=&#8221;sidebar-1&#8243; el_class=&#8221;contact-sidebar&#8221;][\/vc_column][\/vc_row][vc_row full_width=&#8221;stretch_row&#8221;][vc_column]<div class=\"ult-spacer spacer-69e89c998323a\" data-id=\"69e89c998323a\" data-height=\"90\" data-height-mobile=\"60\" data-height-tab=\"90\" data-height-tab-portrait=\"60\" data-height-mobile-landscape=\"60\" style=\"clear:both;display:block;\"><\/div>[\/vc_column][\/vc_row]<\/p>\n<\/div>","protected":false},"excerpt":{"rendered":"<p>[vc_row full_width=&#8221;stretch_row&#8221;][vc_column][\/vc_column][\/vc_row][vc_row full_width=&#8221;stretch_row&#8221;][vc_column offset=&#8221;vc_col-lg-8 vc_col-md-8 vc_col-xs-12&#8243;][vc_column_text] Hurtig levering \/ Fast Track Hos Nordic-C er vi bevidste om at for en del af vores kunder, er den optimale siddekomfort vigtig med kort varsel. Dette kan skyldes d\u00e5rlig ryg, hofteskader eller andet, som g\u00f8r at man i l\u00f8bet af kort tid, er n\u00f8dsaget til k\u00f8be m\u00f8bler, hvor &#8230; <a title=\"Hurtig levering \/ Fast Track\" class=\"read-more\" href=\"https:\/\/nordic-c.com\/da\/hurtig-levering-fast-track\/\" aria-label=\"Read more about Hurtig levering \/ Fast Track\">L\u00e6s mere <\/a><\/p>\n","protected":false},"author":1,"featured_media":0,"parent":0,"menu_order":5,"comment_status":"closed","ping_status":"closed","template":"","meta":{"footnotes":""},"categories":[],"class_list":["post-1246","page","type-page","status-publish"],"acf":[],"yoast_head":"<!-- This site is optimized with the Yoast SEO plugin v23.5 - https:\/\/yoast.com\/wordpress\/plugins\/seo\/ -->\n<title>Hurtig levering \/ Fast Track - Nordic-C ApS<\/title>\n<meta name=\"robots\" content=\"index, follow, max-snippet:-1, max-image-preview:large, max-video-preview:-1\" \/>\n<link rel=\"canonical\" href=\"https:\/\/nordic-c.com\/da\/hurtig-levering-fast-track\/\" \/>\n<meta property=\"og:locale\" content=\"da_DK\" \/>\n<meta property=\"og:type\" content=\"article\" \/>\n<meta property=\"og:title\" content=\"Hurtig levering \/ Fast Track - Nordic-C ApS\" \/>\n<meta property=\"og:description\" content=\"[vc_row full_width=&#8221;stretch_row&#8221;][vc_column][\/vc_column][\/vc_row][vc_row full_width=&#8221;stretch_row&#8221;][vc_column offset=&#8221;vc_col-lg-8 vc_col-md-8 vc_col-xs-12&#8243;][vc_column_text] Hurtig levering \/ Fast Track Hos Nordic-C er vi bevidste om at for en del af vores kunder, er den optimale siddekomfort vigtig med kort varsel. Dette kan skyldes d\u00e5rlig ryg, hofteskader eller andet, som g\u00f8r at man i l\u00f8bet af kort tid, er n\u00f8dsaget til k\u00f8be m\u00f8bler, hvor ... L\u00e6s mere\" \/>\n<meta property=\"og:url\" content=\"https:\/\/nordic-c.com\/da\/hurtig-levering-fast-track\/\" \/>\n<meta property=\"og:site_name\" content=\"Nordic-C ApS\" \/>\n<meta property=\"article:modified_time\" content=\"2021-02-05T11:35:21+00:00\" \/>\n<meta name=\"twitter:card\" content=\"summary_large_image\" \/>\n<meta name=\"twitter:label1\" content=\"Estimeret l\u00e6setid\" \/>\n\t<meta name=\"twitter:data1\" content=\"2 minutter\" \/>\n<script type=\"application\/ld+json\" class=\"yoast-schema-graph\">{\"@context\":\"https:\/\/schema.org\",\"@graph\":[{\"@type\":\"WebPage\",\"@id\":\"https:\/\/nordic-c.com\/da\/hurtig-levering-fast-track\/\",\"url\":\"https:\/\/nordic-c.com\/da\/hurtig-levering-fast-track\/\",\"name\":\"Hurtig levering \/ Fast Track - Nordic-C ApS\",\"isPartOf\":{\"@id\":\"https:\/\/nordic-c.com\/de\/#website\"},\"datePublished\":\"2020-06-17T06:03:57+00:00\",\"dateModified\":\"2021-02-05T11:35:21+00:00\",\"breadcrumb\":{\"@id\":\"https:\/\/nordic-c.com\/da\/hurtig-levering-fast-track\/#breadcrumb\"},\"inLanguage\":\"da-DK\",\"potentialAction\":[{\"@type\":\"ReadAction\",\"target\":[\"https:\/\/nordic-c.com\/da\/hurtig-levering-fast-track\/\"]}]},{\"@type\":\"BreadcrumbList\",\"@id\":\"https:\/\/nordic-c.com\/da\/hurtig-levering-fast-track\/#breadcrumb\",\"itemListElement\":[{\"@type\":\"ListItem\",\"position\":1,\"name\":\"Hjem\",\"item\":\"https:\/\/nordic-c.com\/da\/\"},{\"@type\":\"ListItem\",\"position\":2,\"name\":\"Hurtig levering \/ Fast Track\"}]},{\"@type\":\"WebSite\",\"@id\":\"https:\/\/nordic-c.com\/de\/#website\",\"url\":\"https:\/\/nordic-c.com\/de\/\",\"name\":\"Nordic-C ApS\",\"description\":\"Designstole, stole, designm\u00f8bler, l\u00e6nestole, dansk design\",\"publisher\":{\"@id\":\"https:\/\/nordic-c.com\/de\/#organization\"},\"potentialAction\":[{\"@type\":\"SearchAction\",\"target\":{\"@type\":\"EntryPoint\",\"urlTemplate\":\"https:\/\/nordic-c.com\/de\/?s={search_term_string}\"},\"query-input\":{\"@type\":\"PropertyValueSpecification\",\"valueRequired\":true,\"valueName\":\"search_term_string\"}}],\"inLanguage\":\"da-DK\"},{\"@type\":\"Organization\",\"@id\":\"https:\/\/nordic-c.com\/de\/#organization\",\"name\":\"Nordic-C ApS\",\"url\":\"https:\/\/nordic-c.com\/de\/\",\"logo\":{\"@type\":\"ImageObject\",\"inLanguage\":\"da-DK\",\"@id\":\"https:\/\/nordic-c.com\/de\/#\/schema\/logo\/image\/\",\"url\":\"https:\/\/nordic-c.com\/wp-content\/uploads\/2020\/06\/nordic-c_logo.svg\",\"contentUrl\":\"https:\/\/nordic-c.com\/wp-content\/uploads\/2020\/06\/nordic-c_logo.svg\",\"width\":426,\"height\":64,\"caption\":\"Nordic-C ApS\"},\"image\":{\"@id\":\"https:\/\/nordic-c.com\/de\/#\/schema\/logo\/image\/\"}}]}<\/script>\n<!-- \/ Yoast SEO plugin. -->","yoast_head_json":{"title":"Hurtig levering \/ Fast Track - Nordic-C ApS","robots":{"index":"index","follow":"follow","max-snippet":"max-snippet:-1","max-image-preview":"max-image-preview:large","max-video-preview":"max-video-preview:-1"},"canonical":"https:\/\/nordic-c.com\/da\/hurtig-levering-fast-track\/","og_locale":"da_DK","og_type":"article","og_title":"Hurtig levering \/ Fast Track - Nordic-C ApS","og_description":"[vc_row full_width=&#8221;stretch_row&#8221;][vc_column][\/vc_column][\/vc_row][vc_row full_width=&#8221;stretch_row&#8221;][vc_column offset=&#8221;vc_col-lg-8 vc_col-md-8 vc_col-xs-12&#8243;][vc_column_text] Hurtig levering \/ Fast Track Hos Nordic-C er vi bevidste om at for en del af vores kunder, er den optimale siddekomfort vigtig med kort varsel. Dette kan skyldes d\u00e5rlig ryg, hofteskader eller andet, som g\u00f8r at man i l\u00f8bet af kort tid, er n\u00f8dsaget til k\u00f8be m\u00f8bler, hvor ... L\u00e6s mere","og_url":"https:\/\/nordic-c.com\/da\/hurtig-levering-fast-track\/","og_site_name":"Nordic-C ApS","article_modified_time":"2021-02-05T11:35:21+00:00","twitter_card":"summary_large_image","twitter_misc":{"Estimeret l\u00e6setid":"2 minutter"},"schema":{"@context":"https:\/\/schema.org","@graph":[{"@type":"WebPage","@id":"https:\/\/nordic-c.com\/da\/hurtig-levering-fast-track\/","url":"https:\/\/nordic-c.com\/da\/hurtig-levering-fast-track\/","name":"Hurtig levering \/ Fast Track - Nordic-C ApS","isPartOf":{"@id":"https:\/\/nordic-c.com\/de\/#website"},"datePublished":"2020-06-17T06:03:57+00:00","dateModified":"2021-02-05T11:35:21+00:00","breadcrumb":{"@id":"https:\/\/nordic-c.com\/da\/hurtig-levering-fast-track\/#breadcrumb"},"inLanguage":"da-DK","potentialAction":[{"@type":"ReadAction","target":["https:\/\/nordic-c.com\/da\/hurtig-levering-fast-track\/"]}]},{"@type":"BreadcrumbList","@id":"https:\/\/nordic-c.com\/da\/hurtig-levering-fast-track\/#breadcrumb","itemListElement":[{"@type":"ListItem","position":1,"name":"Hjem","item":"https:\/\/nordic-c.com\/da\/"},{"@type":"ListItem","position":2,"name":"Hurtig levering \/ Fast Track"}]},{"@type":"WebSite","@id":"https:\/\/nordic-c.com\/de\/#website","url":"https:\/\/nordic-c.com\/de\/","name":"Nordic-C ApS","description":"Designstole, stole, designm\u00f8bler, l\u00e6nestole, dansk design","publisher":{"@id":"https:\/\/nordic-c.com\/de\/#organization"},"potentialAction":[{"@type":"SearchAction","target":{"@type":"EntryPoint","urlTemplate":"https:\/\/nordic-c.com\/de\/?s={search_term_string}"},"query-input":{"@type":"PropertyValueSpecification","valueRequired":true,"valueName":"search_term_string"}}],"inLanguage":"da-DK"},{"@type":"Organization","@id":"https:\/\/nordic-c.com\/de\/#organization","name":"Nordic-C ApS","url":"https:\/\/nordic-c.com\/de\/","logo":{"@type":"ImageObject","inLanguage":"da-DK","@id":"https:\/\/nordic-c.com\/de\/#\/schema\/logo\/image\/","url":"https:\/\/nordic-c.com\/wp-content\/uploads\/2020\/06\/nordic-c_logo.svg","contentUrl":"https:\/\/nordic-c.com\/wp-content\/uploads\/2020\/06\/nordic-c_logo.svg","width":426,"height":64,"caption":"Nordic-C ApS"},"image":{"@id":"https:\/\/nordic-c.com\/de\/#\/schema\/logo\/image\/"}}]}},"_links":{"self":[{"href":"https:\/\/nordic-c.com\/da\/wp-json\/wp\/v2\/pages\/1246"}],"collection":[{"href":"https:\/\/nordic-c.com\/da\/wp-json\/wp\/v2\/pages"}],"about":[{"href":"https:\/\/nordic-c.com\/da\/wp-json\/wp\/v2\/types\/page"}],"author":[{"embeddable":true,"href":"https:\/\/nordic-c.com\/da\/wp-json\/wp\/v2\/users\/1"}],"replies":[{"embeddable":true,"href":"https:\/\/nordic-c.com\/da\/wp-json\/wp\/v2\/comments?post=1246"}],"version-history":[{"count":5,"href":"https:\/\/nordic-c.com\/da\/wp-json\/wp\/v2\/pages\/1246\/revisions"}],"predecessor-version":[{"id":6443,"href":"https:\/\/nordic-c.com\/da\/wp-json\/wp\/v2\/pages\/1246\/revisions\/6443"}],"wp:attachment":[{"href":"https:\/\/nordic-c.com\/da\/wp-json\/wp\/v2\/media?parent=1246"}],"wp:term":[{"taxonomy":"category","embeddable":true,"href":"https:\/\/nordic-c.com\/da\/wp-json\/wp\/v2\/categories?post=1246"}],"curies":[{"name":"wp","href":"https:\/\/api.w.org\/{rel}","templated":true}]}}