{"id":1245,"date":"2020-06-17T08:03:57","date_gmt":"2020-06-17T06:03:57","guid":{"rendered":"https:\/\/nordic-c.com\/andre-produkter\/"},"modified":"2020-12-02T15:26:59","modified_gmt":"2020-12-02T14:26:59","slug":"andre-produkter","status":"publish","type":"page","link":"https:\/\/nordic-c.com\/da\/andre-produkter\/","title":{"rendered":"Andre produkter"},"content":{"rendered":"<div class=\"wpb-content-wrapper\"><p>[vc_row full_width=&#8221;stretch_row&#8221;][vc_column]<div class=\"ult-spacer spacer-69e7727d344f2\" data-id=\"69e7727d344f2\" data-height=\"90\" data-height-mobile=\"60\" data-height-tab=\"90\" data-height-tab-portrait=\"60\" data-height-mobile-landscape=\"60\" style=\"clear:both;display:block;\"><\/div>[\/vc_column][\/vc_row][vc_row full_width=&#8221;stretch_row&#8221;][vc_column offset=&#8221;vc_col-lg-8 vc_col-md-8 vc_col-xs-12&#8243;][vc_column_text]<\/p>\n<h1>Andre produkter<\/h1>\n<p><strong>Classic<\/strong><br \/>\nClassic er en r\u00e6kke klassiske l\u00e6nestole i h\u00f8j kvalitet. \u2028Classic adskiller sig fra Living produkterne ved at v\u00e6re bygget p\u00e5 sk\u00e5ret Polyether skum, men ellers tilbyder vi med Classic samme valgmuligheder som i Living, hvor du selv kan v\u00e6lge din dit \u00f8nskede betr\u00e6k og den sokkel som passer bedst til dit milj\u00f8.<\/p>\n<p>Classic er stole produceret i Europa, og lever derfor op til EU standarder, og sikrer samtidig at vi kan tilbyde dig dine egne valg med kort leveringstid.<\/p>\n<p>I Classic sortimentet findes flere af vores stors\u00e6lgende stolen igennem tiderne, og som stadig s\u00e6lges i stor stil i Europa.<\/p>\n<p>Classic er l\u00e6nestole i vores design, men tilpasset dine valg og \u00f8nsker, fra Tekstil\/l\u00e6der betr\u00e6k og farve, samt valg af sokkel og h\u00f8jde.<\/p>\n<p><a href=\"\/classic-stole\">Se Classic sortiment her<\/a><\/p>\n<p>&nbsp;<\/p>\n<p><strong>Hj\u00e6lpemiddels stole<\/strong><br \/>\nDen optimale siddekomfort og evnen til at hj\u00e6lpe brugeren, er igennem tiden blevet en del af Nordic-Cs DNA. Derfor er vi ikke bare stolte af at levere Skandinaviens mest solgte seniorstol, som globalt er anerkendt under navnet High seat chair Soro. Vi fors\u00f8ger ogs\u00e5 at sikre at denne DNA indg\u00e5r i vores andre produkter, hvor komforten af produkterne er i fokus. Din komfort g\u00e5r forud for design, men vi \u00f8nsker at tilbyde det optimale i b\u00e5de design og komfort.<\/p>\n<p>Derfor har vi, i udvalgte sortimenter, underst\u00f8ttet denne del af virksomheds historie, med en r\u00e6kke hj\u00e6lpemiddels stole. Lige fra Tradition og Sor\u00f8 til Classic og Manchester stolen.[\/vc_column_text]<div class=\"ult-spacer spacer-69e7727d34555\" data-id=\"69e7727d34555\" data-height=\"0\" data-height-mobile=\"60\" data-height-tab=\"0\" data-height-tab-portrait=\"60\" data-height-mobile-landscape=\"60\" style=\"clear:both;display:block;\"><\/div>[\/vc_column][vc_column offset=&#8221;vc_col-lg-4 vc_col-md-4 vc_col-xs-12&#8243;][vc_widget_sidebar sidebar_id=&#8221;sidebar-1&#8243; el_class=&#8221;contact-sidebar&#8221;][\/vc_column][\/vc_row][vc_row full_width=&#8221;stretch_row&#8221;][vc_column]<div class=\"ult-spacer spacer-69e7727d3457f\" data-id=\"69e7727d3457f\" data-height=\"90\" data-height-mobile=\"60\" data-height-tab=\"90\" data-height-tab-portrait=\"60\" data-height-mobile-landscape=\"60\" style=\"clear:both;display:block;\"><\/div>[\/vc_column][\/vc_row]<\/p>\n<\/div>","protected":false},"excerpt":{"rendered":"<p>[vc_row full_width=&#8221;stretch_row&#8221;][vc_column][\/vc_column][\/vc_row][vc_row full_width=&#8221;stretch_row&#8221;][vc_column offset=&#8221;vc_col-lg-8 vc_col-md-8 vc_col-xs-12&#8243;][vc_column_text] Andre produkter Classic Classic er en r\u00e6kke klassiske l\u00e6nestole i h\u00f8j kvalitet. \u2028Classic adskiller sig fra Living produkterne ved at v\u00e6re bygget p\u00e5 sk\u00e5ret Polyether skum, men ellers tilbyder vi med Classic samme valgmuligheder som i Living, hvor du selv kan v\u00e6lge din dit \u00f8nskede betr\u00e6k og den sokkel &#8230; <a title=\"Andre produkter\" class=\"read-more\" href=\"https:\/\/nordic-c.com\/da\/andre-produkter\/\" aria-label=\"Read more about Andre produkter\">L\u00e6s mere <\/a><\/p>\n","protected":false},"author":1,"featured_media":0,"parent":0,"menu_order":4,"comment_status":"closed","ping_status":"closed","template":"","meta":{"footnotes":""},"categories":[],"class_list":["post-1245","page","type-page","status-publish"],"acf":[],"yoast_head":"<!-- This site is optimized with the Yoast SEO plugin v23.5 - https:\/\/yoast.com\/wordpress\/plugins\/seo\/ -->\n<title>Andre produkter - Nordic-C ApS<\/title>\n<meta name=\"robots\" content=\"index, follow, max-snippet:-1, max-image-preview:large, max-video-preview:-1\" \/>\n<link rel=\"canonical\" href=\"https:\/\/nordic-c.com\/da\/andre-produkter\/\" \/>\n<meta property=\"og:locale\" content=\"da_DK\" \/>\n<meta property=\"og:type\" content=\"article\" \/>\n<meta property=\"og:title\" content=\"Andre produkter - Nordic-C ApS\" \/>\n<meta property=\"og:description\" content=\"[vc_row full_width=&#8221;stretch_row&#8221;][vc_column][\/vc_column][\/vc_row][vc_row full_width=&#8221;stretch_row&#8221;][vc_column offset=&#8221;vc_col-lg-8 vc_col-md-8 vc_col-xs-12&#8243;][vc_column_text] Andre produkter Classic Classic er en r\u00e6kke klassiske l\u00e6nestole i h\u00f8j kvalitet. \u2028Classic adskiller sig fra Living produkterne ved at v\u00e6re bygget p\u00e5 sk\u00e5ret Polyether skum, men ellers tilbyder vi med Classic samme valgmuligheder som i Living, hvor du selv kan v\u00e6lge din dit \u00f8nskede betr\u00e6k og den sokkel ... L\u00e6s mere\" \/>\n<meta property=\"og:url\" content=\"https:\/\/nordic-c.com\/da\/andre-produkter\/\" \/>\n<meta property=\"og:site_name\" content=\"Nordic-C ApS\" \/>\n<meta property=\"article:modified_time\" content=\"2020-12-02T14:26:59+00:00\" \/>\n<meta name=\"twitter:card\" content=\"summary_large_image\" \/>\n<meta name=\"twitter:label1\" content=\"Estimeret l\u00e6setid\" \/>\n\t<meta name=\"twitter:data1\" content=\"2 minutter\" \/>\n<script type=\"application\/ld+json\" class=\"yoast-schema-graph\">{\"@context\":\"https:\/\/schema.org\",\"@graph\":[{\"@type\":\"WebPage\",\"@id\":\"https:\/\/nordic-c.com\/da\/andre-produkter\/\",\"url\":\"https:\/\/nordic-c.com\/da\/andre-produkter\/\",\"name\":\"Andre produkter - Nordic-C ApS\",\"isPartOf\":{\"@id\":\"https:\/\/nordic-c.com\/de\/#website\"},\"datePublished\":\"2020-06-17T06:03:57+00:00\",\"dateModified\":\"2020-12-02T14:26:59+00:00\",\"breadcrumb\":{\"@id\":\"https:\/\/nordic-c.com\/da\/andre-produkter\/#breadcrumb\"},\"inLanguage\":\"da-DK\",\"potentialAction\":[{\"@type\":\"ReadAction\",\"target\":[\"https:\/\/nordic-c.com\/da\/andre-produkter\/\"]}]},{\"@type\":\"BreadcrumbList\",\"@id\":\"https:\/\/nordic-c.com\/da\/andre-produkter\/#breadcrumb\",\"itemListElement\":[{\"@type\":\"ListItem\",\"position\":1,\"name\":\"Hjem\",\"item\":\"https:\/\/nordic-c.com\/da\/\"},{\"@type\":\"ListItem\",\"position\":2,\"name\":\"Andre produkter\"}]},{\"@type\":\"WebSite\",\"@id\":\"https:\/\/nordic-c.com\/de\/#website\",\"url\":\"https:\/\/nordic-c.com\/de\/\",\"name\":\"Nordic-C ApS\",\"description\":\"Designstole, stole, designm\u00f8bler, l\u00e6nestole, dansk design\",\"publisher\":{\"@id\":\"https:\/\/nordic-c.com\/de\/#organization\"},\"potentialAction\":[{\"@type\":\"SearchAction\",\"target\":{\"@type\":\"EntryPoint\",\"urlTemplate\":\"https:\/\/nordic-c.com\/de\/?s={search_term_string}\"},\"query-input\":{\"@type\":\"PropertyValueSpecification\",\"valueRequired\":true,\"valueName\":\"search_term_string\"}}],\"inLanguage\":\"da-DK\"},{\"@type\":\"Organization\",\"@id\":\"https:\/\/nordic-c.com\/de\/#organization\",\"name\":\"Nordic-C ApS\",\"url\":\"https:\/\/nordic-c.com\/de\/\",\"logo\":{\"@type\":\"ImageObject\",\"inLanguage\":\"da-DK\",\"@id\":\"https:\/\/nordic-c.com\/de\/#\/schema\/logo\/image\/\",\"url\":\"https:\/\/nordic-c.com\/wp-content\/uploads\/2020\/06\/nordic-c_logo.svg\",\"contentUrl\":\"https:\/\/nordic-c.com\/wp-content\/uploads\/2020\/06\/nordic-c_logo.svg\",\"width\":426,\"height\":64,\"caption\":\"Nordic-C ApS\"},\"image\":{\"@id\":\"https:\/\/nordic-c.com\/de\/#\/schema\/logo\/image\/\"}}]}<\/script>\n<!-- \/ Yoast SEO plugin. -->","yoast_head_json":{"title":"Andre produkter - Nordic-C ApS","robots":{"index":"index","follow":"follow","max-snippet":"max-snippet:-1","max-image-preview":"max-image-preview:large","max-video-preview":"max-video-preview:-1"},"canonical":"https:\/\/nordic-c.com\/da\/andre-produkter\/","og_locale":"da_DK","og_type":"article","og_title":"Andre produkter - Nordic-C ApS","og_description":"[vc_row full_width=&#8221;stretch_row&#8221;][vc_column][\/vc_column][\/vc_row][vc_row full_width=&#8221;stretch_row&#8221;][vc_column offset=&#8221;vc_col-lg-8 vc_col-md-8 vc_col-xs-12&#8243;][vc_column_text] Andre produkter Classic Classic er en r\u00e6kke klassiske l\u00e6nestole i h\u00f8j kvalitet. \u2028Classic adskiller sig fra Living produkterne ved at v\u00e6re bygget p\u00e5 sk\u00e5ret Polyether skum, men ellers tilbyder vi med Classic samme valgmuligheder som i Living, hvor du selv kan v\u00e6lge din dit \u00f8nskede betr\u00e6k og den sokkel ... L\u00e6s mere","og_url":"https:\/\/nordic-c.com\/da\/andre-produkter\/","og_site_name":"Nordic-C ApS","article_modified_time":"2020-12-02T14:26:59+00:00","twitter_card":"summary_large_image","twitter_misc":{"Estimeret l\u00e6setid":"2 minutter"},"schema":{"@context":"https:\/\/schema.org","@graph":[{"@type":"WebPage","@id":"https:\/\/nordic-c.com\/da\/andre-produkter\/","url":"https:\/\/nordic-c.com\/da\/andre-produkter\/","name":"Andre produkter - Nordic-C ApS","isPartOf":{"@id":"https:\/\/nordic-c.com\/de\/#website"},"datePublished":"2020-06-17T06:03:57+00:00","dateModified":"2020-12-02T14:26:59+00:00","breadcrumb":{"@id":"https:\/\/nordic-c.com\/da\/andre-produkter\/#breadcrumb"},"inLanguage":"da-DK","potentialAction":[{"@type":"ReadAction","target":["https:\/\/nordic-c.com\/da\/andre-produkter\/"]}]},{"@type":"BreadcrumbList","@id":"https:\/\/nordic-c.com\/da\/andre-produkter\/#breadcrumb","itemListElement":[{"@type":"ListItem","position":1,"name":"Hjem","item":"https:\/\/nordic-c.com\/da\/"},{"@type":"ListItem","position":2,"name":"Andre produkter"}]},{"@type":"WebSite","@id":"https:\/\/nordic-c.com\/de\/#website","url":"https:\/\/nordic-c.com\/de\/","name":"Nordic-C ApS","description":"Designstole, stole, designm\u00f8bler, l\u00e6nestole, dansk design","publisher":{"@id":"https:\/\/nordic-c.com\/de\/#organization"},"potentialAction":[{"@type":"SearchAction","target":{"@type":"EntryPoint","urlTemplate":"https:\/\/nordic-c.com\/de\/?s={search_term_string}"},"query-input":{"@type":"PropertyValueSpecification","valueRequired":true,"valueName":"search_term_string"}}],"inLanguage":"da-DK"},{"@type":"Organization","@id":"https:\/\/nordic-c.com\/de\/#organization","name":"Nordic-C ApS","url":"https:\/\/nordic-c.com\/de\/","logo":{"@type":"ImageObject","inLanguage":"da-DK","@id":"https:\/\/nordic-c.com\/de\/#\/schema\/logo\/image\/","url":"https:\/\/nordic-c.com\/wp-content\/uploads\/2020\/06\/nordic-c_logo.svg","contentUrl":"https:\/\/nordic-c.com\/wp-content\/uploads\/2020\/06\/nordic-c_logo.svg","width":426,"height":64,"caption":"Nordic-C ApS"},"image":{"@id":"https:\/\/nordic-c.com\/de\/#\/schema\/logo\/image\/"}}]}},"_links":{"self":[{"href":"https:\/\/nordic-c.com\/da\/wp-json\/wp\/v2\/pages\/1245"}],"collection":[{"href":"https:\/\/nordic-c.com\/da\/wp-json\/wp\/v2\/pages"}],"about":[{"href":"https:\/\/nordic-c.com\/da\/wp-json\/wp\/v2\/types\/page"}],"author":[{"embeddable":true,"href":"https:\/\/nordic-c.com\/da\/wp-json\/wp\/v2\/users\/1"}],"replies":[{"embeddable":true,"href":"https:\/\/nordic-c.com\/da\/wp-json\/wp\/v2\/comments?post=1245"}],"version-history":[{"count":4,"href":"https:\/\/nordic-c.com\/da\/wp-json\/wp\/v2\/pages\/1245\/revisions"}],"predecessor-version":[{"id":5795,"href":"https:\/\/nordic-c.com\/da\/wp-json\/wp\/v2\/pages\/1245\/revisions\/5795"}],"wp:attachment":[{"href":"https:\/\/nordic-c.com\/da\/wp-json\/wp\/v2\/media?parent=1245"}],"wp:term":[{"taxonomy":"category","embeddable":true,"href":"https:\/\/nordic-c.com\/da\/wp-json\/wp\/v2\/categories?post=1245"}],"curies":[{"name":"wp","href":"https:\/\/api.w.org\/{rel}","templated":true}]}}