{"id":1244,"date":"2020-06-17T08:03:57","date_gmt":"2020-06-17T06:03:57","guid":{"rendered":"https:\/\/nordic-c.com\/tradition\/"},"modified":"2021-10-01T12:41:49","modified_gmt":"2021-10-01T10:41:49","slug":"tradition","status":"publish","type":"page","link":"https:\/\/nordic-c.com\/da\/tradition\/","title":{"rendered":"Tradition"},"content":{"rendered":"<div class=\"wpb-content-wrapper\"><p>[vc_row full_width=&#8221;stretch_row&#8221;][vc_column]<div class=\"ult-spacer spacer-69ea37ce599c6\" data-id=\"69ea37ce599c6\" data-height=\"90\" data-height-mobile=\"60\" data-height-tab=\"90\" data-height-tab-portrait=\"60\" data-height-mobile-landscape=\"60\" style=\"clear:both;display:block;\"><\/div>[\/vc_column][\/vc_row][vc_row full_width=&#8221;stretch_row&#8221;][vc_column offset=&#8221;vc_col-lg-8 vc_col-md-8 vc_col-xs-12&#8243;][vc_column_text]<\/p>\n<h1>Tradition<\/h1>\n<p>Tradition er vores klassiske nordiske design stole. Udviklingen af produkterne i vores Tradition sortiment tager udgangspunkt i virksomhedens oprindelse, og har altid taget udgangspunkt i den optimale siddekomfort, som er optimeret og udviklet lide siden. Vi har derfor mere end 40 \u00e5rs erfaring med at skabe den optimale siddekomfort. Tradition er kendt for optimal siddekomfort og et let Nordisk udtryk p\u00e5 det elegante tr\u00e6stel. Vi g\u00e5r meget op i at tr\u00e6stellene er af h\u00f8j kvalitet, og sikrer netop det udtryk, som vi \u00f8nsker ved vores stole. Alle komponenter i tradition stole kommer fra de mest anerkendt leverand\u00f8rer i Europa for at sikre en h\u00f8j kvalitet i mange \u00e5r. I denne serie finder du vores stole p\u00e5 massive tr\u00e6rammer og Skandinaviens mest solgte seniorstol Sor\u00f8. Globalt kaldet High seat chair Soro.<\/p>\n<p>Tradition er klassiske l\u00e6nestole i vores design, men tilpasset dine valg og \u00f8nsker. Det vil sige, du har flere valgmuligheder i s\u00e5vel farve p\u00e5 tr\u00e6stel og tekstil\/l\u00e6der betr\u00e6k, ligesom du kan v\u00e6lge diverse tilpasningsmuligheder og tilbeh\u00f8r.<\/p>\n<p>Sor\u00f8 Stolen indg\u00e5r i vores hurtig <a href=\"\/hurtig-levering-fast-track\/\">levering\/FAST TRACK<\/a> sortiment i de mest solgte kombinationer.[\/vc_column_text][vc_empty_space height=&#8221;30px&#8221;]<div class=\"ult-spacer spacer-69ea37ce59a0b\" data-id=\"69ea37ce59a0b\" data-height=\"0\" data-height-mobile=\"60\" data-height-tab=\"0\" data-height-tab-portrait=\"60\" data-height-mobile-landscape=\"60\" style=\"clear:both;display:block;\"><\/div>[vc_media_grid grid_id=&#8221;vc_gid:1633084892785-73792f5a-126c-2&#8243; include=&#8221;6961,6958,6955,6952,6949,6946&#8243;][\/vc_column][vc_column offset=&#8221;vc_col-lg-4 vc_col-md-4 vc_col-xs-12&#8243;][vc_widget_sidebar sidebar_id=&#8221;sidebar-1&#8243; el_class=&#8221;contact-sidebar&#8221;][\/vc_column][\/vc_row][vc_row full_width=&#8221;stretch_row&#8221;][vc_column]<div class=\"ult-spacer spacer-69ea37ce59a39\" data-id=\"69ea37ce59a39\" data-height=\"90\" data-height-mobile=\"60\" data-height-tab=\"90\" data-height-tab-portrait=\"60\" data-height-mobile-landscape=\"60\" style=\"clear:both;display:block;\"><\/div>[\/vc_column][\/vc_row]<\/p>\n<\/div>","protected":false},"excerpt":{"rendered":"<p>[vc_row full_width=&#8221;stretch_row&#8221;][vc_column][\/vc_column][\/vc_row][vc_row full_width=&#8221;stretch_row&#8221;][vc_column offset=&#8221;vc_col-lg-8 vc_col-md-8 vc_col-xs-12&#8243;][vc_column_text] Tradition Tradition er vores klassiske nordiske design stole. Udviklingen af produkterne i vores Tradition sortiment tager udgangspunkt i virksomhedens oprindelse, og har altid taget udgangspunkt i den optimale siddekomfort, som er optimeret og udviklet lide siden. Vi har derfor mere end 40 \u00e5rs erfaring med at skabe den optimale &#8230; <a title=\"Tradition\" class=\"read-more\" href=\"https:\/\/nordic-c.com\/da\/tradition\/\" aria-label=\"Read more about Tradition\">L\u00e6s mere <\/a><\/p>\n","protected":false},"author":1,"featured_media":0,"parent":0,"menu_order":3,"comment_status":"closed","ping_status":"closed","template":"","meta":{"footnotes":""},"categories":[],"class_list":["post-1244","page","type-page","status-publish"],"acf":[],"yoast_head":"<!-- This site is optimized with the Yoast SEO plugin v23.5 - https:\/\/yoast.com\/wordpress\/plugins\/seo\/ -->\n<title>Tradition - Nordic-C ApS<\/title>\n<meta name=\"robots\" content=\"index, follow, max-snippet:-1, max-image-preview:large, max-video-preview:-1\" \/>\n<link rel=\"canonical\" href=\"https:\/\/nordic-c.com\/da\/tradition\/\" \/>\n<meta property=\"og:locale\" content=\"da_DK\" \/>\n<meta property=\"og:type\" content=\"article\" \/>\n<meta property=\"og:title\" content=\"Tradition - Nordic-C ApS\" \/>\n<meta property=\"og:description\" content=\"[vc_row full_width=&#8221;stretch_row&#8221;][vc_column][\/vc_column][\/vc_row][vc_row full_width=&#8221;stretch_row&#8221;][vc_column offset=&#8221;vc_col-lg-8 vc_col-md-8 vc_col-xs-12&#8243;][vc_column_text] Tradition Tradition er vores klassiske nordiske design stole. Udviklingen af produkterne i vores Tradition sortiment tager udgangspunkt i virksomhedens oprindelse, og har altid taget udgangspunkt i den optimale siddekomfort, som er optimeret og udviklet lide siden. Vi har derfor mere end 40 \u00e5rs erfaring med at skabe den optimale ... L\u00e6s mere\" \/>\n<meta property=\"og:url\" content=\"https:\/\/nordic-c.com\/da\/tradition\/\" \/>\n<meta property=\"og:site_name\" content=\"Nordic-C ApS\" \/>\n<meta property=\"article:modified_time\" content=\"2021-10-01T10:41:49+00:00\" \/>\n<meta name=\"twitter:card\" content=\"summary_large_image\" \/>\n<meta name=\"twitter:label1\" content=\"Estimeret l\u00e6setid\" \/>\n\t<meta name=\"twitter:data1\" content=\"1 minut\" \/>\n<script type=\"application\/ld+json\" class=\"yoast-schema-graph\">{\"@context\":\"https:\/\/schema.org\",\"@graph\":[{\"@type\":\"WebPage\",\"@id\":\"https:\/\/nordic-c.com\/da\/tradition\/\",\"url\":\"https:\/\/nordic-c.com\/da\/tradition\/\",\"name\":\"Tradition - Nordic-C ApS\",\"isPartOf\":{\"@id\":\"https:\/\/nordic-c.com\/de\/#website\"},\"datePublished\":\"2020-06-17T06:03:57+00:00\",\"dateModified\":\"2021-10-01T10:41:49+00:00\",\"breadcrumb\":{\"@id\":\"https:\/\/nordic-c.com\/da\/tradition\/#breadcrumb\"},\"inLanguage\":\"da-DK\",\"potentialAction\":[{\"@type\":\"ReadAction\",\"target\":[\"https:\/\/nordic-c.com\/da\/tradition\/\"]}]},{\"@type\":\"BreadcrumbList\",\"@id\":\"https:\/\/nordic-c.com\/da\/tradition\/#breadcrumb\",\"itemListElement\":[{\"@type\":\"ListItem\",\"position\":1,\"name\":\"Hjem\",\"item\":\"https:\/\/nordic-c.com\/da\/\"},{\"@type\":\"ListItem\",\"position\":2,\"name\":\"Tradition\"}]},{\"@type\":\"WebSite\",\"@id\":\"https:\/\/nordic-c.com\/de\/#website\",\"url\":\"https:\/\/nordic-c.com\/de\/\",\"name\":\"Nordic-C ApS\",\"description\":\"Designstole, stole, designm\u00f8bler, l\u00e6nestole, dansk design\",\"publisher\":{\"@id\":\"https:\/\/nordic-c.com\/de\/#organization\"},\"potentialAction\":[{\"@type\":\"SearchAction\",\"target\":{\"@type\":\"EntryPoint\",\"urlTemplate\":\"https:\/\/nordic-c.com\/de\/?s={search_term_string}\"},\"query-input\":{\"@type\":\"PropertyValueSpecification\",\"valueRequired\":true,\"valueName\":\"search_term_string\"}}],\"inLanguage\":\"da-DK\"},{\"@type\":\"Organization\",\"@id\":\"https:\/\/nordic-c.com\/de\/#organization\",\"name\":\"Nordic-C ApS\",\"url\":\"https:\/\/nordic-c.com\/de\/\",\"logo\":{\"@type\":\"ImageObject\",\"inLanguage\":\"da-DK\",\"@id\":\"https:\/\/nordic-c.com\/de\/#\/schema\/logo\/image\/\",\"url\":\"https:\/\/nordic-c.com\/wp-content\/uploads\/2020\/06\/nordic-c_logo.svg\",\"contentUrl\":\"https:\/\/nordic-c.com\/wp-content\/uploads\/2020\/06\/nordic-c_logo.svg\",\"width\":426,\"height\":64,\"caption\":\"Nordic-C ApS\"},\"image\":{\"@id\":\"https:\/\/nordic-c.com\/de\/#\/schema\/logo\/image\/\"}}]}<\/script>\n<!-- \/ Yoast SEO plugin. -->","yoast_head_json":{"title":"Tradition - Nordic-C ApS","robots":{"index":"index","follow":"follow","max-snippet":"max-snippet:-1","max-image-preview":"max-image-preview:large","max-video-preview":"max-video-preview:-1"},"canonical":"https:\/\/nordic-c.com\/da\/tradition\/","og_locale":"da_DK","og_type":"article","og_title":"Tradition - Nordic-C ApS","og_description":"[vc_row full_width=&#8221;stretch_row&#8221;][vc_column][\/vc_column][\/vc_row][vc_row full_width=&#8221;stretch_row&#8221;][vc_column offset=&#8221;vc_col-lg-8 vc_col-md-8 vc_col-xs-12&#8243;][vc_column_text] Tradition Tradition er vores klassiske nordiske design stole. Udviklingen af produkterne i vores Tradition sortiment tager udgangspunkt i virksomhedens oprindelse, og har altid taget udgangspunkt i den optimale siddekomfort, som er optimeret og udviklet lide siden. Vi har derfor mere end 40 \u00e5rs erfaring med at skabe den optimale ... L\u00e6s mere","og_url":"https:\/\/nordic-c.com\/da\/tradition\/","og_site_name":"Nordic-C ApS","article_modified_time":"2021-10-01T10:41:49+00:00","twitter_card":"summary_large_image","twitter_misc":{"Estimeret l\u00e6setid":"1 minut"},"schema":{"@context":"https:\/\/schema.org","@graph":[{"@type":"WebPage","@id":"https:\/\/nordic-c.com\/da\/tradition\/","url":"https:\/\/nordic-c.com\/da\/tradition\/","name":"Tradition - Nordic-C ApS","isPartOf":{"@id":"https:\/\/nordic-c.com\/de\/#website"},"datePublished":"2020-06-17T06:03:57+00:00","dateModified":"2021-10-01T10:41:49+00:00","breadcrumb":{"@id":"https:\/\/nordic-c.com\/da\/tradition\/#breadcrumb"},"inLanguage":"da-DK","potentialAction":[{"@type":"ReadAction","target":["https:\/\/nordic-c.com\/da\/tradition\/"]}]},{"@type":"BreadcrumbList","@id":"https:\/\/nordic-c.com\/da\/tradition\/#breadcrumb","itemListElement":[{"@type":"ListItem","position":1,"name":"Hjem","item":"https:\/\/nordic-c.com\/da\/"},{"@type":"ListItem","position":2,"name":"Tradition"}]},{"@type":"WebSite","@id":"https:\/\/nordic-c.com\/de\/#website","url":"https:\/\/nordic-c.com\/de\/","name":"Nordic-C ApS","description":"Designstole, stole, designm\u00f8bler, l\u00e6nestole, dansk design","publisher":{"@id":"https:\/\/nordic-c.com\/de\/#organization"},"potentialAction":[{"@type":"SearchAction","target":{"@type":"EntryPoint","urlTemplate":"https:\/\/nordic-c.com\/de\/?s={search_term_string}"},"query-input":{"@type":"PropertyValueSpecification","valueRequired":true,"valueName":"search_term_string"}}],"inLanguage":"da-DK"},{"@type":"Organization","@id":"https:\/\/nordic-c.com\/de\/#organization","name":"Nordic-C ApS","url":"https:\/\/nordic-c.com\/de\/","logo":{"@type":"ImageObject","inLanguage":"da-DK","@id":"https:\/\/nordic-c.com\/de\/#\/schema\/logo\/image\/","url":"https:\/\/nordic-c.com\/wp-content\/uploads\/2020\/06\/nordic-c_logo.svg","contentUrl":"https:\/\/nordic-c.com\/wp-content\/uploads\/2020\/06\/nordic-c_logo.svg","width":426,"height":64,"caption":"Nordic-C ApS"},"image":{"@id":"https:\/\/nordic-c.com\/de\/#\/schema\/logo\/image\/"}}]}},"_links":{"self":[{"href":"https:\/\/nordic-c.com\/da\/wp-json\/wp\/v2\/pages\/1244"}],"collection":[{"href":"https:\/\/nordic-c.com\/da\/wp-json\/wp\/v2\/pages"}],"about":[{"href":"https:\/\/nordic-c.com\/da\/wp-json\/wp\/v2\/types\/page"}],"author":[{"embeddable":true,"href":"https:\/\/nordic-c.com\/da\/wp-json\/wp\/v2\/users\/1"}],"replies":[{"embeddable":true,"href":"https:\/\/nordic-c.com\/da\/wp-json\/wp\/v2\/comments?post=1244"}],"version-history":[{"count":5,"href":"https:\/\/nordic-c.com\/da\/wp-json\/wp\/v2\/pages\/1244\/revisions"}],"predecessor-version":[{"id":6965,"href":"https:\/\/nordic-c.com\/da\/wp-json\/wp\/v2\/pages\/1244\/revisions\/6965"}],"wp:attachment":[{"href":"https:\/\/nordic-c.com\/da\/wp-json\/wp\/v2\/media?parent=1244"}],"wp:term":[{"taxonomy":"category","embeddable":true,"href":"https:\/\/nordic-c.com\/da\/wp-json\/wp\/v2\/categories?post=1244"}],"curies":[{"name":"wp","href":"https:\/\/api.w.org\/{rel}","templated":true}]}}