{"id":1243,"date":"2020-06-17T08:03:57","date_gmt":"2020-06-17T06:03:57","guid":{"rendered":"https:\/\/nordic-c.com\/living\/"},"modified":"2020-07-10T08:38:31","modified_gmt":"2020-07-10T06:38:31","slug":"living","status":"publish","type":"page","link":"https:\/\/nordic-c.com\/da\/living\/","title":{"rendered":"Living"},"content":{"rendered":"<div class=\"wpb-content-wrapper\"><p>[vc_row full_width=&#8221;stretch_row&#8221;][vc_column]<div class=\"ult-spacer spacer-69ea483c86045\" data-id=\"69ea483c86045\" data-height=\"90\" data-height-mobile=\"60\" data-height-tab=\"90\" data-height-tab-portrait=\"60\" data-height-mobile-landscape=\"60\" style=\"clear:both;display:block;\"><\/div>[\/vc_column][\/vc_row][vc_row full_width=&#8221;stretch_row&#8221;][vc_column offset=&#8221;vc_col-lg-8 vc_col-md-8 vc_col-xs-12&#8243;][vc_column_text]<\/p>\n<h1>Living<\/h1>\n<p>Living er en r\u00e6kke elegante og stilfulde l\u00e6nestole i moderne design. Produkternes tager udgangspunkt i designet af er den formst\u00f8bte koldskum, som sikre den optimale og unikke siddekomfort i mange \u00e5r. Det formst\u00f8bte koldskum bliver st\u00f8bt p\u00e5 en solid metalramme, hvorefter stolen bliver samlet og p\u00e5f\u00f8rt dit \u00f8nskede betr\u00e6k og sokkel.<\/p>\n<p>Vi g\u00e5r ikke p\u00e5 kompromis med kvaliteten i Living, og benytter kun markedets h\u00f8jeste kvaliteter, fra det Europ\u00e6iske st\u00e5l i metalrammen, skummet sokler, og betr\u00e6k.<br \/>\nLiving er stole produceret i Europa, og lever derfor op til EU standarder, og sikrer samtidig at vi kan tilbyde dig dine egne valg med kort leveringstid.<\/p>\n<p>I Living indg\u00e5r blandt andet vores kendte LUX program og vores Stole p\u00e5 det komplette nordiske inspireret egetr\u00e6s skal. Living er l\u00e6nestole i vores design, men tilpasset dine valg og \u00f8nsker, fra Tekstil\/l\u00e6der betr\u00e6k og farve, samt valg af sokkel og h\u00f8jde.[\/vc_column_text]<div class=\"ult-spacer spacer-69ea483c86096\" data-id=\"69ea483c86096\" data-height=\"0\" data-height-mobile=\"60\" data-height-tab=\"0\" data-height-tab-portrait=\"60\" data-height-mobile-landscape=\"60\" style=\"clear:both;display:block;\"><\/div>[\/vc_column][vc_column offset=&#8221;vc_col-lg-4 vc_col-md-4 vc_col-xs-12&#8243;][vc_widget_sidebar sidebar_id=&#8221;sidebar-1&#8243; el_class=&#8221;contact-sidebar&#8221;][\/vc_column][\/vc_row][vc_row full_width=&#8221;stretch_row&#8221;][vc_column]<div class=\"ult-spacer spacer-69ea483c860bf\" data-id=\"69ea483c860bf\" data-height=\"90\" data-height-mobile=\"60\" data-height-tab=\"90\" data-height-tab-portrait=\"60\" data-height-mobile-landscape=\"60\" style=\"clear:both;display:block;\"><\/div>[\/vc_column][\/vc_row]<\/p>\n<\/div>","protected":false},"excerpt":{"rendered":"<p>[vc_row full_width=&#8221;stretch_row&#8221;][vc_column][\/vc_column][\/vc_row][vc_row full_width=&#8221;stretch_row&#8221;][vc_column offset=&#8221;vc_col-lg-8 vc_col-md-8 vc_col-xs-12&#8243;][vc_column_text] Living Living er en r\u00e6kke elegante og stilfulde l\u00e6nestole i moderne design. Produkternes tager udgangspunkt i designet af er den formst\u00f8bte koldskum, som sikre den optimale og unikke siddekomfort i mange \u00e5r. Det formst\u00f8bte koldskum bliver st\u00f8bt p\u00e5 en solid metalramme, hvorefter stolen bliver samlet og p\u00e5f\u00f8rt dit \u00f8nskede &#8230; <a title=\"Living\" class=\"read-more\" href=\"https:\/\/nordic-c.com\/da\/living\/\" aria-label=\"Read more about Living\">L\u00e6s mere <\/a><\/p>\n","protected":false},"author":1,"featured_media":0,"parent":0,"menu_order":2,"comment_status":"closed","ping_status":"closed","template":"","meta":{"footnotes":""},"categories":[],"class_list":["post-1243","page","type-page","status-publish"],"acf":[],"yoast_head":"<!-- This site is optimized with the Yoast SEO plugin v23.5 - https:\/\/yoast.com\/wordpress\/plugins\/seo\/ -->\n<title>Living - Nordic-C ApS<\/title>\n<meta name=\"robots\" content=\"index, follow, max-snippet:-1, max-image-preview:large, max-video-preview:-1\" \/>\n<link rel=\"canonical\" href=\"https:\/\/nordic-c.com\/da\/living\/\" \/>\n<meta property=\"og:locale\" content=\"da_DK\" \/>\n<meta property=\"og:type\" content=\"article\" \/>\n<meta property=\"og:title\" content=\"Living - Nordic-C ApS\" \/>\n<meta property=\"og:description\" content=\"[vc_row full_width=&#8221;stretch_row&#8221;][vc_column][\/vc_column][\/vc_row][vc_row full_width=&#8221;stretch_row&#8221;][vc_column offset=&#8221;vc_col-lg-8 vc_col-md-8 vc_col-xs-12&#8243;][vc_column_text] Living Living er en r\u00e6kke elegante og stilfulde l\u00e6nestole i moderne design. Produkternes tager udgangspunkt i designet af er den formst\u00f8bte koldskum, som sikre den optimale og unikke siddekomfort i mange \u00e5r. Det formst\u00f8bte koldskum bliver st\u00f8bt p\u00e5 en solid metalramme, hvorefter stolen bliver samlet og p\u00e5f\u00f8rt dit \u00f8nskede ... L\u00e6s mere\" \/>\n<meta property=\"og:url\" content=\"https:\/\/nordic-c.com\/da\/living\/\" \/>\n<meta property=\"og:site_name\" content=\"Nordic-C ApS\" \/>\n<meta property=\"article:modified_time\" content=\"2020-07-10T06:38:31+00:00\" \/>\n<meta name=\"twitter:card\" content=\"summary_large_image\" \/>\n<meta name=\"twitter:label1\" content=\"Estimeret l\u00e6setid\" \/>\n\t<meta name=\"twitter:data1\" content=\"1 minut\" \/>\n<script type=\"application\/ld+json\" class=\"yoast-schema-graph\">{\"@context\":\"https:\/\/schema.org\",\"@graph\":[{\"@type\":\"WebPage\",\"@id\":\"https:\/\/nordic-c.com\/da\/living\/\",\"url\":\"https:\/\/nordic-c.com\/da\/living\/\",\"name\":\"Living - Nordic-C ApS\",\"isPartOf\":{\"@id\":\"https:\/\/nordic-c.com\/de\/#website\"},\"datePublished\":\"2020-06-17T06:03:57+00:00\",\"dateModified\":\"2020-07-10T06:38:31+00:00\",\"breadcrumb\":{\"@id\":\"https:\/\/nordic-c.com\/da\/living\/#breadcrumb\"},\"inLanguage\":\"da-DK\",\"potentialAction\":[{\"@type\":\"ReadAction\",\"target\":[\"https:\/\/nordic-c.com\/da\/living\/\"]}]},{\"@type\":\"BreadcrumbList\",\"@id\":\"https:\/\/nordic-c.com\/da\/living\/#breadcrumb\",\"itemListElement\":[{\"@type\":\"ListItem\",\"position\":1,\"name\":\"Hjem\",\"item\":\"https:\/\/nordic-c.com\/da\/\"},{\"@type\":\"ListItem\",\"position\":2,\"name\":\"Living\"}]},{\"@type\":\"WebSite\",\"@id\":\"https:\/\/nordic-c.com\/de\/#website\",\"url\":\"https:\/\/nordic-c.com\/de\/\",\"name\":\"Nordic-C ApS\",\"description\":\"Designstole, stole, designm\u00f8bler, l\u00e6nestole, dansk design\",\"publisher\":{\"@id\":\"https:\/\/nordic-c.com\/de\/#organization\"},\"potentialAction\":[{\"@type\":\"SearchAction\",\"target\":{\"@type\":\"EntryPoint\",\"urlTemplate\":\"https:\/\/nordic-c.com\/de\/?s={search_term_string}\"},\"query-input\":{\"@type\":\"PropertyValueSpecification\",\"valueRequired\":true,\"valueName\":\"search_term_string\"}}],\"inLanguage\":\"da-DK\"},{\"@type\":\"Organization\",\"@id\":\"https:\/\/nordic-c.com\/de\/#organization\",\"name\":\"Nordic-C ApS\",\"url\":\"https:\/\/nordic-c.com\/de\/\",\"logo\":{\"@type\":\"ImageObject\",\"inLanguage\":\"da-DK\",\"@id\":\"https:\/\/nordic-c.com\/de\/#\/schema\/logo\/image\/\",\"url\":\"https:\/\/nordic-c.com\/wp-content\/uploads\/2020\/06\/nordic-c_logo.svg\",\"contentUrl\":\"https:\/\/nordic-c.com\/wp-content\/uploads\/2020\/06\/nordic-c_logo.svg\",\"width\":426,\"height\":64,\"caption\":\"Nordic-C ApS\"},\"image\":{\"@id\":\"https:\/\/nordic-c.com\/de\/#\/schema\/logo\/image\/\"}}]}<\/script>\n<!-- \/ Yoast SEO plugin. -->","yoast_head_json":{"title":"Living - Nordic-C ApS","robots":{"index":"index","follow":"follow","max-snippet":"max-snippet:-1","max-image-preview":"max-image-preview:large","max-video-preview":"max-video-preview:-1"},"canonical":"https:\/\/nordic-c.com\/da\/living\/","og_locale":"da_DK","og_type":"article","og_title":"Living - Nordic-C ApS","og_description":"[vc_row full_width=&#8221;stretch_row&#8221;][vc_column][\/vc_column][\/vc_row][vc_row full_width=&#8221;stretch_row&#8221;][vc_column offset=&#8221;vc_col-lg-8 vc_col-md-8 vc_col-xs-12&#8243;][vc_column_text] Living Living er en r\u00e6kke elegante og stilfulde l\u00e6nestole i moderne design. Produkternes tager udgangspunkt i designet af er den formst\u00f8bte koldskum, som sikre den optimale og unikke siddekomfort i mange \u00e5r. Det formst\u00f8bte koldskum bliver st\u00f8bt p\u00e5 en solid metalramme, hvorefter stolen bliver samlet og p\u00e5f\u00f8rt dit \u00f8nskede ... L\u00e6s mere","og_url":"https:\/\/nordic-c.com\/da\/living\/","og_site_name":"Nordic-C ApS","article_modified_time":"2020-07-10T06:38:31+00:00","twitter_card":"summary_large_image","twitter_misc":{"Estimeret l\u00e6setid":"1 minut"},"schema":{"@context":"https:\/\/schema.org","@graph":[{"@type":"WebPage","@id":"https:\/\/nordic-c.com\/da\/living\/","url":"https:\/\/nordic-c.com\/da\/living\/","name":"Living - Nordic-C ApS","isPartOf":{"@id":"https:\/\/nordic-c.com\/de\/#website"},"datePublished":"2020-06-17T06:03:57+00:00","dateModified":"2020-07-10T06:38:31+00:00","breadcrumb":{"@id":"https:\/\/nordic-c.com\/da\/living\/#breadcrumb"},"inLanguage":"da-DK","potentialAction":[{"@type":"ReadAction","target":["https:\/\/nordic-c.com\/da\/living\/"]}]},{"@type":"BreadcrumbList","@id":"https:\/\/nordic-c.com\/da\/living\/#breadcrumb","itemListElement":[{"@type":"ListItem","position":1,"name":"Hjem","item":"https:\/\/nordic-c.com\/da\/"},{"@type":"ListItem","position":2,"name":"Living"}]},{"@type":"WebSite","@id":"https:\/\/nordic-c.com\/de\/#website","url":"https:\/\/nordic-c.com\/de\/","name":"Nordic-C ApS","description":"Designstole, stole, designm\u00f8bler, l\u00e6nestole, dansk design","publisher":{"@id":"https:\/\/nordic-c.com\/de\/#organization"},"potentialAction":[{"@type":"SearchAction","target":{"@type":"EntryPoint","urlTemplate":"https:\/\/nordic-c.com\/de\/?s={search_term_string}"},"query-input":{"@type":"PropertyValueSpecification","valueRequired":true,"valueName":"search_term_string"}}],"inLanguage":"da-DK"},{"@type":"Organization","@id":"https:\/\/nordic-c.com\/de\/#organization","name":"Nordic-C ApS","url":"https:\/\/nordic-c.com\/de\/","logo":{"@type":"ImageObject","inLanguage":"da-DK","@id":"https:\/\/nordic-c.com\/de\/#\/schema\/logo\/image\/","url":"https:\/\/nordic-c.com\/wp-content\/uploads\/2020\/06\/nordic-c_logo.svg","contentUrl":"https:\/\/nordic-c.com\/wp-content\/uploads\/2020\/06\/nordic-c_logo.svg","width":426,"height":64,"caption":"Nordic-C ApS"},"image":{"@id":"https:\/\/nordic-c.com\/de\/#\/schema\/logo\/image\/"}}]}},"_links":{"self":[{"href":"https:\/\/nordic-c.com\/da\/wp-json\/wp\/v2\/pages\/1243"}],"collection":[{"href":"https:\/\/nordic-c.com\/da\/wp-json\/wp\/v2\/pages"}],"about":[{"href":"https:\/\/nordic-c.com\/da\/wp-json\/wp\/v2\/types\/page"}],"author":[{"embeddable":true,"href":"https:\/\/nordic-c.com\/da\/wp-json\/wp\/v2\/users\/1"}],"replies":[{"embeddable":true,"href":"https:\/\/nordic-c.com\/da\/wp-json\/wp\/v2\/comments?post=1243"}],"version-history":[{"count":7,"href":"https:\/\/nordic-c.com\/da\/wp-json\/wp\/v2\/pages\/1243\/revisions"}],"predecessor-version":[{"id":1419,"href":"https:\/\/nordic-c.com\/da\/wp-json\/wp\/v2\/pages\/1243\/revisions\/1419"}],"wp:attachment":[{"href":"https:\/\/nordic-c.com\/da\/wp-json\/wp\/v2\/media?parent=1243"}],"wp:term":[{"taxonomy":"category","embeddable":true,"href":"https:\/\/nordic-c.com\/da\/wp-json\/wp\/v2\/categories?post=1243"}],"curies":[{"name":"wp","href":"https:\/\/api.w.org\/{rel}","templated":true}]}}